{"id":286691,"date":"2024-02-07T01:14:20","date_gmt":"2024-02-06T23:14:20","guid":{"rendered":"https:\/\/www.huntersfriend.eu\/product\/sordin-supreme-pro-x-led-camo\/"},"modified":"2025-08-26T11:40:53","modified_gmt":"2025-08-26T09:40:53","slug":"sordin-supreme-pro-x-led-camo","status":"publish","type":"product","link":"https:\/\/www.huntersfriend.eu\/sv\/produkt\/sordin-supreme-pro-x-led-camo\/","title":{"rendered":"Sordin supreme pro-x led camo"},"content":{"rendered":"<p>H\u00f6gkvalitativt MSA Sordin Supreme Pro-X aktivt h\u00f6rselskydd som t\u00e5l tuffa f\u00f6rh\u00e5llanden. Pro-X-modellens elektronik, mikrofon och batterifack \u00e4r helt vattent\u00e4ta. Skyddets elektronik har 5 \u00e5rs garanti. I LED-modellen finns \u00e4ven gelkuddar och en LED-lampa med automatisk avst\u00e4ngning. F\u00e4rg: camo    <\/p>\n<p>Tekniska specifikationer:<\/p>\n<ul>\n<li>Str\u00f6mk\u00e4lla 2 x AAA-batteri<\/li>\n<li>Drifttid ca 600 timmar <\/li>\n<li>Automatisk avst\u00e4ngning och varningssignal f\u00f6r l\u00e5gt batteri<\/li>\n<li>Aux- och 3,5 mm mono-uttag f\u00f6r anslutning av enheter som till exempel en komradio<\/li>\n<li>Bra f\u00f6rst\u00e4rkningsf\u00f6rm\u00e5ga f\u00f6r omgivningsljud och 5-stegs volymkontroll<\/li>\n<li>D\u00e4mpning av starka ljud upp till 82 dB<\/li>\n<li>Vikt 310 g Batterianv\u00e4ndningsindikator<\/li>\n<\/ul>\n","protected":false},"excerpt":{"rendered":"<p>H\u00f6gkvalitativt MSA Sordin Supreme Pro-X aktivt h\u00f6rselskydd som t\u00e5l tuffa f\u00f6rh\u00e5llanden. Pro-X-modellens elektronik, mikrofon och batterifack \u00e4r helt vattent\u00e4ta. Skyddets elektronik har 5 \u00e5rs garanti. I LED-modellen finns \u00e4ven gelkuddar och en LED-lampa med automatisk avst\u00e4ngning. F\u00e4rg: camo Tekniska specifikationer: Str\u00f6mk\u00e4lla 2 x AAA-batteri Drifttid ca 600 timmar Automatisk avst\u00e4ngning och varningssignal f\u00f6r l\u00e5gt batteri [&#8230;]\n","protected":false},"featured_media":286697,"comment_status":"open","ping_status":"closed","template":"","meta":[],"product_brand":[],"product_cat":[2692],"product_tag":[],"class_list":{"0":"post-286691","1":"product","2":"type-product","3":"status-publish","4":"has-post-thumbnail","6":"product_cat-ogon-och-horselskydd","8":"first","9":"instock","10":"taxable","11":"shipping-taxable","12":"purchasable","13":"product-type-simple"},"composite_virtual":false,"composite_layout":"","composite_add_to_cart_form_location":"","composite_editable_in_cart":false,"composite_sold_individually_context":"","composite_shop_price_calc":"","composite_components":[],"composite_scenarios":[],"group_of_quantity":0,"min_quantity":0,"max_quantity":"","exclude_order_quantity_value_rules":"no","exclude_category_quantity_rules":"no","combine_variations":"no","exclude_global_add_ons":[],"addons":[],"_links":{"self":[{"href":"https:\/\/www.huntersfriend.eu\/sv\/wp-json\/wp\/v2\/product\/286691","targetHints":{"allow":["GET"]}}],"collection":[{"href":"https:\/\/www.huntersfriend.eu\/sv\/wp-json\/wp\/v2\/product"}],"about":[{"href":"https:\/\/www.huntersfriend.eu\/sv\/wp-json\/wp\/v2\/types\/product"}],"replies":[{"embeddable":true,"href":"https:\/\/www.huntersfriend.eu\/sv\/wp-json\/wp\/v2\/comments?post=286691"}],"wp:featuredmedia":[{"embeddable":true,"href":"https:\/\/www.huntersfriend.eu\/sv\/wp-json\/wp\/v2\/media\/286697"}],"wp:attachment":[{"href":"https:\/\/www.huntersfriend.eu\/sv\/wp-json\/wp\/v2\/media?parent=286691"}],"wp:term":[{"taxonomy":"product_brand","embeddable":true,"href":"https:\/\/www.huntersfriend.eu\/sv\/wp-json\/wp\/v2\/product_brand?post=286691"},{"taxonomy":"product_cat","embeddable":true,"href":"https:\/\/www.huntersfriend.eu\/sv\/wp-json\/wp\/v2\/product_cat?post=286691"},{"taxonomy":"product_tag","embeddable":true,"href":"https:\/\/www.huntersfriend.eu\/sv\/wp-json\/wp\/v2\/product_tag?post=286691"}],"curies":[{"name":"wp","href":"https:\/\/api.w.org\/{rel}","templated":true}]}}