{"id":286690,"date":"2024-02-07T01:14:26","date_gmt":"2024-02-06T23:14:26","guid":{"rendered":"https:\/\/www.huntersfriend.eu\/product\/svala-flygbas-originaltroja\/"},"modified":"2025-08-26T11:40:52","modified_gmt":"2025-08-26T09:40:52","slug":"svala-flygbas-originaltroja","status":"publish","type":"product","link":"https:\/\/www.huntersfriend.eu\/sv\/produkt\/svala-flygbas-originaltroja\/","title":{"rendered":"Svala flygbas originaltr\u00f6ja"},"content":{"rendered":"<p>Denna m\u00e5ngsidiga och h\u00f6gteknologiska l\u00e5ng\u00e4rmade undertr\u00f6ja \u00e4r perfekt f\u00f6r varierande f\u00f6rh\u00e5llanden. L\u00e4mplig f\u00f6r professionellt bruk och fritidsbruk \u00e5ret runt. Denna \u00e5tsittande design har en rund hals och \u00e5tsittande \u00e4rmar. F\u00e5llen \u00e4r ocks\u00e5 l\u00e4ngre baktill f\u00f6r extra komfort. 100 % polypropen, silverjoniserad\/antibakteriell. Kvadratvikt: 120 g\/m2    <\/p>\n<p>Materialet \u00e4r tillverkat av en mycket flexibel och hudv\u00e4nlig silverjoniserad polypropenmesh. Maskstickningens \u00f6glor lagrar luft som sedan anpassar sig till kroppstemperaturen och balanserar eventuella variationer i omgivningstemperaturen.  Polypropen absorberar inte fukt, utan transporterar bort den fr\u00e5n huden och h\u00e5ller den alltid torr. Silverjonisering f\u00f6rhindrar tillv\u00e4xt av bakterier, s\u00e5 plagget h\u00e5ller sig luktfritt och fr\u00e4scht l\u00e4ngre. Behandlingen g\u00f6rs i fiberns k\u00e4rna i tillverkningsstadiet, s\u00e5 plagget beh\u00e5ller sina egenskaper under hela sin livscykel. Alla s\u00f6mmar \u00e4r flatlocks\u00f6mmar, s\u00e5 produkten \u00e4r bekv\u00e4m att b\u00e4ra och trycker eller skaver inte mot huden.   <\/p>\n<div class=\"detail-container\">\n<p class=\"detail-label\"><b>Vikt<\/b><\/p>\n<p class=\"detail-content\">120 g\/m\u00b2<\/p>\n<\/div>\n<div class=\"detail-container\">\n<p class=\"detail-label\"><b>Material<\/b><\/p>\n<p class=\"detail-content\">100 % polypropen, silverjoniserad<\/p>\n<\/div>\n<div class=\"detail-container\">\n<p class=\"detail-label\"><b>Design och produktion<\/b><\/p>\n<p class=\"detail-content\">Finland<\/p>\n<\/div>\n<p>&nbsp;<\/p>\n","protected":false},"excerpt":{"rendered":"<p>Denna m\u00e5ngsidiga och h\u00f6gteknologiska l\u00e5ng\u00e4rmade undertr\u00f6ja \u00e4r perfekt f\u00f6r varierande f\u00f6rh\u00e5llanden. L\u00e4mplig f\u00f6r professionellt bruk och fritidsbruk \u00e5ret runt. Denna \u00e5tsittande design har en rund hals och \u00e5tsittande \u00e4rmar. F\u00e5llen \u00e4r ocks\u00e5 l\u00e4ngre baktill f\u00f6r extra komfort. 100 % polypropen, silverjoniserad\/antibakteriell. Kvadratvikt: 120 g\/m2 Materialet \u00e4r tillverkat av en mycket flexibel och hudv\u00e4nlig silverjoniserad polypropenmesh. [&#8230;]\n","protected":false},"featured_media":286692,"comment_status":"open","ping_status":"closed","template":"","meta":[],"product_brand":[],"product_cat":[878],"product_tag":[],"class_list":{"0":"post-286690","1":"product","2":"type-product","3":"status-publish","4":"has-post-thumbnail","6":"product_cat-uncategorized-sv","8":"first","9":"outofstock","10":"taxable","11":"shipping-taxable","12":"purchasable","13":"product-type-variable"},"composite_virtual":false,"composite_layout":"","composite_add_to_cart_form_location":"","composite_editable_in_cart":false,"composite_sold_individually_context":"","composite_shop_price_calc":"","composite_components":[],"composite_scenarios":[],"group_of_quantity":0,"min_quantity":0,"max_quantity":"","exclude_order_quantity_value_rules":"no","exclude_category_quantity_rules":"no","combine_variations":"no","exclude_global_add_ons":[],"addons":[],"_links":{"self":[{"href":"https:\/\/www.huntersfriend.eu\/sv\/wp-json\/wp\/v2\/product\/286690","targetHints":{"allow":["GET"]}}],"collection":[{"href":"https:\/\/www.huntersfriend.eu\/sv\/wp-json\/wp\/v2\/product"}],"about":[{"href":"https:\/\/www.huntersfriend.eu\/sv\/wp-json\/wp\/v2\/types\/product"}],"replies":[{"embeddable":true,"href":"https:\/\/www.huntersfriend.eu\/sv\/wp-json\/wp\/v2\/comments?post=286690"}],"wp:featuredmedia":[{"embeddable":true,"href":"https:\/\/www.huntersfriend.eu\/sv\/wp-json\/wp\/v2\/media\/286692"}],"wp:attachment":[{"href":"https:\/\/www.huntersfriend.eu\/sv\/wp-json\/wp\/v2\/media?parent=286690"}],"wp:term":[{"taxonomy":"product_brand","embeddable":true,"href":"https:\/\/www.huntersfriend.eu\/sv\/wp-json\/wp\/v2\/product_brand?post=286690"},{"taxonomy":"product_cat","embeddable":true,"href":"https:\/\/www.huntersfriend.eu\/sv\/wp-json\/wp\/v2\/product_cat?post=286690"},{"taxonomy":"product_tag","embeddable":true,"href":"https:\/\/www.huntersfriend.eu\/sv\/wp-json\/wp\/v2\/product_tag?post=286690"}],"curies":[{"name":"wp","href":"https:\/\/api.w.org\/{rel}","templated":true}]}}