{"id":286665,"date":"2024-02-07T01:14:17","date_gmt":"2024-02-06T23:14:17","guid":{"rendered":"https:\/\/www.huntersfriend.eu\/product\/tradlost-jaktlarm\/"},"modified":"2026-01-19T13:16:09","modified_gmt":"2026-01-19T11:16:09","slug":"tradlost-jaktlarm","status":"publish","type":"product","link":"https:\/\/www.huntersfriend.eu\/sv\/produkt\/tradlost-jaktlarm\/","title":{"rendered":"Tr\u00e5dl\u00f6st jaktlarm"},"content":{"rendered":"<p>Viltlarmsystemet fungerar enligt samma princip som en r\u00f6relsedetektor. Missa aldrig mer passerande vilt! Placera helt enkelt sensorn n\u00e4ra en utfodringsplats eller en viltstig. Lutningsvinkeln \u00e4r justerbar. N\u00e4r ett djur kommer in i sensorns detekteringsomr\u00e5de skickar den tr\u00e5dl\u00f6st en signal till mottagaren. En h\u00f6gtalare larmar dig sedan om bes\u00f6karen. Signaltonens volym \u00e4r justerbar, och med de medf\u00f6ljande h\u00f6rlurarna \u00e4r ett tyst larm ocks\u00e5 m\u00f6jligt. Med en r\u00e4ckvidd p\u00e5 upp till 100 m mellan s\u00e4ndare och mottagare ger viltlarmet dig v\u00e4rdefull tid att observera djuret.       <\/p>\n<p>Viktiga funktioner:<\/p>\n<ul>\n<li>Viltlarm med h\u00f6gtalare<\/li>\n<li>Justerbar volym p\u00e5 signaltonen<\/li>\n<li>\u201cTyst larm\u201d m\u00f6jligt med h\u00f6rlurar<\/li>\n<li>Detekteringsomr\u00e5de 90\u00b0<\/li>\n<li>Detekteringsomr\u00e5de cirka 8 m<\/li>\n<li>S\u00e4ndarens r\u00e4ckvidd till mottagaren upp till 100 m<\/li>\n<li>Regns\u00e4ker IR-sensor<\/li>\n<li>Enkel installation med medf\u00f6ljande rem<\/li>\n<li>2 sensorer<\/li>\n<\/ul>\n<p>F\u00f6r att anv\u00e4nda enheten beh\u00f6ver du 3 x AAA-batterier och 1 x 9V-batteri per sensor.<\/p>\n","protected":false},"excerpt":{"rendered":"<p>Viltlarmsystemet fungerar enligt samma princip som en r\u00f6relsedetektor. Missa aldrig mer passerande vilt! Placera helt enkelt sensorn n\u00e4ra en utfodringsplats eller en viltstig. Lutningsvinkeln \u00e4r justerbar. N\u00e4r ett djur kommer in i sensorns detekteringsomr\u00e5de skickar den tr\u00e5dl\u00f6st en signal till mottagaren. En h\u00f6gtalare larmar dig sedan om bes\u00f6karen. Signaltonens volym \u00e4r justerbar, och med de [&#8230;]\n","protected":false},"featured_media":286666,"comment_status":"open","ping_status":"closed","template":"","meta":[],"product_brand":[],"product_cat":[2568,2708],"product_tag":[],"class_list":{"0":"post-286665","1":"product","2":"type-product","3":"status-publish","4":"has-post-thumbnail","6":"product_cat-jakt-tillbehor","7":"product_cat-viltkameror","9":"first","10":"instock","11":"featured","12":"taxable","13":"shipping-taxable","14":"purchasable","15":"product-type-simple"},"composite_virtual":false,"composite_layout":"","composite_add_to_cart_form_location":"","composite_editable_in_cart":false,"composite_sold_individually_context":"","composite_shop_price_calc":"","composite_components":[],"composite_scenarios":[],"group_of_quantity":0,"min_quantity":0,"max_quantity":"","exclude_order_quantity_value_rules":"no","exclude_category_quantity_rules":"no","combine_variations":"no","exclude_global_add_ons":[],"addons":[],"_links":{"self":[{"href":"https:\/\/www.huntersfriend.eu\/sv\/wp-json\/wp\/v2\/product\/286665","targetHints":{"allow":["GET"]}}],"collection":[{"href":"https:\/\/www.huntersfriend.eu\/sv\/wp-json\/wp\/v2\/product"}],"about":[{"href":"https:\/\/www.huntersfriend.eu\/sv\/wp-json\/wp\/v2\/types\/product"}],"replies":[{"embeddable":true,"href":"https:\/\/www.huntersfriend.eu\/sv\/wp-json\/wp\/v2\/comments?post=286665"}],"wp:featuredmedia":[{"embeddable":true,"href":"https:\/\/www.huntersfriend.eu\/sv\/wp-json\/wp\/v2\/media\/286666"}],"wp:attachment":[{"href":"https:\/\/www.huntersfriend.eu\/sv\/wp-json\/wp\/v2\/media?parent=286665"}],"wp:term":[{"taxonomy":"product_brand","embeddable":true,"href":"https:\/\/www.huntersfriend.eu\/sv\/wp-json\/wp\/v2\/product_brand?post=286665"},{"taxonomy":"product_cat","embeddable":true,"href":"https:\/\/www.huntersfriend.eu\/sv\/wp-json\/wp\/v2\/product_cat?post=286665"},{"taxonomy":"product_tag","embeddable":true,"href":"https:\/\/www.huntersfriend.eu\/sv\/wp-json\/wp\/v2\/product_tag?post=286665"}],"curies":[{"name":"wp","href":"https:\/\/api.w.org\/{rel}","templated":true}]}}