{"id":286662,"date":"2024-02-07T01:14:07","date_gmt":"2024-02-06T23:14:07","guid":{"rendered":"https:\/\/www.huntersfriend.eu\/product\/alpenheat-universaldry-tork\/"},"modified":"2025-08-26T11:40:45","modified_gmt":"2025-08-26T09:40:45","slug":"alpenheat-universaldry-tork","status":"publish","type":"product","link":"https:\/\/www.huntersfriend.eu\/sv\/produkt\/alpenheat-universaldry-tork\/","title":{"rendered":"Alpenheat UniversalDry tork"},"content":{"rendered":"<p>Med sina 3 olika tillbeh\u00f6r kan UniversalDry torka antingen 1 par eller 2 par skor samtidigt. St\u00f6vlar kan ocks\u00e5 torkas snabbt med hj\u00e4lp av de f\u00f6rl\u00e4ngningsbara, flexibla slangarna som n\u00e5r \u00e4nda ner i t\u00e5omr\u00e5det. Den h\u00f6gpresterande, tystg\u00e5ende, roterande fl\u00e4kten bl\u00e5ser luft in i plaggen \u2013 eventuellt p\u00e5 en av de tv\u00e5 v\u00e4rmeniv\u00e5erna, s\u00e5 att alla typer av skor, st\u00f6vlar och handskar kan torkas snabbt men ocks\u00e5 skonsamt. UniversalDry kan sl\u00e5s p\u00e5 antingen i kontinuerligt l\u00e4ge eller med 3-timmars timern. Det \u00e4r l\u00e4tt att hitta plats f\u00f6r UniversalDry tack vare de olika monteringsmetoderna: v\u00e4gg eller frist\u00e5ende. L\u00e4mplig f\u00f6r alla typer av skor, oavsett om det \u00e4r sport-, fritids- eller vardagsskor och rekommenderas speciellt f\u00f6r h\u00f6ga st\u00f6vlar: gummist\u00f6vlar, vinter-, rid-, jakt-, fiske-, vandrings-, skid- och snowboardst\u00f6vlar!    <\/p>\n<h4>Huvudfunktioner<strong>:<\/strong><\/h4>\n<ul>\n<li>Reducerar lukt och bakterier<\/li>\n<li>Torkar skor\/st\u00f6vlar\/handskar\/hj\u00e4lmar\/hattar och andra plagg<\/li>\n<li>3 olika tillbeh\u00f6r:\n<ul>\n<li>Adapter f\u00f6r 1 par skor eller handskar<\/li>\n<li>Adapter f\u00f6r 2 par skor eller handskar<\/li>\n<li>Adapter med flexibla slangar f\u00f6r 1 par st\u00f6vlar<\/li>\n<\/ul>\n<\/li>\n<li>2 v\u00e4rmeinst\u00e4llningar<\/li>\n<li>Universella monteringsmetoder:\n<ul>\n<li>V\u00e4gg<\/li>\n<li>Frist\u00e5ende<\/li>\n<\/ul>\n<\/li>\n<\/ul>\n<ul>\n<li>Vikt: 1 kg<\/li>\n<li>M\u00e5tt: L 23 x H 37 x B 18 cm<\/li>\n<li>Kontroller: P\u00e5\/Av, 3-timmars timer<\/li>\n<li>Effekt: 230Volt\/50Hz<\/li>\n<li>Uteffekt: 230 Watt<\/li>\n<\/ul>\n","protected":false},"excerpt":{"rendered":"<p>Med sina 3 olika tillbeh\u00f6r kan UniversalDry torka antingen 1 par eller 2 par skor samtidigt. St\u00f6vlar kan ocks\u00e5 torkas snabbt med hj\u00e4lp av de f\u00f6rl\u00e4ngningsbara, flexibla slangarna som n\u00e5r \u00e4nda ner i t\u00e5omr\u00e5det. Den h\u00f6gpresterande, tystg\u00e5ende, roterande fl\u00e4kten bl\u00e5ser luft in i plaggen \u2013 eventuellt p\u00e5 en av de tv\u00e5 v\u00e4rmeniv\u00e5erna, s\u00e5 att alla [&#8230;]\n","protected":false},"featured_media":286664,"comment_status":"open","ping_status":"closed","template":"","meta":[],"product_brand":[],"product_cat":[2611],"product_tag":[],"class_list":{"0":"post-286662","1":"product","2":"type-product","3":"status-publish","4":"has-post-thumbnail","6":"product_cat-tillbehor","7":"product_shipping_class-medium-sv","9":"first","10":"instock","11":"taxable","12":"shipping-taxable","13":"purchasable","14":"product-type-simple"},"composite_virtual":false,"composite_layout":"","composite_add_to_cart_form_location":"","composite_editable_in_cart":false,"composite_sold_individually_context":"","composite_shop_price_calc":"","composite_components":[],"composite_scenarios":[],"group_of_quantity":0,"min_quantity":0,"max_quantity":"","exclude_order_quantity_value_rules":"no","exclude_category_quantity_rules":"no","combine_variations":"no","exclude_global_add_ons":[],"addons":[],"_links":{"self":[{"href":"https:\/\/www.huntersfriend.eu\/sv\/wp-json\/wp\/v2\/product\/286662","targetHints":{"allow":["GET"]}}],"collection":[{"href":"https:\/\/www.huntersfriend.eu\/sv\/wp-json\/wp\/v2\/product"}],"about":[{"href":"https:\/\/www.huntersfriend.eu\/sv\/wp-json\/wp\/v2\/types\/product"}],"replies":[{"embeddable":true,"href":"https:\/\/www.huntersfriend.eu\/sv\/wp-json\/wp\/v2\/comments?post=286662"}],"wp:featuredmedia":[{"embeddable":true,"href":"https:\/\/www.huntersfriend.eu\/sv\/wp-json\/wp\/v2\/media\/286664"}],"wp:attachment":[{"href":"https:\/\/www.huntersfriend.eu\/sv\/wp-json\/wp\/v2\/media?parent=286662"}],"wp:term":[{"taxonomy":"product_brand","embeddable":true,"href":"https:\/\/www.huntersfriend.eu\/sv\/wp-json\/wp\/v2\/product_brand?post=286662"},{"taxonomy":"product_cat","embeddable":true,"href":"https:\/\/www.huntersfriend.eu\/sv\/wp-json\/wp\/v2\/product_cat?post=286662"},{"taxonomy":"product_tag","embeddable":true,"href":"https:\/\/www.huntersfriend.eu\/sv\/wp-json\/wp\/v2\/product_tag?post=286662"}],"curies":[{"name":"wp","href":"https:\/\/api.w.org\/{rel}","templated":true}]}}