{"id":286659,"date":"2024-02-07T01:14:06","date_gmt":"2024-02-06T23:14:06","guid":{"rendered":"https:\/\/www.huntersfriend.eu\/product\/3m-peltor-protac-hunter\/"},"modified":"2025-08-26T11:40:44","modified_gmt":"2025-08-26T09:40:44","slug":"3m-peltor-protac-hunter","status":"publish","type":"product","link":"https:\/\/www.huntersfriend.eu\/sv\/produkt\/3m-peltor-protac-hunter\/","title":{"rendered":"3M Peltor ProTac Hunter"},"content":{"rendered":"<p>Peltor ProTac Hunter \u00e4r ett aktivt h\u00f6rselskydd som \u00e4r speciellt utformat f\u00f6r jakt, vilket d\u00e4mpar h\u00f6ga och starka ljud samtidigt som det f\u00f6rst\u00e4rker svaga ljud.<\/p>\n<p>Tekniska specifikationer:<\/p>\n<ul>\n<li>Kabelanslutning: 3,5 mm AUX-ing\u00e5ng (ljudtryck begr\u00e4nsat till 82 dB)<\/li>\n<li>R\u00f6ststyrd meny<\/li>\n<li>Automatisk avst\u00e4ngning (str\u00f6mmen st\u00e4ngs automatiskt av efter 4 timmars inaktivitet)<\/li>\n<li>Indikerar l\u00e5g batteriniv\u00e5<\/li>\n<li>Elektroniken \u00e4r placerad p\u00e5 utsidan av k\u00e5pan, vilket bland annat minskar korrosion orsakad av svett<\/li>\n<li>Batteritid cirka 100 timmar<\/li>\n<li>D\u00e4mpningsv\u00e4rden SNR=26 dB H=29 dB M=23 dB L=17 dB<\/li>\n<li>Paketet inneh\u00e5ller: H\u00f6rselskydd, 2 x AA-batteri och anv\u00e4ndarmanual<\/li>\n<\/ul>\n","protected":false},"excerpt":{"rendered":"<p>Peltor ProTac Hunter \u00e4r ett aktivt h\u00f6rselskydd som \u00e4r speciellt utformat f\u00f6r jakt, vilket d\u00e4mpar h\u00f6ga och starka ljud samtidigt som det f\u00f6rst\u00e4rker svaga ljud. Tekniska specifikationer: Kabelanslutning: 3,5 mm AUX-ing\u00e5ng (ljudtryck begr\u00e4nsat till 82 dB) R\u00f6ststyrd meny Automatisk avst\u00e4ngning (str\u00f6mmen st\u00e4ngs automatiskt av efter 4 timmars inaktivitet) Indikerar l\u00e5g batteriniv\u00e5 Elektroniken \u00e4r placerad p\u00e5 [&#8230;]\n","protected":false},"featured_media":286660,"comment_status":"open","ping_status":"closed","template":"","meta":[],"product_brand":[],"product_cat":[2692],"product_tag":[],"class_list":{"0":"post-286659","1":"product","2":"type-product","3":"status-publish","4":"has-post-thumbnail","6":"product_cat-ogon-och-horselskydd","8":"first","9":"instock","10":"taxable","11":"shipping-taxable","12":"purchasable","13":"product-type-simple"},"composite_virtual":false,"composite_layout":"","composite_add_to_cart_form_location":"","composite_editable_in_cart":false,"composite_sold_individually_context":"","composite_shop_price_calc":"","composite_components":[],"composite_scenarios":[],"group_of_quantity":0,"min_quantity":0,"max_quantity":"","exclude_order_quantity_value_rules":"no","exclude_category_quantity_rules":"no","combine_variations":"no","exclude_global_add_ons":[],"addons":[],"_links":{"self":[{"href":"https:\/\/www.huntersfriend.eu\/sv\/wp-json\/wp\/v2\/product\/286659","targetHints":{"allow":["GET"]}}],"collection":[{"href":"https:\/\/www.huntersfriend.eu\/sv\/wp-json\/wp\/v2\/product"}],"about":[{"href":"https:\/\/www.huntersfriend.eu\/sv\/wp-json\/wp\/v2\/types\/product"}],"replies":[{"embeddable":true,"href":"https:\/\/www.huntersfriend.eu\/sv\/wp-json\/wp\/v2\/comments?post=286659"}],"wp:featuredmedia":[{"embeddable":true,"href":"https:\/\/www.huntersfriend.eu\/sv\/wp-json\/wp\/v2\/media\/286660"}],"wp:attachment":[{"href":"https:\/\/www.huntersfriend.eu\/sv\/wp-json\/wp\/v2\/media?parent=286659"}],"wp:term":[{"taxonomy":"product_brand","embeddable":true,"href":"https:\/\/www.huntersfriend.eu\/sv\/wp-json\/wp\/v2\/product_brand?post=286659"},{"taxonomy":"product_cat","embeddable":true,"href":"https:\/\/www.huntersfriend.eu\/sv\/wp-json\/wp\/v2\/product_cat?post=286659"},{"taxonomy":"product_tag","embeddable":true,"href":"https:\/\/www.huntersfriend.eu\/sv\/wp-json\/wp\/v2\/product_tag?post=286659"}],"curies":[{"name":"wp","href":"https:\/\/api.w.org\/{rel}","templated":true}]}}