{"id":286656,"date":"2024-02-07T01:14:14","date_gmt":"2024-02-06T23:14:14","guid":{"rendered":"https:\/\/www.huntersfriend.eu\/product\/alpenheat-cirkulations-skotork\/"},"modified":"2026-02-16T11:51:14","modified_gmt":"2026-02-16T09:51:14","slug":"alpenheat-cirkulations-skotork","status":"publish","type":"product","link":"https:\/\/www.huntersfriend.eu\/sv\/produkt\/alpenheat-cirkulations-skotork\/","title":{"rendered":"Alpenheat cirkulations skotork"},"content":{"rendered":"<p>Circulation \u00e4r en prisv\u00e4rd, portabel sko- och st\u00f6veltork med ett inbyggt UV-ljus som reducerar bakterier och tar bort obehaglig lukt, samtidigt som den torkar dina skor eller st\u00f6vlar varsamt.<br \/>\nCirculation kan ocks\u00e5 anv\u00e4ndas f\u00f6r att v\u00e4rma upp dina skor innan du s\u00e4tter p\u00e5 dem, s\u00e5 b\u00f6rja dagen med helt torra och varma f\u00f6tter. CIRCULATIONs speciella designfunktioner inkluderar de integrerade f\u00f6tterna som lyfter torken fr\u00e5n st\u00f6veln eller skon, vilket g\u00f6r att den varma luften kan cirkulera fritt. Det unika \u201cventurisystemet\u201d fungerar som en f\u00f6rgasare f\u00f6r att accelerera torktiden genom att dra in den svalare luften genom botten, v\u00e4rma upp den och trycka den till toppen. Ingen fl\u00e4kt anv\u00e4nds, s\u00e5 det finns inga r\u00f6rliga delar. Luften v\u00e4rms upp till cirka 30 \u00b0C. Circulation \u00e4r idealisk att ta med p\u00e5 dagsutflykter och p\u00e5 semestern: inga fler v\u00e5ta eller kalla skor!   <\/p>\n<p>Viktiga funktioner:<\/p>\n<ul>\n<li>Med inbyggt UV-ljus f\u00f6r att d\u00f6da bakterier<\/li>\n<li>Kompakt, portabel och l\u00e4ttviktig<\/li>\n<li>230V hush\u00e5llskontakt<\/li>\n<li>Passar l\u00e4tt i alla skor eller st\u00f6vlar<\/li>\n<li>V\u00e4rmer tyst p\u00e5 n\u00e5gra minuter och torkar p\u00e5 n\u00e5gra timmar<\/li>\n<li>H\u00e5l f\u00f6r luftcirkulation<\/li>\n<li>Effekt: max. 9 Watt <\/li>\n<li>M\u00e5tt: L 16 x H 5 x B 3 cm<\/li>\n<li>Vikt: 190g<\/li>\n<\/ul>\n","protected":false},"excerpt":{"rendered":"<p>Circulation \u00e4r en prisv\u00e4rd, portabel sko- och st\u00f6veltork med ett inbyggt UV-ljus som reducerar bakterier och tar bort obehaglig lukt, samtidigt som den torkar dina skor eller st\u00f6vlar varsamt. Circulation kan ocks\u00e5 anv\u00e4ndas f\u00f6r att v\u00e4rma upp dina skor innan du s\u00e4tter p\u00e5 dem, s\u00e5 b\u00f6rja dagen med helt torra och varma f\u00f6tter. CIRCULATIONs speciella [&#8230;]\n","protected":false},"featured_media":286657,"comment_status":"open","ping_status":"closed","template":"","meta":[],"product_brand":[],"product_cat":[2611],"product_tag":[],"class_list":{"0":"post-286656","1":"product","2":"type-product","3":"status-publish","4":"has-post-thumbnail","6":"product_cat-tillbehor","8":"first","9":"instock","10":"taxable","11":"shipping-taxable","12":"purchasable","13":"product-type-simple"},"composite_virtual":false,"composite_layout":"","composite_add_to_cart_form_location":"","composite_editable_in_cart":false,"composite_sold_individually_context":"","composite_shop_price_calc":"","composite_components":[],"composite_scenarios":[],"group_of_quantity":0,"min_quantity":0,"max_quantity":"","exclude_order_quantity_value_rules":"no","exclude_category_quantity_rules":"no","combine_variations":"no","exclude_global_add_ons":[],"addons":[],"_links":{"self":[{"href":"https:\/\/www.huntersfriend.eu\/sv\/wp-json\/wp\/v2\/product\/286656","targetHints":{"allow":["GET"]}}],"collection":[{"href":"https:\/\/www.huntersfriend.eu\/sv\/wp-json\/wp\/v2\/product"}],"about":[{"href":"https:\/\/www.huntersfriend.eu\/sv\/wp-json\/wp\/v2\/types\/product"}],"replies":[{"embeddable":true,"href":"https:\/\/www.huntersfriend.eu\/sv\/wp-json\/wp\/v2\/comments?post=286656"}],"wp:featuredmedia":[{"embeddable":true,"href":"https:\/\/www.huntersfriend.eu\/sv\/wp-json\/wp\/v2\/media\/286657"}],"wp:attachment":[{"href":"https:\/\/www.huntersfriend.eu\/sv\/wp-json\/wp\/v2\/media?parent=286656"}],"wp:term":[{"taxonomy":"product_brand","embeddable":true,"href":"https:\/\/www.huntersfriend.eu\/sv\/wp-json\/wp\/v2\/product_brand?post=286656"},{"taxonomy":"product_cat","embeddable":true,"href":"https:\/\/www.huntersfriend.eu\/sv\/wp-json\/wp\/v2\/product_cat?post=286656"},{"taxonomy":"product_tag","embeddable":true,"href":"https:\/\/www.huntersfriend.eu\/sv\/wp-json\/wp\/v2\/product_tag?post=286656"}],"curies":[{"name":"wp","href":"https:\/\/api.w.org\/{rel}","templated":true}]}}