{"id":286654,"date":"2024-02-07T01:08:18","date_gmt":"2024-02-06T23:08:18","guid":{"rendered":"https:\/\/www.huntersfriend.eu\/product\/sordin-supreme-pro\/"},"modified":"2025-08-26T11:40:44","modified_gmt":"2025-08-26T09:40:44","slug":"sordin-supreme-pro","status":"publish","type":"product","link":"https:\/\/www.huntersfriend.eu\/sv\/produkt\/sordin-supreme-pro\/","title":{"rendered":"Sordin Supreme Pro"},"content":{"rendered":"<p>MSA Sordin Supreme Pro \u00e4r ett aktivt h\u00f6rselskydd av h\u00f6gsta kvalitet som t\u00e5l tuffa f\u00f6rh\u00e5llanden. Skyddets elektronik levereras med 5 \u00e5rs garanti. Detta h\u00f6gkvalitativa och anv\u00e4ndarv\u00e4nliga h\u00f6rselskydd med tryckknappar \u00e4r ett utm\u00e4rkt val f\u00f6r aktiviteter som jakt, skytte och kr\u00e4vande professionellt bruk. Det har riktningsh\u00f6rsel tack vare mikrofoner p\u00e5 b\u00e5da sidor. St\u00e4nks\u00e4kra h\u00f6gtalare och intern elektronik \u00f6kar tillf\u00f6rlitligheten. Det levereras med ett svart l\u00e4derhuvudband och m\u00f6rkgr\u00f6na k\u00e5por.     <\/p>\n<p>Tekniska specifikationer:<\/p>\n<ul>\n<li>Str\u00f6mk\u00e4lla: 2 x AAA-batteri<\/li>\n<li>Drifttid: cirka 600 timmar<\/li>\n<li>Automatisk avst\u00e4ngning och varningssignal f\u00f6r l\u00e5gt batteri<\/li>\n<li>Aux- och 3,5 mm mono-uttag f\u00f6r anslutning av enheter som till exempel en komradio<\/li>\n<li>Bra f\u00f6rst\u00e4rkningsf\u00f6rm\u00e5ga f\u00f6r omgivningsljud och 5-stegs volymkontroll<\/li>\n<li>D\u00e4mpning av starka ljud upp till 82 dB<\/li>\n<li>Vikt: 341 g Batteriindikator<\/li>\n<li>Maximal livsl\u00e4ngd: 10 \u00e5r<\/li>\n<li>Tillverkad i Sverige<\/li>\n<\/ul>\n","protected":false},"excerpt":{"rendered":"<p>MSA Sordin Supreme Pro \u00e4r ett aktivt h\u00f6rselskydd av h\u00f6gsta kvalitet som t\u00e5l tuffa f\u00f6rh\u00e5llanden. Skyddets elektronik levereras med 5 \u00e5rs garanti. Detta h\u00f6gkvalitativa och anv\u00e4ndarv\u00e4nliga h\u00f6rselskydd med tryckknappar \u00e4r ett utm\u00e4rkt val f\u00f6r aktiviteter som jakt, skytte och kr\u00e4vande professionellt bruk. Det har riktningsh\u00f6rsel tack vare mikrofoner p\u00e5 b\u00e5da sidor. St\u00e4nks\u00e4kra h\u00f6gtalare och intern [&#8230;]\n","protected":false},"featured_media":286655,"comment_status":"open","ping_status":"closed","template":"","meta":[],"product_brand":[],"product_cat":[2692],"product_tag":[],"class_list":{"0":"post-286654","1":"product","2":"type-product","3":"status-publish","4":"has-post-thumbnail","6":"product_cat-ogon-och-horselskydd","8":"first","9":"instock","10":"taxable","11":"shipping-taxable","12":"purchasable","13":"product-type-simple"},"composite_virtual":false,"composite_layout":"","composite_add_to_cart_form_location":"","composite_editable_in_cart":false,"composite_sold_individually_context":"","composite_shop_price_calc":"","composite_components":[],"composite_scenarios":[],"group_of_quantity":0,"min_quantity":0,"max_quantity":"","exclude_order_quantity_value_rules":"no","exclude_category_quantity_rules":"no","combine_variations":"no","exclude_global_add_ons":[],"addons":[],"_links":{"self":[{"href":"https:\/\/www.huntersfriend.eu\/sv\/wp-json\/wp\/v2\/product\/286654","targetHints":{"allow":["GET"]}}],"collection":[{"href":"https:\/\/www.huntersfriend.eu\/sv\/wp-json\/wp\/v2\/product"}],"about":[{"href":"https:\/\/www.huntersfriend.eu\/sv\/wp-json\/wp\/v2\/types\/product"}],"replies":[{"embeddable":true,"href":"https:\/\/www.huntersfriend.eu\/sv\/wp-json\/wp\/v2\/comments?post=286654"}],"wp:featuredmedia":[{"embeddable":true,"href":"https:\/\/www.huntersfriend.eu\/sv\/wp-json\/wp\/v2\/media\/286655"}],"wp:attachment":[{"href":"https:\/\/www.huntersfriend.eu\/sv\/wp-json\/wp\/v2\/media?parent=286654"}],"wp:term":[{"taxonomy":"product_brand","embeddable":true,"href":"https:\/\/www.huntersfriend.eu\/sv\/wp-json\/wp\/v2\/product_brand?post=286654"},{"taxonomy":"product_cat","embeddable":true,"href":"https:\/\/www.huntersfriend.eu\/sv\/wp-json\/wp\/v2\/product_cat?post=286654"},{"taxonomy":"product_tag","embeddable":true,"href":"https:\/\/www.huntersfriend.eu\/sv\/wp-json\/wp\/v2\/product_tag?post=286654"}],"curies":[{"name":"wp","href":"https:\/\/api.w.org\/{rel}","templated":true}]}}