{"id":286635,"date":"2024-02-07T01:14:09","date_gmt":"2024-02-06T23:14:09","guid":{"rendered":"https:\/\/www.huntersfriend.eu\/product\/aclima-woolnet-crewneck\/"},"modified":"2026-01-24T09:39:28","modified_gmt":"2026-01-24T07:39:28","slug":"aclima-woolnet-crewneck","status":"publish","type":"product","link":"https:\/\/www.huntersfriend.eu\/sv\/produkt\/aclima-woolnet-crewneck\/","title":{"rendered":"Aclima Woolnet Crewneck"},"content":{"rendered":"<p>Unik, l\u00e5ng\u00e4rmad underst\u00e4llstr\u00f6ja i mesh f\u00f6r herrar. Att kombinera naturfibrer med syntetmaterial \u00e4r en exceptionellt effektiv l\u00f6sning f\u00f6r temperaturkontroll och komfort. Woolnet-strukturen, som anv\u00e4nder mjuk merinoull, s\u00e4kerst\u00e4ller optimal v\u00e4rme och utm\u00e4rkt andningsf\u00f6rm\u00e5ga. Fibern kan absorbera upp till 30 % fukt innan den k\u00e4nns v\u00e5t. Axlar och armb\u00e5gar \u00e4r f\u00f6rst\u00e4rkta separat. Tack vare Total Easy Care-behandlingen kliar inte Woolnet och krymper v\u00e4ldigt lite.     <\/p>\n<p>Tv\u00e4ttinstruktioner: Tv\u00e4tta ut och in i 40 \u00b0C med ullschampo. Str\u00e4ck till form, h\u00e4ng f\u00f6r att torka. <\/p>\n<ul>\n<li>Vikt: 211 g (storlek m)<\/li>\n<li>\u00d6ko-tex Standard 100-certifierad, fri fr\u00e5n skadliga kemikalier<\/li>\n<li>F\u00e4rg: Jet Black Material:<\/li>\n<li>91 % mjuk, 120 g merinoull, 7 % polyamid, 2 % elastan<\/li>\n<\/ul>\n","protected":false},"excerpt":{"rendered":"<p>Unik, l\u00e5ng\u00e4rmad underst\u00e4llstr\u00f6ja i mesh f\u00f6r herrar. Att kombinera naturfibrer med syntetmaterial \u00e4r en exceptionellt effektiv l\u00f6sning f\u00f6r temperaturkontroll och komfort. Woolnet-strukturen, som anv\u00e4nder mjuk merinoull, s\u00e4kerst\u00e4ller optimal v\u00e4rme och utm\u00e4rkt andningsf\u00f6rm\u00e5ga. Fibern kan absorbera upp till 30 % fukt innan den k\u00e4nns v\u00e5t. Axlar och armb\u00e5gar \u00e4r f\u00f6rst\u00e4rkta separat. Tack vare Total Easy Care-behandlingen [&#8230;]\n","protected":false},"featured_media":286637,"comment_status":"open","ping_status":"closed","template":"","meta":[],"product_brand":[],"product_cat":[2580],"product_tag":[],"class_list":{"0":"post-286635","1":"product","2":"type-product","3":"status-publish","4":"has-post-thumbnail","6":"product_cat-lager-pa-lager","8":"first","9":"instock","10":"taxable","11":"shipping-taxable","12":"purchasable","13":"product-type-variable"},"composite_virtual":false,"composite_layout":"","composite_add_to_cart_form_location":"","composite_editable_in_cart":false,"composite_sold_individually_context":"","composite_shop_price_calc":"","composite_components":[],"composite_scenarios":[],"group_of_quantity":0,"min_quantity":0,"max_quantity":"","exclude_order_quantity_value_rules":"no","exclude_category_quantity_rules":"no","combine_variations":"no","exclude_global_add_ons":[],"addons":[],"_links":{"self":[{"href":"https:\/\/www.huntersfriend.eu\/sv\/wp-json\/wp\/v2\/product\/286635","targetHints":{"allow":["GET"]}}],"collection":[{"href":"https:\/\/www.huntersfriend.eu\/sv\/wp-json\/wp\/v2\/product"}],"about":[{"href":"https:\/\/www.huntersfriend.eu\/sv\/wp-json\/wp\/v2\/types\/product"}],"replies":[{"embeddable":true,"href":"https:\/\/www.huntersfriend.eu\/sv\/wp-json\/wp\/v2\/comments?post=286635"}],"wp:featuredmedia":[{"embeddable":true,"href":"https:\/\/www.huntersfriend.eu\/sv\/wp-json\/wp\/v2\/media\/286637"}],"wp:attachment":[{"href":"https:\/\/www.huntersfriend.eu\/sv\/wp-json\/wp\/v2\/media?parent=286635"}],"wp:term":[{"taxonomy":"product_brand","embeddable":true,"href":"https:\/\/www.huntersfriend.eu\/sv\/wp-json\/wp\/v2\/product_brand?post=286635"},{"taxonomy":"product_cat","embeddable":true,"href":"https:\/\/www.huntersfriend.eu\/sv\/wp-json\/wp\/v2\/product_cat?post=286635"},{"taxonomy":"product_tag","embeddable":true,"href":"https:\/\/www.huntersfriend.eu\/sv\/wp-json\/wp\/v2\/product_tag?post=286635"}],"curies":[{"name":"wp","href":"https:\/\/api.w.org\/{rel}","templated":true}]}}