{"id":286634,"date":"2024-02-07T01:08:15","date_gmt":"2024-02-06T23:08:15","guid":{"rendered":"https:\/\/www.huntersfriend.eu\/product\/burrel-atelkameravaggfaste\/"},"modified":"2025-08-26T11:40:42","modified_gmt":"2025-08-26T09:40:42","slug":"burrel-atelkameravaggfaste","status":"publish","type":"product","link":"https:\/\/www.huntersfriend.eu\/sv\/produkt\/burrel-atelkameravaggfaste\/","title":{"rendered":"Burrel \u00e5telkamerav\u00e4ggf\u00e4ste"},"content":{"rendered":"<p>Med hj\u00e4lp av ett v\u00e4ggf\u00e4ste kan du enkelt f\u00e4sta din \u00e5telkamera p\u00e5 en v\u00e4gg eller annan plan yta. Kamerans position kan enkelt \u00e4ndras \u00e4ven efter fixering. F\u00e4stet f\u00e4sts p\u00e5 v\u00e4ggen fr\u00e5n tre f\u00e4stpunkter. Kompatibel med alla Burrel \u00e5telkameror.   <\/p>\n<p>Produktpaketet inneh\u00e5ller ett v\u00e4ggf\u00e4ste, skruvar och ett \u00e5tdragningsverktyg.<\/p>\n","protected":false},"excerpt":{"rendered":"<p>Med hj\u00e4lp av ett v\u00e4ggf\u00e4ste kan du enkelt f\u00e4sta din \u00e5telkamera p\u00e5 en v\u00e4gg eller annan plan yta. Kamerans position kan enkelt \u00e4ndras \u00e4ven efter fixering. F\u00e4stet f\u00e4sts p\u00e5 v\u00e4ggen fr\u00e5n tre f\u00e4stpunkter. Kompatibel med alla Burrel \u00e5telkameror. Produktpaketet inneh\u00e5ller ett v\u00e4ggf\u00e4ste, skruvar och ett \u00e5tdragningsverktyg.<\/p>\n","protected":false},"featured_media":286636,"comment_status":"open","ping_status":"closed","template":"","meta":[],"product_brand":[],"product_cat":[2573],"product_tag":[],"class_list":{"0":"post-286634","1":"product","2":"type-product","3":"status-publish","4":"has-post-thumbnail","6":"product_cat-tillbehor-for-atelkameror","8":"first","9":"instock","10":"taxable","11":"shipping-taxable","12":"purchasable","13":"product-type-simple"},"composite_virtual":false,"composite_layout":"","composite_add_to_cart_form_location":"","composite_editable_in_cart":false,"composite_sold_individually_context":"","composite_shop_price_calc":"","composite_components":[],"composite_scenarios":[],"group_of_quantity":0,"min_quantity":0,"max_quantity":"","exclude_order_quantity_value_rules":"no","exclude_category_quantity_rules":"no","combine_variations":"no","exclude_global_add_ons":[],"addons":[],"_links":{"self":[{"href":"https:\/\/www.huntersfriend.eu\/sv\/wp-json\/wp\/v2\/product\/286634","targetHints":{"allow":["GET"]}}],"collection":[{"href":"https:\/\/www.huntersfriend.eu\/sv\/wp-json\/wp\/v2\/product"}],"about":[{"href":"https:\/\/www.huntersfriend.eu\/sv\/wp-json\/wp\/v2\/types\/product"}],"replies":[{"embeddable":true,"href":"https:\/\/www.huntersfriend.eu\/sv\/wp-json\/wp\/v2\/comments?post=286634"}],"wp:featuredmedia":[{"embeddable":true,"href":"https:\/\/www.huntersfriend.eu\/sv\/wp-json\/wp\/v2\/media\/286636"}],"wp:attachment":[{"href":"https:\/\/www.huntersfriend.eu\/sv\/wp-json\/wp\/v2\/media?parent=286634"}],"wp:term":[{"taxonomy":"product_brand","embeddable":true,"href":"https:\/\/www.huntersfriend.eu\/sv\/wp-json\/wp\/v2\/product_brand?post=286634"},{"taxonomy":"product_cat","embeddable":true,"href":"https:\/\/www.huntersfriend.eu\/sv\/wp-json\/wp\/v2\/product_cat?post=286634"},{"taxonomy":"product_tag","embeddable":true,"href":"https:\/\/www.huntersfriend.eu\/sv\/wp-json\/wp\/v2\/product_tag?post=286634"}],"curies":[{"name":"wp","href":"https:\/\/api.w.org\/{rel}","templated":true}]}}