{"id":286632,"date":"2024-02-05T13:43:48","date_gmt":"2024-02-05T11:43:48","guid":{"rendered":"https:\/\/www.huntersfriend.eu\/product\/hha-tetra-ryz-x3-sikte\/"},"modified":"2025-10-30T11:53:19","modified_gmt":"2025-10-30T09:53:19","slug":"hha-tetra-ryz-x3-sikte","status":"publish","type":"product","link":"https:\/\/www.huntersfriend.eu\/sv\/produkt\/hha-tetra-ryz-x3-sikte\/","title":{"rendered":"HHA tetra RYZ X3-sikte"},"content":{"rendered":"<p>X3 bygger p\u00e5 v\u00e5rt b\u00e4sts\u00e4ljande sikte, Tetra RYZ, och har v\u00e5r mest avancerade multi-pin-teknik hittills. Triple Point\u2122 ger dig<br \/>\nultimat m\u00e5ngsidighet n\u00e4r du st\u00e4ller in alla 3 pinnarna och indikatorerna exakt d\u00e4r du vill ha dem. Triple Point\u2122 ger dig ultimat m\u00e5ngsidighet n\u00e4r du st\u00e4ller in<br \/>\nb\u00e5de dina pinnar och indikatorer exakt d\u00e4r du vill ha dem och g\u00f6r att du alltid har 3 flyttbara pinnar.  <\/p>\n<ul class=\"acf-repeater-list\">\n<li class=\"acf-repeater-list__item\">Mekanisk reostat f\u00f6r fiberoptisk ljusstyrkekontroll<\/li>\n<li class=\"acf-repeater-list__item\">Triple Point\u2122-tekniken kopplar varje pinne till sin egen indikator<\/li>\n<li class=\"acf-repeater-list__item\">Siktring med integrerat vattenpass<\/li>\n<li class=\"acf-repeater-list__item\">Noggrannhet ner till yard med en snabb vridning p\u00e5 hjulet. Nu med de l\u00e4ngsta tejpupps\u00e4ttningarna vi n\u00e5gonsin har byggt <\/li>\n<li class=\"acf-repeater-list__item\">H\u00f6jdsystem med o\u00e4ndlig justering<\/li>\n<li class=\"acf-repeater-list__item\">Alla sikten i Tetra-serien har en Infinite Adjust Plate, vilket m\u00f6jligg\u00f6r oberoende h\u00f6jd- och 2:a axeljustering<\/li>\n<\/ul>\n<div class=\"elementor-element elementor-element-8bf1893 elementor-widget elementor-widget-heading\" data-id=\"8bf1893\" data-element_type=\"widget\" data-widget_type=\"heading.default\">\n<div class=\"elementor-widget-container\">\n<h2 class=\"elementor-heading-title elementor-size-default\">I L\u00c5DAN<\/h2>\n<\/div>\n<\/div>\n<div class=\"elementor-element elementor-element-6f11581 elementor-widget__width-auto elementor-widget elementor-widget-acf-repeater-list\" data-id=\"6f11581\" data-element_type=\"widget\" data-widget_type=\"acf-repeater-list.default\">\n<div class=\"elementor-widget-container\">\n<div class=\"acf-repeater-list-grid\">\n<ul class=\"acf-repeater-list\">\n<li class=\"acf-repeater-list__item\">Tetra RYZ X3-sikte<\/li>\n<li class=\"acf-repeater-list__item\">Monteringsdetaljer<\/li>\n<li class=\"acf-repeater-list__item\">Instruktioner<\/li>\n<li class=\"acf-repeater-list__item\">HHA-dekal<\/li>\n<\/ul>\n<\/div>\n<\/div>\n<\/div>\n","protected":false},"excerpt":{"rendered":"<p>X3 bygger p\u00e5 v\u00e5rt b\u00e4sts\u00e4ljande sikte, Tetra RYZ, och har v\u00e5r mest avancerade multi-pin-teknik hittills. Triple Point\u2122 ger dig ultimat m\u00e5ngsidighet n\u00e4r du st\u00e4ller in alla 3 pinnarna och indikatorerna exakt d\u00e4r du vill ha dem. Triple Point\u2122 ger dig ultimat m\u00e5ngsidighet n\u00e4r du st\u00e4ller in b\u00e5de dina pinnar och indikatorer exakt d\u00e4r du vill [&#8230;]\n","protected":false},"featured_media":263414,"comment_status":"open","ping_status":"closed","template":"","meta":[],"product_brand":[],"product_cat":[878],"product_tag":[],"class_list":{"0":"post-286632","1":"product","2":"type-product","3":"status-publish","4":"has-post-thumbnail","6":"product_cat-uncategorized-sv","8":"first","9":"outofstock","10":"taxable","11":"shipping-taxable","12":"product-type-simple"},"composite_virtual":false,"composite_layout":"","composite_add_to_cart_form_location":"","composite_editable_in_cart":false,"composite_sold_individually_context":"","composite_shop_price_calc":"","composite_components":[],"composite_scenarios":[],"group_of_quantity":0,"min_quantity":0,"max_quantity":"","exclude_order_quantity_value_rules":"no","exclude_category_quantity_rules":"no","combine_variations":"no","exclude_global_add_ons":[],"addons":[],"_links":{"self":[{"href":"https:\/\/www.huntersfriend.eu\/sv\/wp-json\/wp\/v2\/product\/286632","targetHints":{"allow":["GET"]}}],"collection":[{"href":"https:\/\/www.huntersfriend.eu\/sv\/wp-json\/wp\/v2\/product"}],"about":[{"href":"https:\/\/www.huntersfriend.eu\/sv\/wp-json\/wp\/v2\/types\/product"}],"replies":[{"embeddable":true,"href":"https:\/\/www.huntersfriend.eu\/sv\/wp-json\/wp\/v2\/comments?post=286632"}],"wp:featuredmedia":[{"embeddable":true,"href":"https:\/\/www.huntersfriend.eu\/sv\/wp-json\/wp\/v2\/media\/263414"}],"wp:attachment":[{"href":"https:\/\/www.huntersfriend.eu\/sv\/wp-json\/wp\/v2\/media?parent=286632"}],"wp:term":[{"taxonomy":"product_brand","embeddable":true,"href":"https:\/\/www.huntersfriend.eu\/sv\/wp-json\/wp\/v2\/product_brand?post=286632"},{"taxonomy":"product_cat","embeddable":true,"href":"https:\/\/www.huntersfriend.eu\/sv\/wp-json\/wp\/v2\/product_cat?post=286632"},{"taxonomy":"product_tag","embeddable":true,"href":"https:\/\/www.huntersfriend.eu\/sv\/wp-json\/wp\/v2\/product_tag?post=286632"}],"curies":[{"name":"wp","href":"https:\/\/api.w.org\/{rel}","templated":true}]}}