{"id":286630,"date":"2024-02-07T01:08:14","date_gmt":"2024-02-06T23:08:14","guid":{"rendered":"https:\/\/www.huntersfriend.eu\/product\/v-sharp-classic-ii-knivslip\/"},"modified":"2025-08-26T11:40:39","modified_gmt":"2025-08-26T09:40:39","slug":"v-sharp-classic-ii-knivslip","status":"publish","type":"product","link":"https:\/\/www.huntersfriend.eu\/sv\/produkt\/v-sharp-classic-ii-knivslip\/","title":{"rendered":"V-Sharp classic II knivslip"},"content":{"rendered":"<p>V-SHARP\u00ae CLASSIC I<strong>I<\/strong> anv\u00e4nder tv\u00e5 h\u00f6gkvalitativa 325 grit diamantbrynen som slipar bladet p\u00e5 b\u00e5da sidor samtidigt med hj\u00e4lp av kalibrerad fj\u00e4dring. Perfekt f\u00f6r k\u00f6ks-, fil\u00e9-, jakt- och de flesta andra knivar med platt blad. Denna h\u00f6gkvalitativa modell har en handgjord st\u00e5lram, solid gummibas och slitstark svart pulverlackering.  <\/p>\n<p>V-SHARP\u00ae CLASSIC II kan ocks\u00e5 anv\u00e4nda keramiska brynen f\u00f6r att slipa tandade knivar och ge en \u00f6verl\u00e4gsen egg till knivar med sl\u00e4tt blad.<\/p>\n<p>Diamant- eller kerambrynen finns tillg\u00e4ngliga! De tv\u00e5 alternativen \u00e4r utbytbara och valfria f\u00f6r vilka brynen du v\u00e4ljer. <\/p>\n<p>Viktiga funktioner:<\/p>\n<ul>\n<li>3 justerbara vinklar (20, 25 och 30)<\/li>\n<li>325 grit naturliga diamantbrynen<\/li>\n<li>St\u00e5lramskonstruktion<\/li>\n<li>Slitstark pulverlackering<\/li>\n<li>Solid gummibas<\/li>\n<li>Avslutande st\u00e5l (ing\u00e5r)<\/li>\n<li>1 \u00e5rs garanti<\/li>\n<li>Vikt = 709 gram<\/li>\n<\/ul>\n","protected":false},"excerpt":{"rendered":"<p>V-SHARP\u00ae CLASSIC II anv\u00e4nder tv\u00e5 h\u00f6gkvalitativa 325 grit diamantbrynen som slipar bladet p\u00e5 b\u00e5da sidor samtidigt med hj\u00e4lp av kalibrerad fj\u00e4dring. Perfekt f\u00f6r k\u00f6ks-, fil\u00e9-, jakt- och de flesta andra knivar med platt blad. Denna h\u00f6gkvalitativa modell har en handgjord st\u00e5lram, solid gummibas och slitstark svart pulverlackering. V-SHARP\u00ae CLASSIC II kan ocks\u00e5 anv\u00e4nda keramiska brynen [&#8230;]\n","protected":false},"featured_media":286631,"comment_status":"open","ping_status":"closed","template":"","meta":[],"product_brand":[],"product_cat":[878],"product_tag":[],"class_list":{"0":"post-286630","1":"product","2":"type-product","3":"status-publish","4":"has-post-thumbnail","6":"product_cat-uncategorized-sv","8":"first","9":"outofstock","10":"taxable","11":"shipping-taxable","12":"product-type-simple"},"composite_virtual":false,"composite_layout":"","composite_add_to_cart_form_location":"","composite_editable_in_cart":false,"composite_sold_individually_context":"","composite_shop_price_calc":"","composite_components":[],"composite_scenarios":[],"group_of_quantity":0,"min_quantity":0,"max_quantity":"","exclude_order_quantity_value_rules":"no","exclude_category_quantity_rules":"no","combine_variations":"no","exclude_global_add_ons":[],"addons":[],"_links":{"self":[{"href":"https:\/\/www.huntersfriend.eu\/sv\/wp-json\/wp\/v2\/product\/286630","targetHints":{"allow":["GET"]}}],"collection":[{"href":"https:\/\/www.huntersfriend.eu\/sv\/wp-json\/wp\/v2\/product"}],"about":[{"href":"https:\/\/www.huntersfriend.eu\/sv\/wp-json\/wp\/v2\/types\/product"}],"replies":[{"embeddable":true,"href":"https:\/\/www.huntersfriend.eu\/sv\/wp-json\/wp\/v2\/comments?post=286630"}],"wp:featuredmedia":[{"embeddable":true,"href":"https:\/\/www.huntersfriend.eu\/sv\/wp-json\/wp\/v2\/media\/286631"}],"wp:attachment":[{"href":"https:\/\/www.huntersfriend.eu\/sv\/wp-json\/wp\/v2\/media?parent=286630"}],"wp:term":[{"taxonomy":"product_brand","embeddable":true,"href":"https:\/\/www.huntersfriend.eu\/sv\/wp-json\/wp\/v2\/product_brand?post=286630"},{"taxonomy":"product_cat","embeddable":true,"href":"https:\/\/www.huntersfriend.eu\/sv\/wp-json\/wp\/v2\/product_cat?post=286630"},{"taxonomy":"product_tag","embeddable":true,"href":"https:\/\/www.huntersfriend.eu\/sv\/wp-json\/wp\/v2\/product_tag?post=286630"}],"curies":[{"name":"wp","href":"https:\/\/api.w.org\/{rel}","templated":true}]}}