{"id":286623,"date":"2024-02-03T00:50:06","date_gmt":"2024-02-02T22:50:06","guid":{"rendered":"https:\/\/www.huntersfriend.eu\/product\/belisle-super-x-220-2-falla\/"},"modified":"2026-02-09T13:34:09","modified_gmt":"2026-02-09T11:34:09","slug":"belisle-super-x-220-2-falla","status":"publish","type":"product","link":"https:\/\/www.huntersfriend.eu\/sv\/produkt\/belisle-super-x-220-2-falla\/","title":{"rendered":"Belisle super-x 220-2 f\u00e4lla"},"content":{"rendered":"<p><strong>Belisle #220 Super X Body Grip Traps<\/strong> har en ny speciell rundad k\u00e4ke som ger en komplett st\u00e4ngning i magnumstil. Dessa f\u00e4llor har en trigger i ett stycke, s\u00e4kerhetsanordningar som sitter p\u00e5 plats och \u00e4r handsvetsade. En kvalitetsprodukt tillverkad i Kanada. Belisle 220 Super-X har en k\u00e4k\u00f6ppning p\u00e5 7 \u201cx 7\u201d med tv\u00e5 kraftfulla fj\u00e4drar. Bra f\u00f6r tv\u00e4ttbj\u00f6rn, fiskm\u00e5rd, murmeldjur och djur av liknande storlek.    <\/p>\n<div class=\"spec-type\">M\u00e5tt:<\/div>\n<div class=\"spec-result\">7-1\/4\u2033H x 6-7\/8\u2033W &#8211; Dubbelfj\u00e4der<\/div>\n<div class=\"spec-type\">M\u00e5lskadedjur: tv\u00e4ttbj\u00f6rn, fiskm\u00e5rd, murmeldjur, skogschuck<\/div>\n","protected":false},"excerpt":{"rendered":"<p>Belisle #220 Super X Body Grip Traps har en ny speciell rundad k\u00e4ke som ger en komplett st\u00e4ngning i magnumstil. Dessa f\u00e4llor har en trigger i ett stycke, s\u00e4kerhetsanordningar som sitter p\u00e5 plats och \u00e4r handsvetsade. En kvalitetsprodukt tillverkad i Kanada. Belisle 220 Super-X har en k\u00e4k\u00f6ppning p\u00e5 7 \u201cx 7\u201d med tv\u00e5 kraftfulla fj\u00e4drar. [&#8230;]\n","protected":false},"featured_media":263406,"comment_status":"open","ping_status":"closed","template":"","meta":[],"product_brand":[],"product_cat":[2696],"product_tag":[],"class_list":{"0":"post-286623","1":"product","2":"type-product","3":"status-publish","4":"has-post-thumbnail","6":"product_cat-fallor-och-fangsttillbehor","8":"first","9":"outofstock","10":"taxable","11":"shipping-taxable","12":"purchasable","13":"product-type-simple"},"composite_virtual":false,"composite_layout":"","composite_add_to_cart_form_location":"","composite_editable_in_cart":false,"composite_sold_individually_context":"","composite_shop_price_calc":"","composite_components":[],"composite_scenarios":[],"group_of_quantity":0,"min_quantity":0,"max_quantity":"","exclude_order_quantity_value_rules":"no","exclude_category_quantity_rules":"no","combine_variations":"no","exclude_global_add_ons":[],"addons":[],"_links":{"self":[{"href":"https:\/\/www.huntersfriend.eu\/sv\/wp-json\/wp\/v2\/product\/286623","targetHints":{"allow":["GET"]}}],"collection":[{"href":"https:\/\/www.huntersfriend.eu\/sv\/wp-json\/wp\/v2\/product"}],"about":[{"href":"https:\/\/www.huntersfriend.eu\/sv\/wp-json\/wp\/v2\/types\/product"}],"replies":[{"embeddable":true,"href":"https:\/\/www.huntersfriend.eu\/sv\/wp-json\/wp\/v2\/comments?post=286623"}],"wp:featuredmedia":[{"embeddable":true,"href":"https:\/\/www.huntersfriend.eu\/sv\/wp-json\/wp\/v2\/media\/263406"}],"wp:attachment":[{"href":"https:\/\/www.huntersfriend.eu\/sv\/wp-json\/wp\/v2\/media?parent=286623"}],"wp:term":[{"taxonomy":"product_brand","embeddable":true,"href":"https:\/\/www.huntersfriend.eu\/sv\/wp-json\/wp\/v2\/product_brand?post=286623"},{"taxonomy":"product_cat","embeddable":true,"href":"https:\/\/www.huntersfriend.eu\/sv\/wp-json\/wp\/v2\/product_cat?post=286623"},{"taxonomy":"product_tag","embeddable":true,"href":"https:\/\/www.huntersfriend.eu\/sv\/wp-json\/wp\/v2\/product_tag?post=286623"}],"curies":[{"name":"wp","href":"https:\/\/api.w.org\/{rel}","templated":true}]}}