{"id":286622,"date":"2024-02-05T14:11:19","date_gmt":"2024-02-05T12:11:19","guid":{"rendered":"https:\/\/www.huntersfriend.eu\/product\/vilu-varmedyna-for-hundar\/"},"modified":"2026-03-26T13:44:22","modified_gmt":"2026-03-26T11:44:22","slug":"vilu-varmedyna-for-hundar","status":"publish","type":"product","link":"https:\/\/www.huntersfriend.eu\/sv\/produkt\/vilu-varmedyna-for-hundar\/","title":{"rendered":"Vilu v\u00e4rmedyna f\u00f6r hundar"},"content":{"rendered":"<p><span class=\"jCAhz ChMk0b\"><span class=\"ryNqvb\">Ge din hund en sk\u00f6n, varm och bekv\u00e4m plats att vila p\u00e5 efter en h\u00e5rd dags arbete.<\/span><\/span><\/p>\n<p><span class=\"jCAhz ChMk0b\"><span class=\"ryNqvb\">Vilu v\u00e4rmedyna \u00e4r en finsktillverkad produkt f\u00f6r flera \u00e4ndam\u00e5l.<\/span><\/span> <span class=\"jCAhz ChMk0b\"><span class=\"ryNqvb\">Det finns tre v\u00e4rmeelement inuti basen, vilket garanterar j\u00e4mn v\u00e4rme fr\u00e5n hela basen till omr\u00e5det.<\/span><\/span> <span class=\"jCAhz ChMk0b\"><span class=\"ryNqvb\">Plattformen har en USB-anslutning, genom vilken plattformen kan anslutas till en reservstr\u00f6mk\u00e4lla eller en annan str\u00f6mk\u00e4lla utrustad med en USB-anslutning.<\/span><\/span><\/p>\n<p><span class=\"jCAhz ChMk0b\"><span class=\"ryNqvb\">Den rekommenderade kapaciteten f\u00f6r reservstr\u00f6mk\u00e4llan \u00e4r 10 000 mAh.<\/span><\/span> <span class=\"jCAhz ChMk0b\"><span class=\"ryNqvb\">Basen har 3 olika v\u00e4rmeniv\u00e5er och en timer.<\/span><\/span> <span class=\"jCAhz ChMk0b\"><span class=\"ryNqvb\">N\u00e4r timerfunktionen \u00e4r p\u00e5 v\u00e4rms enheten upp i 30 minuter, varefter den st\u00e4ngs av och startar igen efter 30 minuter.<\/span><\/span><\/p>\n<p><span class=\"jCAhz ChMk0b\"><span class=\"ryNqvb\">Med en reservstr\u00f6mk\u00e4lla p\u00e5 10 000 mAh kan en uppv\u00e4rmningstid p\u00e5 ca 6 timmar uppn\u00e5s, beroende p\u00e5 v\u00e4rmeeffekten. <\/span><\/span><\/p>\n<p><span class=\"jCAhz ChMk0b\"><span class=\"ryNqvb\">Vilu v\u00e4rmeplattformar finns i tre olika storlekar.<\/span><\/span> <span class=\"jCAhz ChMk0b\"><span class=\"ryNqvb\">S, m och l.<\/span><\/span><br \/>\n<span class=\"jCAhz ChMk0b\"><span class=\"ryNqvb\">M\u00e5tt:<\/span><\/span> <span class=\"jCAhz ChMk0b\"><span class=\"ryNqvb\">S: 55 x 45 cm<\/span><\/span> <span class=\"jCAhz ChMk0b\"><span class=\"ryNqvb\">M: 70 x 50 cm<\/span><\/span> <span class=\"jCAhz ChMk0b\"><span class=\"ryNqvb\">B: 90 x 65 cm<\/span><\/span><\/p>\n<p><span class=\"jCAhz ChMk0b\"><span class=\"ryNqvb\">V\u00e4rmedynan \u00e4r gr\u00e5.<\/span><\/span> <span class=\"jCAhz ChMk0b\"><span class=\"ryNqvb\">Plattformens botten \u00e4r tillverkad av slitstarkt och friktionss\u00e4kert konstl\u00e4der, s\u00e5 den h\u00e5ller sig perfekt p\u00e5 plats.<\/span><\/span> <span class=\"jCAhz ChMk0b\"><span class=\"ryNqvb\">Det yttre tyget \u00e4r h\u00f6gkvalitativt och slitstarkt teddytyg.<\/span><\/span> <span class=\"jCAhz ChMk0b\"><span class=\"ryNqvb\">Basskyddet \u00e4r avtagbart och kan tv\u00e4ttas i maskin.<\/span><\/span> <span class=\"jCAhz ChMk0b\"><span class=\"ryNqvb\">Leveransen inkluderar en bas, ett v\u00e4rmeelement och en str\u00f6mbrytare.<\/span><\/span><\/p>\n<p><span class=\"jCAhz ChMk0b\"><span class=\"ryNqvb\">Inkluderar inte en reservstr\u00f6mf\u00f6rs\u00f6rjning.<\/span><\/span><\/p>\n","protected":false},"excerpt":{"rendered":"<p>Ge din hund en sk\u00f6n, varm och bekv\u00e4m plats att vila p\u00e5 efter en h\u00e5rd dags arbete. Vilu v\u00e4rmedyna \u00e4r en finsktillverkad produkt f\u00f6r flera \u00e4ndam\u00e5l. Det finns tre v\u00e4rmeelement inuti basen, vilket garanterar j\u00e4mn v\u00e4rme fr\u00e5n hela basen till omr\u00e5det. Plattformen har en USB-anslutning, genom vilken plattformen kan anslutas till en reservstr\u00f6mk\u00e4lla eller en [&#8230;]\n","protected":false},"featured_media":263433,"comment_status":"open","ping_status":"closed","template":"","meta":[],"product_brand":[],"product_cat":[2567,2517,2563],"product_tag":[],"class_list":{"0":"post-286622","1":"product","2":"type-product","3":"status-publish","4":"has-post-thumbnail","6":"product_cat-campingtillbehor","7":"product_cat-hundpersienner-vastar-och-diverse","8":"product_cat-tillbehor-for-jakt-torn-och-gomslen","10":"first","11":"outofstock","12":"taxable","13":"shipping-taxable","14":"purchasable","15":"product-type-variable"},"composite_virtual":false,"composite_layout":"","composite_add_to_cart_form_location":"","composite_editable_in_cart":false,"composite_sold_individually_context":"","composite_shop_price_calc":"","composite_components":[],"composite_scenarios":[],"group_of_quantity":0,"min_quantity":0,"max_quantity":"","exclude_order_quantity_value_rules":"no","exclude_category_quantity_rules":"no","combine_variations":"no","exclude_global_add_ons":[],"addons":[],"_links":{"self":[{"href":"https:\/\/www.huntersfriend.eu\/sv\/wp-json\/wp\/v2\/product\/286622","targetHints":{"allow":["GET"]}}],"collection":[{"href":"https:\/\/www.huntersfriend.eu\/sv\/wp-json\/wp\/v2\/product"}],"about":[{"href":"https:\/\/www.huntersfriend.eu\/sv\/wp-json\/wp\/v2\/types\/product"}],"replies":[{"embeddable":true,"href":"https:\/\/www.huntersfriend.eu\/sv\/wp-json\/wp\/v2\/comments?post=286622"}],"wp:featuredmedia":[{"embeddable":true,"href":"https:\/\/www.huntersfriend.eu\/sv\/wp-json\/wp\/v2\/media\/263433"}],"wp:attachment":[{"href":"https:\/\/www.huntersfriend.eu\/sv\/wp-json\/wp\/v2\/media?parent=286622"}],"wp:term":[{"taxonomy":"product_brand","embeddable":true,"href":"https:\/\/www.huntersfriend.eu\/sv\/wp-json\/wp\/v2\/product_brand?post=286622"},{"taxonomy":"product_cat","embeddable":true,"href":"https:\/\/www.huntersfriend.eu\/sv\/wp-json\/wp\/v2\/product_cat?post=286622"},{"taxonomy":"product_tag","embeddable":true,"href":"https:\/\/www.huntersfriend.eu\/sv\/wp-json\/wp\/v2\/product_tag?post=286622"}],"curies":[{"name":"wp","href":"https:\/\/api.w.org\/{rel}","templated":true}]}}