{"id":286620,"date":"2024-02-01T12:18:15","date_gmt":"2024-02-01T10:18:15","guid":{"rendered":"https:\/\/www.huntersfriend.eu\/product\/diamond-edge-max-factory-kit-anpassad-pilbage\/"},"modified":"2025-08-26T11:40:36","modified_gmt":"2025-08-26T09:40:36","slug":"diamond-edge-max-factory-kit-anpassad-pilbage","status":"publish","type":"product","link":"https:\/\/www.huntersfriend.eu\/sv\/produkt\/diamond-edge-max-factory-kit-anpassad-pilbage\/","title":{"rendered":"Diamond edge Max factory Kit \u2013 anpassad pilb\u00e5ge"},"content":{"rendered":"<h3><span data-text-color=\"alert\"><strong>Leveranstiderna \u00e4r cirka 1\u20134 veckor under normala f\u00f6rh\u00e5llanden.<\/strong><\/span><\/h3>\n<h3>Diamond Edge-serien har varit ledande inom m\u00e5ngsidighet och justerbarhet utan att spr\u00e4cka budgeten. Edge MAX tar det till en helt ny niv\u00e5. Denna h\u00f6gpresterande maskin drivs av Synchronized Binary Cam System, vilket ger enkel justering och klassens b\u00e4sta noggrannhet p\u00e5 l\u00e5nga avst\u00e5nd. En strategiskt konstruerad burformad design p\u00e5 upph\u00f6jningen \u00f6kar stabiliteten f\u00f6r att ytterligare \u00f6ka noggrannheten. All denna prestanda kombineras med ett 15-tums intervall av dragl\u00e4ngd och ett 50 lbs intervall av dragviktsjusterbarhet f\u00f6r att passa n\u00e4stan alla b\u00e5gskyttar. Maximera din b\u00e5gskytteupplevelse med Edge MAX.     <\/h3>\n<h3>RAK-kitet inneh\u00e5ller<\/h3>\n<ul>\n<li>Pilb\u00e5ge<\/li>\n<li data-title=\"Octane Furnace 4-Arrow Quiver\" data-desc=\"An ultra-durable, quick-detachable quiver. This quiver locks in nearly any size arrow and broadhead combination.\" data-price=\"19.99\" data-thumbnail=\"https:\/\/diamondarchery.com\/app\/uploads\/2021\/01\/Furnace-quiver-500.png\">Octane furnace 4-pils koger<\/li>\n<li data-title=\"3 Pin Sight\" data-desc=\"A durable and lightweight 3 pin sight.\" data-price=\"\" data-thumbnail=\"https:\/\/diamondarchery.com\/app\/uploads\/2020\/06\/Stryker-3Pin-sight-1000.png\"><i class=\"fas fa-info-circle\" aria-hidden=\"true\"><\/i>3-pinsikte<\/li>\n<li data-title=\"5 Inch Stabilizer\" data-desc=\"A 5 in. stabilizer that reduces sound and vibration while increasing accuracy.\" data-price=\"\" data-thumbnail=\"https:\/\/diamondarchery.com\/app\/uploads\/2020\/06\/Boost-stabilizer-1000.png\"><i class=\"fas fa-info-circle\" aria-hidden=\"true\"><\/i>5-tums stabilisator<\/li>\n<li data-title=\"Brush Rest\" data-desc=\"A full capture arrow rest that features easy arrow loading and allows for any size or type of arrow.\" data-price=\"\" data-thumbnail=\"https:\/\/diamondarchery.com\/app\/uploads\/2020\/06\/Octagon-rest-1000.png\"><i class=\"fas fa-info-circle\" aria-hidden=\"true\"><\/i>Borstst\u00f6d<\/li>\n<li data-title=\"Carbon Peep\" data-desc=\"A lightweight all-carbon peep with an anti-glare finish.\" data-price=\"8.99\" data-thumbnail=\"https:\/\/diamondarchery.com\/app\/uploads\/2021\/01\/Peep-quarterinch-500B.png\"><i class=\"fas fa-info-circle\" aria-hidden=\"true\"><\/i>Kolfiber-peep<\/li>\n<li data-title=\"Diamond Wrist Strap\" data-desc=\"A durable nylon sling that prohibits dropping the bow while shooting.\" data-price=\"\" data-thumbnail=\"https:\/\/diamondarchery.com\/app\/uploads\/2020\/06\/wrist-strap-1000.png\"><i class=\"fas fa-info-circle\" aria-hidden=\"true\"><\/i>Diamond handledsrem<\/li>\n<\/ul>\n<p><em>Observera att fabrikstillverkade kit, oavsett tillverkare, varken \u00e4r trimmade eller redo att skjutas direkt ur kartongen.<\/em><\/p>\n<div>\n<h6>MAXIMERA DEN ULTIMATA B\u00c5GSKYTTEUPPLEVELSEN F\u00d6R ALLA.<\/h6>\n<ul>\n<li>Designad f\u00f6r alla \u00e5ldrar, erfarenhetsniv\u00e5er eller avsedda anv\u00e4ndningsomr\u00e5den.<\/li>\n<li>V\u00e4rldsber\u00f6mt Binary Cam System f\u00f6r o\u00f6vertr\u00e4ffad noggrannhet.<\/li>\n<li>En strategiskt konstruerad burformad design p\u00e5 upph\u00f6jningen \u00f6kar stabiliteten och noggrannheten.<\/li>\n<li>Fullt utrustad och redo att anv\u00e4ndas med premium Octane-tillbeh\u00f6r.<\/li>\n<li>Begr\u00e4nsad livstidsgaranti.<\/li>\n<\/ul>\n<ul class=\"grid-x\">\n<li class=\"spec-wrapper small-12 medium-6\">\n<div class=\"spec__content\"><span class=\"spec__title\">MASSAVIKT <\/span><span class=\"spec__value\">3,7 LBS<\/span><\/div>\n<p>L\u00e4ttare pilb\u00e5gar kan vara bra f\u00f6r r\u00f6rlighet, medan till\u00e4gg av vikt eller d\u00e4mpare praktiskt taget kan eliminera vibrationer.<\/li>\n<li class=\"spec-wrapper small-12 medium-6\">\n<div class=\"spec__content\"><span class=\"spec__title\">DRAGL\u00c4NGD <\/span><span class=\"spec__value\">16 \u201c- 31\u201d<\/span><\/div>\n<p>Compoundb\u00e5gar har ett justerbart dragl\u00e4ngdsintervall och b\u00f6r st\u00e4llas in f\u00f6r att passa din unika kroppsstorlek och form.<\/li>\n<li class=\"spec-wrapper small-12 medium-6\">\n<div class=\"spec__content\"><span class=\"spec__title\">DRAGVIKT <\/span><span class=\"spec__value\">20 &#8211; 70 LBS<\/span><\/div>\n<p>Maximala dragvikter kan vanligtvis reduceras med 10 lbs. Detta ger bekv\u00e4ma dragcykler f\u00f6r alla samtidigt som energin maximeras. <\/li>\n<li class=\"spec-wrapper small-12 medium-6\">\n<div class=\"spec__content\"><span class=\"spec__title\">HASTIGHET <\/span><span class=\"spec__value\">314 FPS<\/span><\/div>\n<p>Dagens genomsnittliga pilb\u00e5gshastigheter erbjuder mer f\u00f6rl\u00e5telse vid skottet \u00e4n n\u00e5gonsin. Snabbare pilb\u00e5gar kan leverera mer energi p\u00e5 l\u00e5nga avst\u00e5nd. <\/li>\n<li class=\"spec-wrapper small-12 medium-6\">\n<div class=\"spec__content\"><span class=\"spec__title\">AXEL TILL AXEL <\/span><span class=\"spec__value\">31&#8243;<\/span><\/div>\n<p>L\u00e4ngre pilb\u00e5gar kan \u00f6ka stabiliteten, medan kortare pilb\u00e5gar kan vara b\u00e4ttre l\u00e4mpade f\u00f6r man\u00f6vrerbarhet och tr\u00e5nga utrymmen.<\/li>\n<li class=\"spec-wrapper small-12 medium-6\">\n<div class=\"spec__content\"><span class=\"spec__title\">ST\u00d6DH\u00d6JD <\/span><span class=\"spec__value\">7,125&#8243;<\/span><\/div>\n<p>En l\u00e4ngre st\u00f6dh\u00f6jd kan erbjuda mer f\u00f6rl\u00e5telse vid skottet, medan en kortare st\u00f6dh\u00f6jd kan g\u00f6ra en snabb pilb\u00e5ge \u00e4nnu snabbare.<\/li>\n<\/ul>\n<\/div>\n","protected":false},"excerpt":{"rendered":"<p>Leveranstiderna \u00e4r cirka 1\u20134 veckor under normala f\u00f6rh\u00e5llanden. Diamond Edge-serien har varit ledande inom m\u00e5ngsidighet och justerbarhet utan att spr\u00e4cka budgeten. Edge MAX tar det till en helt ny niv\u00e5. Denna h\u00f6gpresterande maskin drivs av Synchronized Binary Cam System, vilket ger enkel justering och klassens b\u00e4sta noggrannhet p\u00e5 l\u00e5nga avst\u00e5nd. En strategiskt konstruerad burformad design [&#8230;]\n","protected":false},"featured_media":263167,"comment_status":"open","ping_status":"closed","template":"","meta":[],"product_brand":[],"product_cat":[2842],"product_tag":[],"class_list":{"0":"post-286620","1":"product","2":"type-product","3":"status-publish","4":"has-post-thumbnail","6":"product_cat-compound-fabrikssatser","7":"product_shipping_class-big-sv","9":"first","10":"onbackorder","11":"taxable","12":"shipping-taxable","13":"purchasable","14":"product-type-simple"},"composite_virtual":false,"composite_layout":"","composite_add_to_cart_form_location":"","composite_editable_in_cart":false,"composite_sold_individually_context":"","composite_shop_price_calc":"","composite_components":[],"composite_scenarios":[],"group_of_quantity":0,"min_quantity":0,"max_quantity":"","exclude_order_quantity_value_rules":"no","exclude_category_quantity_rules":"no","combine_variations":"no","exclude_global_add_ons":false,"addons":[{"name":"B\u00e5ghand","type":"multiple_choice","position":0,"required":true,"title_format":"label","default":"","description_enable":false,"description":null,"placeholder_enable":false,"placeholder":null,"display":"select","restrictions_type":"any_text","adjust_price":false,"price":"","price_type":"flat_fee","restrictions":false,"min":"0","max":"0","options":[{"label":"H\u00f6ger hand","price":"","price_type":"flat_fee","image":0,"visibility":true},{"label":"V\u00e4nster hand","price":"","price_type":"flat_fee","image":0,"visibility":true}]},{"name":"F\u00e4rg","type":"multiple_choice","position":1,"required":true,"title_format":"label","default":"","description_enable":false,"description":null,"placeholder_enable":false,"placeholder":null,"display":"select","restrictions_type":"any_text","adjust_price":false,"price":"","price_type":"flat_fee","restrictions":false,"min":"0","max":"0","options":[{"label":"Svart","price":"","price_type":"flat_fee","image":0,"visibility":true},{"label":"Mossy oak country DNA camo","price":"","price_type":"flat_fee","image":0,"visibility":true},{"label":"Purple Blaze","price":"","price_type":"flat_fee","image":0,"visibility":true},{"label":"Stoke","price":"","price_type":"flat_fee","image":0,"visibility":true},{"label":"Veil verdant camo","price":"","price_type":"flat_fee","image":0,"visibility":true}]}],"_links":{"self":[{"href":"https:\/\/www.huntersfriend.eu\/sv\/wp-json\/wp\/v2\/product\/286620","targetHints":{"allow":["GET"]}}],"collection":[{"href":"https:\/\/www.huntersfriend.eu\/sv\/wp-json\/wp\/v2\/product"}],"about":[{"href":"https:\/\/www.huntersfriend.eu\/sv\/wp-json\/wp\/v2\/types\/product"}],"replies":[{"embeddable":true,"href":"https:\/\/www.huntersfriend.eu\/sv\/wp-json\/wp\/v2\/comments?post=286620"}],"wp:featuredmedia":[{"embeddable":true,"href":"https:\/\/www.huntersfriend.eu\/sv\/wp-json\/wp\/v2\/media\/263167"}],"wp:attachment":[{"href":"https:\/\/www.huntersfriend.eu\/sv\/wp-json\/wp\/v2\/media?parent=286620"}],"wp:term":[{"taxonomy":"product_brand","embeddable":true,"href":"https:\/\/www.huntersfriend.eu\/sv\/wp-json\/wp\/v2\/product_brand?post=286620"},{"taxonomy":"product_cat","embeddable":true,"href":"https:\/\/www.huntersfriend.eu\/sv\/wp-json\/wp\/v2\/product_cat?post=286620"},{"taxonomy":"product_tag","embeddable":true,"href":"https:\/\/www.huntersfriend.eu\/sv\/wp-json\/wp\/v2\/product_tag?post=286620"}],"curies":[{"name":"wp","href":"https:\/\/api.w.org\/{rel}","templated":true}]}}