{"id":286619,"date":"2024-02-05T13:44:46","date_gmt":"2024-02-05T11:44:46","guid":{"rendered":"https:\/\/www.huntersfriend.eu\/product\/rattfalla-for-hela-familjen\/"},"modified":"2025-08-26T11:40:36","modified_gmt":"2025-08-26T09:40:36","slug":"rattfalla-for-hela-familjen","status":"publish","type":"product","link":"https:\/\/www.huntersfriend.eu\/sv\/produkt\/rattfalla-for-hela-familjen\/","title":{"rendered":"R\u00e5ttf\u00e4lla f\u00f6r hela familjen"},"content":{"rendered":"<p>Pro Family-r\u00e5ttf\u00e4llan \u00e4r en r\u00e5ttf\u00e4lla som f\u00e5ngar r\u00e5ttor levande och kan f\u00e5nga flera r\u00e5ttor samtidigt. F\u00e4llans utl\u00f6sningsmekanism \u00e4r finjusterad f\u00f6r att vara k\u00e4nslig och enkel att st\u00e4lla in. Dessutom har f\u00e4llan en sekund\u00e4r ing\u00e5ng, vilket g\u00f6r att andra medlemmar i r\u00e5ttfamiljen kan komma in. F\u00e4llan \u00e4r tillverkad av h\u00f6gkvalitativa st\u00e4nger och \u00e4r gulpassiverad efter montering. Den levereras fullt monterad och klar att anv\u00e4ndas.    <\/p>\n<p>M\u00e5tt: 13 x 18 x 36 cm<\/p>\n","protected":false},"excerpt":{"rendered":"<p>Pro Family-r\u00e5ttf\u00e4llan \u00e4r en r\u00e5ttf\u00e4lla som f\u00e5ngar r\u00e5ttor levande och kan f\u00e5nga flera r\u00e5ttor samtidigt. F\u00e4llans utl\u00f6sningsmekanism \u00e4r finjusterad f\u00f6r att vara k\u00e4nslig och enkel att st\u00e4lla in. Dessutom har f\u00e4llan en sekund\u00e4r ing\u00e5ng, vilket g\u00f6r att andra medlemmar i r\u00e5ttfamiljen kan komma in. F\u00e4llan \u00e4r tillverkad av h\u00f6gkvalitativa st\u00e4nger och \u00e4r gulpassiverad efter montering. [&#8230;]\n","protected":false},"featured_media":286621,"comment_status":"open","ping_status":"closed","template":"","meta":[],"product_brand":[],"product_cat":[2696],"product_tag":[],"class_list":{"0":"post-286619","1":"product","2":"type-product","3":"status-publish","4":"has-post-thumbnail","6":"product_cat-fallor-och-fangsttillbehor","8":"first","9":"instock","10":"taxable","11":"shipping-taxable","12":"purchasable","13":"product-type-simple"},"composite_virtual":false,"composite_layout":"","composite_add_to_cart_form_location":"","composite_editable_in_cart":false,"composite_sold_individually_context":"","composite_shop_price_calc":"","composite_components":[],"composite_scenarios":[],"group_of_quantity":0,"min_quantity":0,"max_quantity":"","exclude_order_quantity_value_rules":"no","exclude_category_quantity_rules":"no","combine_variations":"no","exclude_global_add_ons":[],"addons":[],"_links":{"self":[{"href":"https:\/\/www.huntersfriend.eu\/sv\/wp-json\/wp\/v2\/product\/286619","targetHints":{"allow":["GET"]}}],"collection":[{"href":"https:\/\/www.huntersfriend.eu\/sv\/wp-json\/wp\/v2\/product"}],"about":[{"href":"https:\/\/www.huntersfriend.eu\/sv\/wp-json\/wp\/v2\/types\/product"}],"replies":[{"embeddable":true,"href":"https:\/\/www.huntersfriend.eu\/sv\/wp-json\/wp\/v2\/comments?post=286619"}],"wp:featuredmedia":[{"embeddable":true,"href":"https:\/\/www.huntersfriend.eu\/sv\/wp-json\/wp\/v2\/media\/286621"}],"wp:attachment":[{"href":"https:\/\/www.huntersfriend.eu\/sv\/wp-json\/wp\/v2\/media?parent=286619"}],"wp:term":[{"taxonomy":"product_brand","embeddable":true,"href":"https:\/\/www.huntersfriend.eu\/sv\/wp-json\/wp\/v2\/product_brand?post=286619"},{"taxonomy":"product_cat","embeddable":true,"href":"https:\/\/www.huntersfriend.eu\/sv\/wp-json\/wp\/v2\/product_cat?post=286619"},{"taxonomy":"product_tag","embeddable":true,"href":"https:\/\/www.huntersfriend.eu\/sv\/wp-json\/wp\/v2\/product_tag?post=286619"}],"curies":[{"name":"wp","href":"https:\/\/api.w.org\/{rel}","templated":true}]}}