{"id":286613,"date":"2024-02-05T13:44:45","date_gmt":"2024-02-05T11:44:45","guid":{"rendered":"https:\/\/www.huntersfriend.eu\/product\/gungbrada-for-moss\/"},"modified":"2025-08-26T11:40:35","modified_gmt":"2025-08-26T09:40:35","slug":"gungbrada-for-moss","status":"publish","type":"product","link":"https:\/\/www.huntersfriend.eu\/sv\/produkt\/gungbrada-for-moss\/","title":{"rendered":"Gungbr\u00e4da f\u00f6r m\u00f6ss"},"content":{"rendered":"<p>Den levandef\u00e5ngande mussf\u00e4llan \u00e4r en tv\u00e5v\u00e4gsf\u00e4lla, vilket g\u00f6r den till en effektiv anordning f\u00f6r hem- eller stugbruk. Dess speciella egenskap \u00e4r dess driftsmetod, som f\u00f6rhindrar f\u00f6rgiftade m\u00f6ss fr\u00e5n att fly fr\u00e5n f\u00e4llan p\u00e5 grund av dess gungbr\u00e4de-liknande mekanism. Detta f\u00f6rhindrar att giftet b\u00e4rs ut i naturen av m\u00f6ssen.  <\/p>\n<p>Att anv\u00e4nda gungbr\u00e4def\u00e4llan \u00e4r enkelt och smidigt. H\u00e4r \u00e4r n\u00e5gra tips f\u00f6r att anv\u00e4nda och placera f\u00e4llan: <\/p>\n<ol>\n<li>Placera f\u00e4llan n\u00e4ra musens g\u00e5ngar och ing\u00e5ngspunkter. Undvik att placera f\u00e4llan i direkt solljus. <\/li>\n<li>Placera f\u00e4llan s\u00e5 att den \u00e4r l\u00e4tt att kontrollera.<\/li>\n<li>Enkel inspektion tack vare det ljusa, transparenta locket.<\/li>\n<li>Bete och\/eller gift placeras inuti f\u00e4llan.<\/li>\n<li>Betestips: Choklad och lakrits lockar m\u00f6ss!<\/li>\n<\/ol>\n","protected":false},"excerpt":{"rendered":"<p>Den levandef\u00e5ngande mussf\u00e4llan \u00e4r en tv\u00e5v\u00e4gsf\u00e4lla, vilket g\u00f6r den till en effektiv anordning f\u00f6r hem- eller stugbruk. Dess speciella egenskap \u00e4r dess driftsmetod, som f\u00f6rhindrar f\u00f6rgiftade m\u00f6ss fr\u00e5n att fly fr\u00e5n f\u00e4llan p\u00e5 grund av dess gungbr\u00e4de-liknande mekanism. Detta f\u00f6rhindrar att giftet b\u00e4rs ut i naturen av m\u00f6ssen. Att anv\u00e4nda gungbr\u00e4def\u00e4llan \u00e4r enkelt och smidigt. [&#8230;]\n","protected":false},"featured_media":286614,"comment_status":"open","ping_status":"closed","template":"","meta":[],"product_brand":[],"product_cat":[2696],"product_tag":[],"class_list":{"0":"post-286613","1":"product","2":"type-product","3":"status-publish","4":"has-post-thumbnail","6":"product_cat-fallor-och-fangsttillbehor","8":"first","9":"outofstock","10":"taxable","11":"shipping-taxable","12":"purchasable","13":"product-type-simple"},"composite_virtual":false,"composite_layout":"","composite_add_to_cart_form_location":"","composite_editable_in_cart":false,"composite_sold_individually_context":"","composite_shop_price_calc":"","composite_components":[],"composite_scenarios":[],"group_of_quantity":0,"min_quantity":0,"max_quantity":"","exclude_order_quantity_value_rules":"no","exclude_category_quantity_rules":"no","combine_variations":"no","exclude_global_add_ons":[],"addons":[],"_links":{"self":[{"href":"https:\/\/www.huntersfriend.eu\/sv\/wp-json\/wp\/v2\/product\/286613","targetHints":{"allow":["GET"]}}],"collection":[{"href":"https:\/\/www.huntersfriend.eu\/sv\/wp-json\/wp\/v2\/product"}],"about":[{"href":"https:\/\/www.huntersfriend.eu\/sv\/wp-json\/wp\/v2\/types\/product"}],"replies":[{"embeddable":true,"href":"https:\/\/www.huntersfriend.eu\/sv\/wp-json\/wp\/v2\/comments?post=286613"}],"wp:featuredmedia":[{"embeddable":true,"href":"https:\/\/www.huntersfriend.eu\/sv\/wp-json\/wp\/v2\/media\/286614"}],"wp:attachment":[{"href":"https:\/\/www.huntersfriend.eu\/sv\/wp-json\/wp\/v2\/media?parent=286613"}],"wp:term":[{"taxonomy":"product_brand","embeddable":true,"href":"https:\/\/www.huntersfriend.eu\/sv\/wp-json\/wp\/v2\/product_brand?post=286613"},{"taxonomy":"product_cat","embeddable":true,"href":"https:\/\/www.huntersfriend.eu\/sv\/wp-json\/wp\/v2\/product_cat?post=286613"},{"taxonomy":"product_tag","embeddable":true,"href":"https:\/\/www.huntersfriend.eu\/sv\/wp-json\/wp\/v2\/product_tag?post=286613"}],"curies":[{"name":"wp","href":"https:\/\/api.w.org\/{rel}","templated":true}]}}