{"id":286611,"date":"2024-02-01T11:43:12","date_gmt":"2024-02-01T09:43:12","guid":{"rendered":"https:\/\/www.huntersfriend.eu\/product\/diamond-edge-xt-kit-anpassad-pilbage\/"},"modified":"2025-08-26T11:40:32","modified_gmt":"2025-08-26T09:40:32","slug":"diamond-edge-xt-kit-anpassad-pilbage","status":"publish","type":"product","link":"https:\/\/www.huntersfriend.eu\/sv\/produkt\/diamond-edge-xt-kit-anpassad-pilbage\/","title":{"rendered":"Diamond Edge XT-kit anpassad pilb\u00e5ge"},"content":{"rendered":"<p style=\"text-align: left;\" align=\"center\"><span data-text-color=\"alert\"><strong>Kontrollera v\u00e5r Diamond Edge XT I lager-sida f\u00f6r att se om vi har pilb\u00e5gen innan du best\u00e4ller h\u00e4rifr\u00e5n. Du kan ocks\u00e5 kontakta oss direkt f\u00f6r mer information om tillg\u00e4nglighet och leveranstider. <\/strong><\/span><\/p>\n<h3>Vi presenterar Edge XT, \u00e4kta premiumprestanda, utan den h\u00f6ga prislappen. Banbrytande innovationer finns i varje pilb\u00e5ge vi producerar, och den h\u00e4r snygga pilb\u00e5gen h\u00e5ller inte tillbaka. Med 50 lbs dragvikt och 23 tums justerbarhet i dragl\u00e4ngd kan n\u00e4stan vilken b\u00e5gskytt som helst sk\u00f6rda de f\u00f6rdelar som bara Edge XT ger. Den strategiskt konstruerade burformade stommen och fyrdelade lemmarna skapar ultimat stabilitet och premiumprecision som ingen annan pilb\u00e5ge i den h\u00e4r prisklassen kan erbjuda. Som gr\u00e4dde p\u00e5 moset \u00e4r den fullt utrustad f\u00f6r att du ska kunna b\u00f6rja skjuta p\u00e5 n\u00e5gra minuter.    <\/h3>\n<h3>RAK-kitet inneh\u00e5ller<\/h3>\n<ul>\n<li>Pilb\u00e5ge<\/li>\n<li data-title=\"Octane Furnace 4-Arrow Quiver\" data-desc=\"An ultra-durable, quick-detachable quiver. This quiver locks in nearly any size arrow and broadhead combination.\" data-price=\"19.99\" data-thumbnail=\"https:\/\/diamondarchery.com\/app\/uploads\/2021\/01\/Furnace-quiver-500.png\">Octane Furnace 4-pils koger<\/li>\n<li data-title=\"3 Pin Sight\" data-desc=\"A durable and lightweight 3 pin sight.\" data-price=\"\" data-thumbnail=\"https:\/\/diamondarchery.com\/app\/uploads\/2020\/06\/Stryker-3Pin-sight-1000.png\"><i class=\"fas fa-info-circle\" aria-hidden=\"true\"><\/i>3-pinsikte<\/li>\n<li data-title=\"5 Inch Stabilizer\" data-desc=\"A 5 in. stabilizer that reduces sound and vibration while increasing accuracy.\" data-price=\"\" data-thumbnail=\"https:\/\/diamondarchery.com\/app\/uploads\/2020\/06\/Boost-stabilizer-1000.png\"><i class=\"fas fa-info-circle\" aria-hidden=\"true\"><\/i>5-tums stabilisator<\/li>\n<li data-title=\"Brush Rest\" data-desc=\"A full capture arrow rest that features easy arrow loading and allows for any size or type of arrow.\" data-price=\"\" data-thumbnail=\"https:\/\/diamondarchery.com\/app\/uploads\/2020\/06\/Octagon-rest-1000.png\"><i class=\"fas fa-info-circle\" aria-hidden=\"true\"><\/i>Borstst\u00f6d<\/li>\n<li data-title=\"Diamond Wrist Strap\" data-desc=\"A durable nylon sling that prohibits dropping the bow while shooting.\" data-price=\"\" data-thumbnail=\"https:\/\/diamondarchery.com\/app\/uploads\/2020\/06\/wrist-strap-1000.png\"><i class=\"fas fa-info-circle\" aria-hidden=\"true\"><\/i>Diamond handledsrem<\/li>\n<li data-title=\"3 Strand Peep\" data-desc=\"Keeps peep centered no matter string position.\" data-price=\"8.99\" data-thumbnail=\"https:\/\/diamondarchery.com\/app\/uploads\/2021\/01\/Peep-3Groove-500B.png\"><i class=\"fas fa-info-circle\" aria-hidden=\"true\"><\/i>Peep<\/li>\n<\/ul>\n<p><em>Observera att fabrikstillverkade kit, oavsett tillverkare, varken \u00e4r trimmade eller redo att skjutas direkt ur kartongen.<\/em><\/p>\n<div>\n<h6>SNYGGT UTSEENDE, FANTASTISK M\u00c5NGSIDIGHET, FANTASTISKT PRIS<\/h6>\n<ul>\n<li>En strategiskt konstruerad burformad stomme \u00f6kar stabiliteten och precisionen.<\/li>\n<li>Fyrdelad lemdesign \u00f6kar stabiliteten vid fullt drag f\u00f6r konsekvent precision fr\u00e5n skott till skott.<\/li>\n<li>Inga separata moduler eller kammar beh\u00f6vs, g\u00f6r-det-sj\u00e4lv-justeringar av dragl\u00e4ngden p\u00e5 n\u00e5gra minuter.<\/li>\n<li>50 lbs dragvikt och 12,5 tums justering av dragl\u00e4ngden.<\/li>\n<li>Begr\u00e4nsad livstidsgaranti.<\/li>\n<\/ul>\n<\/div>\n<div>\n<ul class=\"grid-x\">\n<li class=\"spec-wrapper small-12 medium-6\">\n<div class=\"spec__content\"><span class=\"spec__title\">VIKT <\/span><span class=\"spec__value\">3,7 LBS<\/span><\/div>\n<p>L\u00e4ttare pilb\u00e5gar kan vara bra f\u00f6r r\u00f6rlighet, medan till\u00e4gg av vikt eller d\u00e4mpare praktiskt taget kan eliminera vibrationer.<\/li>\n<li class=\"spec-wrapper small-12 medium-6\">\n<div class=\"spec__content\"><span class=\"spec__title\">DRAGL\u00c4NGD <\/span><span class=\"spec__value\">19 \u201c- 31\u201d<\/span><\/div>\n<p>Compoundb\u00e5gar har ett justerbart dragl\u00e4ngdsintervall och b\u00f6r st\u00e4llas in f\u00f6r att passa din unika kroppsstorlek och form.<\/li>\n<li class=\"spec-wrapper small-12 medium-6\">\n<div class=\"spec__content\"><span class=\"spec__title\">DRAGVIKT <\/span><span class=\"spec__value\">20 &#8211; 70 LBS<\/span><\/div>\n<p>Maximal dragvikt kan vanligtvis reduceras med 10 lbs. Detta ger bekv\u00e4ma dragcykler f\u00f6r alla samtidigt som energin maximeras. <\/li>\n<li class=\"spec-wrapper small-12 medium-6\">\n<div class=\"spec__content\"><span class=\"spec__title\">HASTIGHET <\/span><span class=\"spec__value\">300 FPS<\/span><\/div>\n<p>Dagens genomsnittliga pilb\u00e5gshastigheter erbjuder mer f\u00f6rl\u00e5telse p\u00e5 skottet \u00e4n n\u00e5gonsin. Snabbare pilb\u00e5gar kan leverera mer energi p\u00e5 l\u00e4ngre avst\u00e5nd. <\/li>\n<li class=\"spec-wrapper small-12 medium-6\">\n<div class=\"spec__content\"><span class=\"spec__title\">AXEL TILL AXEL <\/span><span class=\"spec__value\">31&#8243;<\/span><\/div>\n<p>L\u00e4ngre pilb\u00e5gar kan \u00f6ka stabiliteten, medan kortare pilb\u00e5gar kan vara b\u00e4ttre l\u00e4mpade f\u00f6r man\u00f6vrerbarhet och tr\u00e5nga utrymmen.<\/li>\n<li class=\"spec-wrapper small-12 medium-6\">\n<div class=\"spec__content\"><span class=\"spec__title\">STR\u00c4NGH\u00d6JD <\/span><span class=\"spec__value\">6,75&#8243;<\/span><\/div>\n<p>En l\u00e4ngre str\u00e4ngh\u00f6jd kan erbjuda mer f\u00f6rl\u00e5telse p\u00e5 skottet, medan en kortare str\u00e4ngh\u00f6jd kan g\u00f6ra en snabb pilb\u00e5ge \u00e4nnu snabbare.<\/li>\n<\/ul>\n<\/div>\n<div><\/div>\n","protected":false},"excerpt":{"rendered":"<p>Kontrollera v\u00e5r Diamond Edge XT I lager-sida f\u00f6r att se om vi har pilb\u00e5gen innan du best\u00e4ller h\u00e4rifr\u00e5n. Du kan ocks\u00e5 kontakta oss direkt f\u00f6r mer information om tillg\u00e4nglighet och leveranstider. Vi presenterar Edge XT, \u00e4kta premiumprestanda, utan den h\u00f6ga prislappen. Banbrytande innovationer finns i varje pilb\u00e5ge vi producerar, och den h\u00e4r snygga pilb\u00e5gen h\u00e5ller [&#8230;]\n","protected":false},"featured_media":263146,"comment_status":"open","ping_status":"closed","template":"","meta":[],"product_brand":[],"product_cat":[2842],"product_tag":[],"class_list":{"0":"post-286611","1":"product","2":"type-product","3":"status-publish","4":"has-post-thumbnail","6":"product_cat-compound-fabrikssatser","7":"product_shipping_class-big-sv","9":"first","10":"onbackorder","11":"taxable","12":"shipping-taxable","13":"purchasable","14":"product-type-simple"},"composite_virtual":false,"composite_layout":"","composite_add_to_cart_form_location":"","composite_editable_in_cart":false,"composite_sold_individually_context":"","composite_shop_price_calc":"","composite_components":[],"composite_scenarios":[],"group_of_quantity":0,"min_quantity":0,"max_quantity":"","exclude_order_quantity_value_rules":"no","exclude_category_quantity_rules":"no","combine_variations":"no","exclude_global_add_ons":false,"addons":[{"name":"B\u00e5ghand","type":"multiple_choice","position":0,"required":true,"title_format":"label","default":"","description_enable":false,"description":null,"placeholder_enable":false,"placeholder":null,"display":"select","restrictions_type":"any_text","adjust_price":false,"price":"","price_type":"flat_fee","restrictions":false,"min":"0","max":"0","options":[{"label":"H\u00f6ger hand","price":"","price_type":"flat_fee","image":0,"visibility":true},{"label":"V\u00e4nster hand","price":"","price_type":"flat_fee","image":0,"visibility":true}]},{"name":"F\u00e4rg","type":"multiple_choice","position":1,"required":true,"title_format":"label","default":"","description_enable":false,"description":null,"placeholder_enable":false,"placeholder":null,"display":"select","restrictions_type":"any_text","adjust_price":false,"price":"","price_type":"flat_fee","restrictions":false,"min":"0","max":"0","options":[{"label":"Svart","price":"","price_type":"flat_fee","image":0,"visibility":true},{"label":"Breakup Country Camo","price":"","price_type":"flat_fee","image":0,"visibility":true},{"label":"Green Country Roots","price":"","price_type":"flat_fee","image":0,"visibility":true},{"label":"Teal Country Roots","price":"","price_type":"flat_fee","image":0,"visibility":true}]}],"_links":{"self":[{"href":"https:\/\/www.huntersfriend.eu\/sv\/wp-json\/wp\/v2\/product\/286611","targetHints":{"allow":["GET"]}}],"collection":[{"href":"https:\/\/www.huntersfriend.eu\/sv\/wp-json\/wp\/v2\/product"}],"about":[{"href":"https:\/\/www.huntersfriend.eu\/sv\/wp-json\/wp\/v2\/types\/product"}],"replies":[{"embeddable":true,"href":"https:\/\/www.huntersfriend.eu\/sv\/wp-json\/wp\/v2\/comments?post=286611"}],"wp:featuredmedia":[{"embeddable":true,"href":"https:\/\/www.huntersfriend.eu\/sv\/wp-json\/wp\/v2\/media\/263146"}],"wp:attachment":[{"href":"https:\/\/www.huntersfriend.eu\/sv\/wp-json\/wp\/v2\/media?parent=286611"}],"wp:term":[{"taxonomy":"product_brand","embeddable":true,"href":"https:\/\/www.huntersfriend.eu\/sv\/wp-json\/wp\/v2\/product_brand?post=286611"},{"taxonomy":"product_cat","embeddable":true,"href":"https:\/\/www.huntersfriend.eu\/sv\/wp-json\/wp\/v2\/product_cat?post=286611"},{"taxonomy":"product_tag","embeddable":true,"href":"https:\/\/www.huntersfriend.eu\/sv\/wp-json\/wp\/v2\/product_tag?post=286611"}],"curies":[{"name":"wp","href":"https:\/\/api.w.org\/{rel}","templated":true}]}}