{"id":286609,"date":"2024-02-01T11:03:06","date_gmt":"2024-02-01T09:03:06","guid":{"rendered":"https:\/\/www.huntersfriend.eu\/product\/diamond-infinite-305-factory-kit-anpassad-pilbage\/"},"modified":"2025-08-26T11:40:31","modified_gmt":"2025-08-26T09:40:31","slug":"diamond-infinite-305-factory-kit-anpassad-pilbage","status":"publish","type":"product","link":"https:\/\/www.huntersfriend.eu\/sv\/produkt\/diamond-infinite-305-factory-kit-anpassad-pilbage\/","title":{"rendered":"Diamond infinite 305 factory Kit \u2013 anpassad pilb\u00e5ge"},"content":{"rendered":"<p style=\"text-align: left;\" align=\"center\"><span data-text-color=\"alert\"><strong>Kontrollera v\u00e5r Diamond Infinite 305 I lager-sida f\u00f6r att se om vi har pilb\u00e5gen innan du best\u00e4ller h\u00e4rifr\u00e5n. Du kan ocks\u00e5 kontakta oss direkt f\u00f6r mer information om tillg\u00e4nglighet och leveranstider. <\/strong><\/span><\/p>\n<h3>RAK-kitet inkluderar<\/h3>\n<ul>\n<li>Pilb\u00e5ge<\/li>\n<li>Octagon Brush-pilhylla<\/li>\n<li>Stryker3-pin sikte<\/li>\n<li>Boost-stabilisator<\/li>\n<li>Furnace-pilb\u00e5gskoger<\/li>\n<li>peep sight och handledsrem.<\/li>\n<\/ul>\n<p><em>Observera att fabrikstillverkade kit, oavsett tillverkare, varken \u00e4r trimmade eller redo att skjutas direkt ur kartongen.<\/em><\/p>\n<div>\n<p>WOW! De har f\u00f6rb\u00e4ttrat den b\u00e4sts\u00e4ljande Infinite Edge Pro-pilb\u00e5gen!! Maximal prestanda och enkel justerbarhet, f\u00f6r att inte tala om ett fantastiskt utseende. Allt detta i den nya Infinite 305 till ett pris du inte skulle f\u00f6rv\u00e4nta dig. Konstruerad f\u00f6r alla jaktf\u00f6rh\u00e5llanden, i alla milj\u00f6er eller f\u00f6r fritidsbruk i tr\u00e4dg\u00e5rden. Det enorma dragl\u00e4ngdsintervallet p\u00e5 12 tum och 63 punds dragvikt justeras snabbt och enkelt utan behov av en pilb\u00e5gspress. Med Infinite 305 \u00e4r m\u00f6jligheterna o\u00e4ndliga.      <\/p>\n<h3>Specifikationer<\/h3>\n<\/div>\n<div>\n<table style=\"height: 55px;\" width=\"1100\" align=\"\">\n<tbody>\n<tr>\n<td><strong>IBO HASTIGHET<\/strong><br \/>\n305 fps<\/td>\n<td><strong>AXEL TILL AXEL<\/strong><br \/>\n32&#8243;<\/td>\n<td><strong>STR\u00c4VH\u00d6JD<\/strong><br \/>\n7.25&#8243;<\/td>\n<td><strong>DRAGVIKTER<\/strong><br \/>\n7-70#<\/td>\n<td><strong>DRAGL\u00c4NGDER<\/strong><br \/>\n19 \u201ctill 31\u201d<\/td>\n<td><strong>LET-OFF<\/strong><br \/>\n77 %<\/td>\n<td><strong>PILB\u00c5GSMASSA<\/strong><br \/>\n3.3#<\/td>\n<td><strong>FINISH<\/strong><br \/>\nbreak-up country, svart eller rosa<\/td>\n<\/tr>\n<\/tbody>\n<\/table>\n<\/div>\n<div>Den h\u00e4r pilb\u00e5gen t\u00e4cks av Diamonds livstidsgaranti.<\/div>\n<div><\/div>\n","protected":false},"excerpt":{"rendered":"<p>Kontrollera v\u00e5r Diamond Infinite 305 I lager-sida f\u00f6r att se om vi har pilb\u00e5gen innan du best\u00e4ller h\u00e4rifr\u00e5n. Du kan ocks\u00e5 kontakta oss direkt f\u00f6r mer information om tillg\u00e4nglighet och leveranstider. RAK-kitet inkluderar Pilb\u00e5ge Octagon Brush-pilhylla Stryker3-pin sikte Boost-stabilisator Furnace-pilb\u00e5gskoger peep sight och handledsrem. Observera att fabrikstillverkade kit, oavsett tillverkare, varken \u00e4r trimmade eller redo [&#8230;]\n","protected":false},"featured_media":250192,"comment_status":"open","ping_status":"closed","template":"","meta":[],"product_brand":[],"product_cat":[878],"product_tag":[],"class_list":{"0":"post-286609","1":"product","2":"type-product","3":"status-publish","4":"has-post-thumbnail","6":"product_cat-uncategorized-sv","7":"product_shipping_class-big-sv","9":"first","10":"outofstock","11":"taxable","12":"shipping-taxable","13":"purchasable","14":"product-type-simple"},"composite_virtual":false,"composite_layout":"","composite_add_to_cart_form_location":"","composite_editable_in_cart":false,"composite_sold_individually_context":"","composite_shop_price_calc":"","composite_components":[],"composite_scenarios":[],"group_of_quantity":0,"min_quantity":0,"max_quantity":"","exclude_order_quantity_value_rules":"no","exclude_category_quantity_rules":"no","combine_variations":"no","exclude_global_add_ons":false,"addons":[{"name":"B\u00e5ghand","type":"multiple_choice","position":0,"required":true,"title_format":"label","default":"","description_enable":false,"description":null,"placeholder_enable":false,"placeholder":null,"display":"select","restrictions_type":"any_text","adjust_price":false,"price":"","price_type":"flat_fee","restrictions":false,"min":"0","max":"0","options":[{"label":"H\u00f6ger hand","price":"","price_type":"flat_fee","image":0,"visibility":true}],"id":1718015126},{"name":"F\u00e4rg","type":"multiple_choice","position":1,"required":true,"title_format":"label","default":"","description_enable":false,"description":null,"placeholder_enable":false,"placeholder":null,"display":"select","restrictions_type":"any_text","adjust_price":false,"price":"","price_type":"flat_fee","restrictions":false,"min":"0","max":"0","options":[{"label":"Svart","price":"","price_type":"flat_fee","image":0,"visibility":true},{"label":"Breakup country camo","price":"","price_type":"flat_fee","image":0,"visibility":true},{"label":"Green country roots","price":"","price_type":"flat_fee","image":0,"visibility":true},{"label":"Teal country roots","price":"","price_type":"flat_fee","image":0,"visibility":true}],"id":1718015127}],"_links":{"self":[{"href":"https:\/\/www.huntersfriend.eu\/sv\/wp-json\/wp\/v2\/product\/286609","targetHints":{"allow":["GET"]}}],"collection":[{"href":"https:\/\/www.huntersfriend.eu\/sv\/wp-json\/wp\/v2\/product"}],"about":[{"href":"https:\/\/www.huntersfriend.eu\/sv\/wp-json\/wp\/v2\/types\/product"}],"replies":[{"embeddable":true,"href":"https:\/\/www.huntersfriend.eu\/sv\/wp-json\/wp\/v2\/comments?post=286609"}],"wp:featuredmedia":[{"embeddable":true,"href":"https:\/\/www.huntersfriend.eu\/sv\/wp-json\/wp\/v2\/media\/250192"}],"wp:attachment":[{"href":"https:\/\/www.huntersfriend.eu\/sv\/wp-json\/wp\/v2\/media?parent=286609"}],"wp:term":[{"taxonomy":"product_brand","embeddable":true,"href":"https:\/\/www.huntersfriend.eu\/sv\/wp-json\/wp\/v2\/product_brand?post=286609"},{"taxonomy":"product_cat","embeddable":true,"href":"https:\/\/www.huntersfriend.eu\/sv\/wp-json\/wp\/v2\/product_cat?post=286609"},{"taxonomy":"product_tag","embeddable":true,"href":"https:\/\/www.huntersfriend.eu\/sv\/wp-json\/wp\/v2\/product_tag?post=286609"}],"curies":[{"name":"wp","href":"https:\/\/api.w.org\/{rel}","templated":true}]}}