{"id":286607,"date":"2024-01-31T11:03:35","date_gmt":"2024-01-31T09:03:35","guid":{"rendered":"https:\/\/www.huntersfriend.eu\/product\/darton-emergence-bage-i-lager\/"},"modified":"2025-08-26T11:40:30","modified_gmt":"2025-08-26T09:40:30","slug":"darton-emergence-bage-i-lager","status":"publish","type":"product","link":"https:\/\/www.huntersfriend.eu\/sv\/produkt\/darton-emergence-bage-i-lager\/","title":{"rendered":"Darton Emergence-b\u00e5ge \u2013 i lager"},"content":{"rendered":"<p><strong>NYHET 2024 EMERGENCE<br \/>\nDet sj\u00e4lvklara vinnarvalet f\u00f6r den avancerade b\u00e5gskytten<br \/>\n<\/strong><\/p>\n<p><span data-fontfamily=\"Source Sans 3\">Darton har skapat ett nytt riktm\u00e4rke f\u00f6r en kompakt m\u00e5lskyttsb\u00e5ge! Emergence \u00e4r Dartons senaste b\u00e5ge med DualSync-kammar med Equalizing-oksystemet, speciellt gjord f\u00f6r den lovande eller avancerade b\u00e5gskytten. H\u00e4r kompromissas det INTE med prestandan! Detta kommer att vara valet f\u00f6r alla som vill skjuta m\u00e5nga pilar utan att bli tr\u00f6tta. Emergence \u00e4r en b\u00e5ge med kort dragl\u00e4ngd som passar skyttar fr\u00e5n 13 till 70 \u00e5r med en dragvikt under 50 pund. Du f\u00e5r Dartons senaste teknik och prestandainnovationer i en kompakt modell som garanterar sj\u00e4lvf\u00f6rtroende vid skjutning.     <\/span><\/p>\n<ul>\n<li>HELT NY UPP\u00d6JD DESIGN<\/li>\n<li>HELT nytt grepp<\/li>\n<li>7075 t-6511 f\u00f6rstr\u00e4ckt och f\u00f6rsp\u00e4nd stomme!<\/li>\n<li>7075-kammar<\/li>\n<li>1\/4&#8243; axlar<\/li>\n<li>5\/8&#8243; lager<\/li>\n<li>.790 Lemmar och lemmfickor (\u00f6kar stabiliteten)<\/li>\n<li>Patenterat e-system<\/li>\n<li>QAD-integrerat st\u00f6d<\/li>\n<li>Justerbart rullskydd<\/li>\n<li>1\/4&#8243; dragjusteringar<\/li>\n<li>Resonansd\u00e4mpningsmodul<\/li>\n<\/ul>\n<p>PRECISIONSSPECIFIKATIONER<\/p>\n<p><span data-fontfamily=\"Source Sans 3\">Den viktigaste faktorn f\u00f6r att g\u00f6ra d\u00f6dligt exakta skott \u00e4r precisionstoleranser. V\u00e5ra kunder rapporterar ofta \u00e4nnu sn\u00e4vare toleranser \u00e4n vi anger. Du kommer att m\u00e4rka skillnaden.  <\/span><\/p>\n<ul>\n<li>\n<ul>\n<li>\n<ul>\n<li>HASTIGHET: N\/A<\/li>\n<li>AXEL-TILL-AXEL: 32,5&#8243;<\/li>\n<li>ST\u00d6DH\u00d6JD: 6 1\/8&#8243;<\/li>\n<li>VIKT: 3,7 LBS.<\/li>\n<li>DRAGL\u00c4NGDER: 24 \u201c-29\u201d<\/li>\n<li>DRAGVIKTER: 35-50<\/li>\n<li>LET-OFF: 80 % (justerbar)<\/li>\n<\/ul>\n<\/li>\n<\/ul>\n<\/li>\n<\/ul>\n","protected":false},"excerpt":{"rendered":"<p>NYHET 2024 EMERGENCE Det sj\u00e4lvklara vinnarvalet f\u00f6r den avancerade b\u00e5gskytten Darton har skapat ett nytt riktm\u00e4rke f\u00f6r en kompakt m\u00e5lskyttsb\u00e5ge! Emergence \u00e4r Dartons senaste b\u00e5ge med DualSync-kammar med Equalizing-oksystemet, speciellt gjord f\u00f6r den lovande eller avancerade b\u00e5gskytten. H\u00e4r kompromissas det INTE med prestandan! Detta kommer att vara valet f\u00f6r alla som vill skjuta m\u00e5nga pilar [&#8230;]\n","protected":false},"featured_media":262991,"comment_status":"open","ping_status":"closed","template":"","meta":[],"product_brand":[],"product_cat":[878],"product_tag":[],"class_list":{"0":"post-286607","1":"product","2":"type-product","3":"status-publish","4":"has-post-thumbnail","6":"product_cat-uncategorized-sv","7":"product_shipping_class-big-sv","9":"first","10":"outofstock","11":"taxable","12":"shipping-taxable","13":"product-type-simple"},"composite_virtual":false,"composite_layout":"","composite_add_to_cart_form_location":"","composite_editable_in_cart":false,"composite_sold_individually_context":"","composite_shop_price_calc":"","composite_components":[],"composite_scenarios":[],"group_of_quantity":0,"min_quantity":0,"max_quantity":"","exclude_order_quantity_value_rules":"no","exclude_category_quantity_rules":"no","combine_variations":"no","exclude_global_add_ons":[],"addons":[],"_links":{"self":[{"href":"https:\/\/www.huntersfriend.eu\/sv\/wp-json\/wp\/v2\/product\/286607","targetHints":{"allow":["GET"]}}],"collection":[{"href":"https:\/\/www.huntersfriend.eu\/sv\/wp-json\/wp\/v2\/product"}],"about":[{"href":"https:\/\/www.huntersfriend.eu\/sv\/wp-json\/wp\/v2\/types\/product"}],"replies":[{"embeddable":true,"href":"https:\/\/www.huntersfriend.eu\/sv\/wp-json\/wp\/v2\/comments?post=286607"}],"wp:featuredmedia":[{"embeddable":true,"href":"https:\/\/www.huntersfriend.eu\/sv\/wp-json\/wp\/v2\/media\/262991"}],"wp:attachment":[{"href":"https:\/\/www.huntersfriend.eu\/sv\/wp-json\/wp\/v2\/media?parent=286607"}],"wp:term":[{"taxonomy":"product_brand","embeddable":true,"href":"https:\/\/www.huntersfriend.eu\/sv\/wp-json\/wp\/v2\/product_brand?post=286607"},{"taxonomy":"product_cat","embeddable":true,"href":"https:\/\/www.huntersfriend.eu\/sv\/wp-json\/wp\/v2\/product_cat?post=286607"},{"taxonomy":"product_tag","embeddable":true,"href":"https:\/\/www.huntersfriend.eu\/sv\/wp-json\/wp\/v2\/product_tag?post=286607"}],"curies":[{"name":"wp","href":"https:\/\/api.w.org\/{rel}","templated":true}]}}