{"id":286605,"date":"2024-01-31T14:52:48","date_gmt":"2024-01-31T12:52:48","guid":{"rendered":"https:\/\/www.huntersfriend.eu\/product\/darton-exodus-custom-bage\/"},"modified":"2025-08-26T11:40:30","modified_gmt":"2025-08-26T09:40:30","slug":"darton-exodus-custom-bage","status":"publish","type":"product","link":"https:\/\/www.huntersfriend.eu\/sv\/produkt\/darton-exodus-custom-bage\/","title":{"rendered":"Darton exodus custom-b\u00e5ge"},"content":{"rendered":"<p><strong>Exodus: En pl\u00f6tslig avf\u00e4rd av ett stort antal m\u00e4nniskor.<\/strong> N\u00e4r du v\u00e4l upplever den o\u00f6vertr\u00e4ffade precisionen hos Exodus, utrustad med v\u00e5rt patenterade E-system, kommer du omedelbart att f\u00f6rst\u00e5 dess distinkta namn. Med en m\u00e4tning p\u00e5 37 \u201ctum\u201d axel-till-axel, en 7 \u201ctums\u201d str\u00e4ngh\u00f6jd och en verklig hastighet p\u00e5 325\u2013326 FPS \u2013 utan en antydan till \u00f6verdrivna prestandaanspr\u00e5k \u2013 st\u00e5r den som f\u00f6rkroppsligandet av sanningen inom ingenj\u00f6rskonsten. Exodus siktar, riktar och skjuter inte bara som en m\u00e5lskytts dr\u00f6m, utan den s\u00e4tter ocks\u00e5 standarden f\u00f6r vad en m\u00e5lskyttsb\u00e5ge verkligen borde vara.  <\/p>\n<ul>\n<li><strong>TILLVERKAD MED STOLTHET I USA<\/strong><\/li>\n<li>HELT ny greppvinkel och grepp<\/li>\n<li>HELT ny EX Cam<\/li>\n<li>7075 dubbla synkroniserade cams<\/li>\n<li>1\/4&#8243; axlar<\/li>\n<li>5\/8&#8243; lager<\/li>\n<li>.790 Lemmar och lemmfickor (\u00f6kar stabiliteten)<\/li>\n<li>Patenterat e-system<\/li>\n<li>1\/4&#8243; dragmodjusteringar<\/li>\n<li>Patenterad cam med djupt sp\u00e5r<\/li>\n<li>L\u00e4tt att ta bort mods<\/li>\n<\/ul>\n<p><span data-fontfamily=\"Oswald\" data-fontweight=\"300\">Den viktigaste faktorn f\u00f6r att g\u00f6ra d\u00f6dligt exakta skott \u00e4r precisionstoleranser. V\u00e5ra kunder rapporterar ofta \u00e4nnu sn\u00e4vare toleranser \u00e4n vi anger. Du kommer att m\u00e4rka skillnaden.  <\/span><\/p>\n<p><strong>HASTIGHET: 325-326 FAKTISK<\/strong><\/p>\n<p>AXEL-TILL-AXEL: 37&#8243;<\/p>\n<p>STR\u00c4NGH\u00d6JD: 7&#8243;<\/p>\n<p>VIKT: 4,9 LBS.<\/p>\n<p>DRAGL\u00c4NGDER: 25,5 \u201c-32\u201d levereras med 28 \u201c-30,5\u201d mod som standard<\/p>\n<p>DRAGVIKTER: 40, 50, 60, 70<\/p>\n<p>LET-OFF: (75%-65% justerbar) med dragstoppflikar inkluderade<\/p>\n","protected":false},"excerpt":{"rendered":"<p>Exodus: En pl\u00f6tslig avf\u00e4rd av ett stort antal m\u00e4nniskor. N\u00e4r du v\u00e4l upplever den o\u00f6vertr\u00e4ffade precisionen hos Exodus, utrustad med v\u00e5rt patenterade E-system, kommer du omedelbart att f\u00f6rst\u00e5 dess distinkta namn. Med en m\u00e4tning p\u00e5 37 \u201ctum\u201d axel-till-axel, en 7 \u201ctums\u201d str\u00e4ngh\u00f6jd och en verklig hastighet p\u00e5 325\u2013326 FPS \u2013 utan en antydan till \u00f6verdrivna [&#8230;]\n","protected":false},"featured_media":263052,"comment_status":"open","ping_status":"closed","template":"","meta":[],"product_brand":[],"product_cat":[878],"product_tag":[],"class_list":{"0":"post-286605","1":"product","2":"type-product","3":"status-publish","4":"has-post-thumbnail","6":"product_cat-uncategorized-sv","7":"product_shipping_class-big-sv","9":"first","10":"outofstock","11":"taxable","12":"shipping-taxable","13":"purchasable","14":"product-type-simple"},"composite_virtual":false,"composite_layout":"","composite_add_to_cart_form_location":"","composite_editable_in_cart":false,"composite_sold_individually_context":"","composite_shop_price_calc":"","composite_components":[],"composite_scenarios":[],"group_of_quantity":0,"min_quantity":0,"max_quantity":"","exclude_order_quantity_value_rules":"no","exclude_category_quantity_rules":"no","combine_variations":"no","exclude_global_add_ons":false,"addons":[{"name":"B\u00e5ghand","type":"multiple_choice","position":0,"required":true,"title_format":"label","default":"","description_enable":false,"description":null,"placeholder_enable":false,"placeholder":null,"display":"select","restrictions_type":"any_text","adjust_price":false,"price":"","price_type":"flat_fee","restrictions":false,"min":"0","max":"0","options":[{"label":"H\u00f6ger hand","price":"","price_type":"flat_fee","image":0,"visibility":true},{"label":"V\u00e4nster hand","price":"","price_type":"flat_fee","image":0,"visibility":true}]},{"name":"F\u00e4rg","type":"multiple_choice","position":1,"required":true,"title_format":"label","default":"","description_enable":false,"description":null,"placeholder_enable":false,"placeholder":null,"display":"select","restrictions_type":"any_text","adjust_price":false,"price":"","price_type":"flat_fee","restrictions":false,"min":"0","max":"0","options":[{"label":"Svart med svarta lemmar","price":"","price_type":"flat_fee","image":0,"visibility":true},{"label":"Svart med vita lemmar","price":"","price_type":"flat_fee","image":0,"visibility":true},{"label":"Candy Blue med svarta lemmar","price":"","price_type":"flat_fee","image":0,"visibility":true},{"label":"Candy Blue med vita lemmar","price":"","price_type":"flat_fee","image":0,"visibility":true},{"label":"Candy Purple med svarta lemmar","price":"","price_type":"flat_fee","image":0,"visibility":true},{"label":"Candy Purple med vita lemmar","price":"","price_type":"flat_fee","image":0,"visibility":true},{"label":"Candy Red med svarta lemmar","price":"","price_type":"flat_fee","image":0,"visibility":true},{"label":"Candy Red med vita lemmar","price":"","price_type":"flat_fee","image":0,"visibility":true},{"label":"Candy Teal med svarta lemmar","price":"","price_type":"flat_fee","image":0,"visibility":true},{"label":"Candy Teal med vita lemmar","price":"","price_type":"flat_fee","image":0,"visibility":true},{"label":"Gr\u00e5 med svarta lemmar","price":"","price_type":"flat_fee","image":0,"visibility":true},{"label":"Gr\u00e5 med vita lemmar","price":"","price_type":"flat_fee","image":0,"visibility":true},{"label":"OD Green med svarta lemmar","price":"","price_type":"flat_fee","image":0,"visibility":true},{"label":"OD Green med vita lemmar","price":"","price_type":"flat_fee","image":0,"visibility":true},{"label":"Vit med svarta lemmar","price":"","price_type":"flat_fee","image":0,"visibility":true},{"label":"Vit med vita lemmar","price":"","price_type":"flat_fee","image":0,"visibility":true}]},{"name":"Dragvikt","type":"multiple_choice","position":2,"required":true,"title_format":"label","default":"","description_enable":false,"description":null,"placeholder_enable":false,"placeholder":null,"display":"select","restrictions_type":"any_text","adjust_price":false,"price":"","price_type":"flat_fee","restrictions":false,"min":"0","max":"0","options":[{"label":"30-40#","price":"","price_type":"flat_fee","image":0,"visibility":true},{"label":"40-50#","price":"","price_type":"flat_fee","image":0,"visibility":true},{"label":"50-60#","price":"","price_type":"flat_fee","image":0,"visibility":true},{"label":"60-70#","price":"","price_type":"flat_fee","image":0,"visibility":true}]},{"name":"Dragl\u00e4ngd - ex Cam mods","type":"multiple_choice","position":3,"required":true,"title_format":"label","default":"","description_enable":false,"description":null,"placeholder_enable":false,"placeholder":null,"display":"select","restrictions_type":"any_text","adjust_price":false,"price":"","price_type":"flat_fee","restrictions":false,"min":"0","max":"0","options":[{"label":"25.25-25.75\"","price":"","price_type":"flat_fee","image":0,"visibility":true},{"label":"26-26.75\"","price":"","price_type":"flat_fee","image":0,"visibility":true},{"label":"26.75-28\"","price":"","price_type":"flat_fee","image":0,"visibility":true},{"label":"28-30\"","price":"","price_type":"flat_fee","image":0,"visibility":true},{"label":"30-31\"","price":"","price_type":"flat_fee","image":0,"visibility":true},{"label":"31-32\"","price":"","price_type":"flat_fee","image":0,"visibility":true}]}],"_links":{"self":[{"href":"https:\/\/www.huntersfriend.eu\/sv\/wp-json\/wp\/v2\/product\/286605","targetHints":{"allow":["GET"]}}],"collection":[{"href":"https:\/\/www.huntersfriend.eu\/sv\/wp-json\/wp\/v2\/product"}],"about":[{"href":"https:\/\/www.huntersfriend.eu\/sv\/wp-json\/wp\/v2\/types\/product"}],"replies":[{"embeddable":true,"href":"https:\/\/www.huntersfriend.eu\/sv\/wp-json\/wp\/v2\/comments?post=286605"}],"wp:featuredmedia":[{"embeddable":true,"href":"https:\/\/www.huntersfriend.eu\/sv\/wp-json\/wp\/v2\/media\/263052"}],"wp:attachment":[{"href":"https:\/\/www.huntersfriend.eu\/sv\/wp-json\/wp\/v2\/media?parent=286605"}],"wp:term":[{"taxonomy":"product_brand","embeddable":true,"href":"https:\/\/www.huntersfriend.eu\/sv\/wp-json\/wp\/v2\/product_brand?post=286605"},{"taxonomy":"product_cat","embeddable":true,"href":"https:\/\/www.huntersfriend.eu\/sv\/wp-json\/wp\/v2\/product_cat?post=286605"},{"taxonomy":"product_tag","embeddable":true,"href":"https:\/\/www.huntersfriend.eu\/sv\/wp-json\/wp\/v2\/product_tag?post=286605"}],"curies":[{"name":"wp","href":"https:\/\/api.w.org\/{rel}","templated":true}]}}