{"id":286604,"date":"2024-01-31T01:00:17","date_gmt":"2024-01-30T23:00:17","guid":{"rendered":"https:\/\/www.huntersfriend.eu\/product\/reese-utomhus-kod\/"},"modified":"2025-08-26T11:40:29","modified_gmt":"2025-08-26T09:40:29","slug":"reese-utomhus-kod","status":"publish","type":"product","link":"https:\/\/www.huntersfriend.eu\/sv\/produkt\/reese-utomhus-kod\/","title":{"rendered":"Reese utomhus KOD"},"content":{"rendered":"<p>KOD (kiss of death) \u00e4r ett bettstils predatorlock som producerar b\u00e5de kanin- och fawn-n\u00f6dljud. KOD har en kort pipa f\u00f6r enkel handsk\u00e5lning av pipan under anv\u00e4ndning. Detta lock rekommenderas f\u00f6r pr\u00e4rievarg, r\u00e4v, schakal och varg. <\/p>\n","protected":false},"excerpt":{"rendered":"<p>KOD (kiss of death) \u00e4r ett bettstils predatorlock som producerar b\u00e5de kanin- och fawn-n\u00f6dljud. KOD har en kort pipa f\u00f6r enkel handsk\u00e5lning av pipan under anv\u00e4ndning. Detta lock rekommenderas f\u00f6r pr\u00e4rievarg, r\u00e4v, schakal och varg.<\/p>\n","protected":false},"featured_media":286606,"comment_status":"open","ping_status":"closed","template":"","meta":[],"product_brand":[],"product_cat":[2800],"product_tag":[],"class_list":{"0":"post-286604","1":"product","2":"type-product","3":"status-publish","4":"has-post-thumbnail","6":"product_cat-rovdjursljud","8":"first","9":"instock","10":"taxable","11":"shipping-taxable","12":"purchasable","13":"product-type-simple"},"composite_virtual":false,"composite_layout":"","composite_add_to_cart_form_location":"","composite_editable_in_cart":false,"composite_sold_individually_context":"","composite_shop_price_calc":"","composite_components":[],"composite_scenarios":[],"group_of_quantity":0,"min_quantity":0,"max_quantity":"","exclude_order_quantity_value_rules":"no","exclude_category_quantity_rules":"no","combine_variations":"no","exclude_global_add_ons":[],"addons":[],"_links":{"self":[{"href":"https:\/\/www.huntersfriend.eu\/sv\/wp-json\/wp\/v2\/product\/286604","targetHints":{"allow":["GET"]}}],"collection":[{"href":"https:\/\/www.huntersfriend.eu\/sv\/wp-json\/wp\/v2\/product"}],"about":[{"href":"https:\/\/www.huntersfriend.eu\/sv\/wp-json\/wp\/v2\/types\/product"}],"replies":[{"embeddable":true,"href":"https:\/\/www.huntersfriend.eu\/sv\/wp-json\/wp\/v2\/comments?post=286604"}],"wp:featuredmedia":[{"embeddable":true,"href":"https:\/\/www.huntersfriend.eu\/sv\/wp-json\/wp\/v2\/media\/286606"}],"wp:attachment":[{"href":"https:\/\/www.huntersfriend.eu\/sv\/wp-json\/wp\/v2\/media?parent=286604"}],"wp:term":[{"taxonomy":"product_brand","embeddable":true,"href":"https:\/\/www.huntersfriend.eu\/sv\/wp-json\/wp\/v2\/product_brand?post=286604"},{"taxonomy":"product_cat","embeddable":true,"href":"https:\/\/www.huntersfriend.eu\/sv\/wp-json\/wp\/v2\/product_cat?post=286604"},{"taxonomy":"product_tag","embeddable":true,"href":"https:\/\/www.huntersfriend.eu\/sv\/wp-json\/wp\/v2\/product_tag?post=286604"}],"curies":[{"name":"wp","href":"https:\/\/api.w.org\/{rel}","templated":true}]}}