{"id":286602,"date":"2024-01-31T14:02:55","date_gmt":"2024-01-31T12:02:55","guid":{"rendered":"https:\/\/www.huntersfriend.eu\/product\/darton-sequel-33-i-lager\/"},"modified":"2025-08-26T11:40:28","modified_gmt":"2025-08-26T09:40:28","slug":"darton-sequel-33-i-lager","status":"publish","type":"product","link":"https:\/\/www.huntersfriend.eu\/sv\/produkt\/darton-sequel-33-i-lager\/","title":{"rendered":"Darton Sequel 33 \u2013 i lager"},"content":{"rendered":"<p style=\"text-align: left\" align=\"center\"><strong><span style=\"font-size: 120%\">DARTON SEQUEL 33<\/span><\/strong><\/p>\n<p style=\"text-align: left\" align=\"center\"><strong>H\u00d6RNSTENEN F\u00d6R F\u00d6R\u00c4NDRING<\/strong><\/p>\n<p style=\"text-align: left\" align=\"center\"><span data-fontfamily=\"Source Sans 3\" data-fontweight=\"300\">Den HELT nya Sequel 33 designades fr\u00e5n grunden. Det enda som \u00e4r sig likt \u00e4r INGENTING! Ord r\u00e4cker inte till f\u00f6r att beskriva Sequel 33:s smidighet, komfort och prestanda! Med en helt ny SMIDD 7075 T6-stegring \u00e4r den h\u00e4r grejen ROBUST! Den omdesignade stegringen ger Darton ett utseende som ALDRIG tidigare sk\u00e5dats och kommer garanterat att tysta de h\u00e5rdaste kritikerna! Dartons nya Cam, som vi kallar BBS Cam, designades f\u00f6r smidighet, komfort och hastighet, och det \u00e4r PRECIS vad den levererar. Det h\u00e4r kommer att vara den smidigaste dragb\u00e5gen du n\u00e5gonsin h\u00f6rt talas om eftersom den \u00e4r viskande tyst! Dartons HELT nya .870 lemmar och lemfickor ger stabilitet, hastighet och en otrolig k\u00e4nsla!<\/span><\/p>\n<p style=\"text-align: left\" align=\"center\"><strong>\u00d6VERL\u00c4GSEN KVALITET OCH PRECISIONS-TOLERANSER<\/strong><\/p>\n<ul>\n<li>HELT NY UPP\u00d6JD DESIGN<\/li>\n<li>7075 t-6511 f\u00f6rsp\u00e4nd smidd<\/li>\n<li>7075 BBS dubbla synkroniserade cams<\/li>\n<li>1\/4\u2033 axlar<\/li>\n<li>5\/8\u2033 lager<\/li>\n<li>.870 Limbs and Limb Pockets (\u00d6kar stabiliteten)<\/li>\n<li>DARTON-GREPPVINKELN<\/li>\n<li>QAD Integrerat st\u00f6d f\u00f6r st\u00f6d<\/li>\n<li>Rullskydd<\/li>\n<li>Nytt ok-system<\/li>\n<li>Roterande MOD<\/li>\n<\/ul>\n<p><strong>PRECISIONSSPECIFIKATIONER<\/strong><\/p>\n<p><span data-fontfamily=\"Oswald\" data-fontweight=\"300\">Den viktigaste faktorn f\u00f6r att g\u00f6ra d\u00f6dligt exakta skott \u00e4r precisionstoleranser. Darton-kunder rapporterar ofta \u00e4nnu sn\u00e4vare toleranser \u00e4n de specificerar. Du kommer att m\u00e4rka skillnaden.  <\/span><\/p>\n<ul>\n<li>HASTIGHET: FAKTISK 335-334 FPS<\/li>\n<li>AXEL-TILL-AXEL: 33 1\/16\u2033<\/li>\n<li>STR\u00c4NGH\u00d6JD: 6,3\u2033<\/li>\n<li>MASSAVIKT: 4,65 LBS. (Utan LVS installerat ing\u00e5r med b\u00e5gen) <\/li>\n<li>DRAGL\u00c4NGDER: 25,5\u2033-31,5\u2033<\/li>\n<li>DRAGVIKTER: 50, 60, 70<\/li>\n<li>LET-OFF: 85-80 % justerbar med dragstoppstolpar<\/li>\n<li><strong>BCY 452X NATURLIGT B\u00c5GSTR\u00c4NGSMATERIAL<\/strong><\/li>\n<li>TILLVERKAD I USA<\/li>\n<\/ul>\n<p><strong>Darton Sequel 33 finns i m\u00e5nga olika f\u00e4rgalternativ:<\/strong><\/p>\n<ul>\n<li>Svart stegring med svarta lemmar<\/li>\n<li>Desert Tan med svarta lemmar<\/li>\n<li>Flat dark Earth med svarta lemmar<\/li>\n<li>Gr\u00e5 med svarta lemmar<\/li>\n<li>Kings XK7 Camo<\/li>\n<li>Kings XK7 Camo med svarta lemmar<\/li>\n<li>OD Green med svarta lemmar<\/li>\n<li>URSI emerge 2.0 camo<\/li>\n<li>URSI emerge 2.0 camo med svarta lemmar<\/li>\n<\/ul>\n<p align=\"center\">\n","protected":false},"excerpt":{"rendered":"<p>DARTON SEQUEL 33 H\u00d6RNSTENEN F\u00d6R F\u00d6R\u00c4NDRING Den HELT nya Sequel 33 designades fr\u00e5n grunden. Det enda som \u00e4r sig likt \u00e4r INGENTING! Ord r\u00e4cker inte till f\u00f6r att beskriva Sequel 33:s smidighet, komfort och prestanda! Med en helt ny SMIDD 7075 T6-stegring \u00e4r den h\u00e4r grejen ROBUST! Den omdesignade stegringen ger Darton ett utseende som [&#8230;]\n","protected":false},"featured_media":262291,"comment_status":"open","ping_status":"closed","template":"","meta":[],"product_brand":[],"product_cat":[878],"product_tag":[],"class_list":{"0":"post-286602","1":"product","2":"type-product","3":"status-publish","4":"has-post-thumbnail","6":"product_cat-uncategorized-sv","7":"product_shipping_class-big-sv","9":"first","10":"outofstock","11":"taxable","12":"shipping-taxable","13":"product-type-simple"},"composite_virtual":false,"composite_layout":"","composite_add_to_cart_form_location":"","composite_editable_in_cart":false,"composite_sold_individually_context":"","composite_shop_price_calc":"","composite_components":[],"composite_scenarios":[],"group_of_quantity":0,"min_quantity":0,"max_quantity":"","exclude_order_quantity_value_rules":"no","exclude_category_quantity_rules":"no","combine_variations":"no","exclude_global_add_ons":[],"addons":[],"_links":{"self":[{"href":"https:\/\/www.huntersfriend.eu\/sv\/wp-json\/wp\/v2\/product\/286602","targetHints":{"allow":["GET"]}}],"collection":[{"href":"https:\/\/www.huntersfriend.eu\/sv\/wp-json\/wp\/v2\/product"}],"about":[{"href":"https:\/\/www.huntersfriend.eu\/sv\/wp-json\/wp\/v2\/types\/product"}],"replies":[{"embeddable":true,"href":"https:\/\/www.huntersfriend.eu\/sv\/wp-json\/wp\/v2\/comments?post=286602"}],"wp:featuredmedia":[{"embeddable":true,"href":"https:\/\/www.huntersfriend.eu\/sv\/wp-json\/wp\/v2\/media\/262291"}],"wp:attachment":[{"href":"https:\/\/www.huntersfriend.eu\/sv\/wp-json\/wp\/v2\/media?parent=286602"}],"wp:term":[{"taxonomy":"product_brand","embeddable":true,"href":"https:\/\/www.huntersfriend.eu\/sv\/wp-json\/wp\/v2\/product_brand?post=286602"},{"taxonomy":"product_cat","embeddable":true,"href":"https:\/\/www.huntersfriend.eu\/sv\/wp-json\/wp\/v2\/product_cat?post=286602"},{"taxonomy":"product_tag","embeddable":true,"href":"https:\/\/www.huntersfriend.eu\/sv\/wp-json\/wp\/v2\/product_tag?post=286602"}],"curies":[{"name":"wp","href":"https:\/\/api.w.org\/{rel}","templated":true}]}}