{"id":286601,"date":"2024-01-31T01:00:16","date_gmt":"2024-01-30T23:00:16","guid":{"rendered":"https:\/\/www.huntersfriend.eu\/product\/reese-outdoors-crazytail\/"},"modified":"2025-08-26T11:40:28","modified_gmt":"2025-08-26T09:40:28","slug":"reese-outdoors-crazytail","status":"publish","type":"product","link":"https:\/\/www.huntersfriend.eu\/sv\/produkt\/reese-outdoors-crazytail\/","title":{"rendered":"Reese outdoors crazytail"},"content":{"rendered":"<p>Crazy Tail har en tunnare intern r\u00f6rbladsdesign \u00e4n Jack on Crack. Den producerar en mjukare och mindre raspig tonh\u00f6jd \u00e4n sin onda tvilling. Crazy Tail rekommenderas starkt f\u00f6r att locka till sig djur i omr\u00e5den med t\u00e4t vegetation och skydd. CT \u00e4r designad f\u00f6r att locka till sig schakal, pr\u00e4rievarg, r\u00e4v, m\u00e5rdhund och r\u00f6dlo.   <\/p>\n","protected":false},"excerpt":{"rendered":"<p>Crazy Tail har en tunnare intern r\u00f6rbladsdesign \u00e4n Jack on Crack. Den producerar en mjukare och mindre raspig tonh\u00f6jd \u00e4n sin onda tvilling. Crazy Tail rekommenderas starkt f\u00f6r att locka till sig djur i omr\u00e5den med t\u00e4t vegetation och skydd. CT \u00e4r designad f\u00f6r att locka till sig schakal, pr\u00e4rievarg, r\u00e4v, m\u00e5rdhund och r\u00f6dlo.<\/p>\n","protected":false},"featured_media":286603,"comment_status":"open","ping_status":"closed","template":"","meta":[],"product_brand":[],"product_cat":[2800],"product_tag":[],"class_list":{"0":"post-286601","1":"product","2":"type-product","3":"status-publish","4":"has-post-thumbnail","6":"product_cat-rovdjursljud","8":"first","9":"instock","10":"taxable","11":"shipping-taxable","12":"purchasable","13":"product-type-simple"},"composite_virtual":false,"composite_layout":"","composite_add_to_cart_form_location":"","composite_editable_in_cart":false,"composite_sold_individually_context":"","composite_shop_price_calc":"","composite_components":[],"composite_scenarios":[],"group_of_quantity":0,"min_quantity":0,"max_quantity":"","exclude_order_quantity_value_rules":"no","exclude_category_quantity_rules":"no","combine_variations":"no","exclude_global_add_ons":[],"addons":[],"_links":{"self":[{"href":"https:\/\/www.huntersfriend.eu\/sv\/wp-json\/wp\/v2\/product\/286601","targetHints":{"allow":["GET"]}}],"collection":[{"href":"https:\/\/www.huntersfriend.eu\/sv\/wp-json\/wp\/v2\/product"}],"about":[{"href":"https:\/\/www.huntersfriend.eu\/sv\/wp-json\/wp\/v2\/types\/product"}],"replies":[{"embeddable":true,"href":"https:\/\/www.huntersfriend.eu\/sv\/wp-json\/wp\/v2\/comments?post=286601"}],"wp:featuredmedia":[{"embeddable":true,"href":"https:\/\/www.huntersfriend.eu\/sv\/wp-json\/wp\/v2\/media\/286603"}],"wp:attachment":[{"href":"https:\/\/www.huntersfriend.eu\/sv\/wp-json\/wp\/v2\/media?parent=286601"}],"wp:term":[{"taxonomy":"product_brand","embeddable":true,"href":"https:\/\/www.huntersfriend.eu\/sv\/wp-json\/wp\/v2\/product_brand?post=286601"},{"taxonomy":"product_cat","embeddable":true,"href":"https:\/\/www.huntersfriend.eu\/sv\/wp-json\/wp\/v2\/product_cat?post=286601"},{"taxonomy":"product_tag","embeddable":true,"href":"https:\/\/www.huntersfriend.eu\/sv\/wp-json\/wp\/v2\/product_tag?post=286601"}],"curies":[{"name":"wp","href":"https:\/\/api.w.org\/{rel}","templated":true}]}}