{"id":286598,"date":"2024-01-31T12:53:16","date_gmt":"2024-01-31T10:53:16","guid":{"rendered":"https:\/\/www.huntersfriend.eu\/product\/darton-consequence-i-lager\/"},"modified":"2025-08-26T11:40:27","modified_gmt":"2025-08-26T09:40:27","slug":"darton-consequence-i-lager","status":"publish","type":"product","link":"https:\/\/www.huntersfriend.eu\/sv\/produkt\/darton-consequence-i-lager\/","title":{"rendered":"Darton Consequence \u2013 i lager"},"content":{"rendered":"<p style=\"font-weight: 400\">D\u00e4r flaggskeppskvalitet m\u00f6ter prisv\u00e4rdhet<\/p>\n<p style=\"font-weight: 400\">Om du letar efter en kort axel till axel, extremt smidig, f\u00f6rl\u00e5tande och tyst pilb\u00e5ge att anv\u00e4nda i din koja eller tr\u00e4dstam \u00e4r Consequence pilb\u00e5gen f\u00f6r dig. Drivs av v\u00e5r senaste version av v\u00e5rt DualSync BBS-kamsystem med en justerbar\/roterande modul som m\u00f6jligg\u00f6r 1\/2\u201d dragl\u00e4ngds\u00f6kningar. N\u00e4r du plockar upp Consequence kommer du direkt att m\u00e4rka att den delar m\u00e5nga av attributen och funktionerna som v\u00e5r nyaste medlem i Darton Family of bows: snabb, tyst och en smidig dragcykel. Den ultrakompakta 29,5\u201d axel till axel-l\u00e4ngden g\u00f6r detta till din &#8221;go to&#8221;-pilb\u00e5ge n\u00e4r jakt och utrymme n\u00e4mns i samma mening, du hittar ingen pilb\u00e5ge med den prestanda, funktioner som erbjuds av Consequence till detta pris.   <\/p>\n<ul>\n<li>HELT NY UPP\u00d6JD DESIGN<\/li>\n<li>HELT nytt grepp<\/li>\n<li>7075 T6 aluminium BBS dual sync cams<\/li>\n<li>1\/4&#8243; axlar<\/li>\n<li>5\/8&#8243; lager<\/li>\n<li>.870 Limbs and Limb Pockets (\u00d6kar stabiliteten)<\/li>\n<li>Darton-greppet<\/li>\n<li>Rullskydd<\/li>\n<li>Nytt ok-system<\/li>\n<li>Roterande MOD<\/li>\n<\/ul>\n<p><span data-fontfamily=\"Source Sans 3\">Den viktigaste faktorn f\u00f6r att g\u00f6ra d\u00f6dligt exakta skott \u00e4r precisionstoleranser. V\u00e5ra kunder rapporterar ofta \u00e4nnu sn\u00e4vare toleranser \u00e4n vi anger. Du kommer att m\u00e4rka skillnaden.  <\/span><\/p>\n<ul>\n<li>\n<ul>\n<li>\n<ul>\n<li>HASTIGHET: 320-321 FPS<\/li>\n<li>AXEL-TILL-AXEL: 29,5&#8243;<\/li>\n<li>STR\u00c4VH\u00d6JD: 7,5&#8243;<\/li>\n<li>MASSAVIKT: 4,3 LBS.<\/li>\n<li>DRAGL\u00c4NGDER: 26 \u201c-31.5\u201d<\/li>\n<li>DRAGVIKTER: 50, 60, 70<\/li>\n<li>LET-OFF: 87-80%% (Justerbar med Draw Stop-stolpar)<\/li>\n<\/ul>\n<\/li>\n<\/ul>\n<\/li>\n<\/ul>\n","protected":false},"excerpt":{"rendered":"<p>D\u00e4r flaggskeppskvalitet m\u00f6ter prisv\u00e4rdhet Om du letar efter en kort axel till axel, extremt smidig, f\u00f6rl\u00e5tande och tyst pilb\u00e5ge att anv\u00e4nda i din koja eller tr\u00e4dstam \u00e4r Consequence pilb\u00e5gen f\u00f6r dig. Drivs av v\u00e5r senaste version av v\u00e5rt DualSync BBS-kamsystem med en justerbar\/roterande modul som m\u00f6jligg\u00f6r 1\/2\u201d dragl\u00e4ngds\u00f6kningar. N\u00e4r du plockar upp Consequence kommer du [&#8230;]\n","protected":false},"featured_media":263016,"comment_status":"open","ping_status":"closed","template":"","meta":[],"product_brand":[],"product_cat":[878],"product_tag":[],"class_list":{"0":"post-286598","1":"product","2":"type-product","3":"status-publish","4":"has-post-thumbnail","6":"product_cat-uncategorized-sv","7":"product_shipping_class-big-sv","9":"first","10":"outofstock","11":"taxable","12":"shipping-taxable","13":"product-type-simple"},"composite_virtual":false,"composite_layout":"","composite_add_to_cart_form_location":"","composite_editable_in_cart":false,"composite_sold_individually_context":"","composite_shop_price_calc":"","composite_components":[],"composite_scenarios":[],"group_of_quantity":0,"min_quantity":0,"max_quantity":"","exclude_order_quantity_value_rules":"no","exclude_category_quantity_rules":"no","combine_variations":"no","exclude_global_add_ons":[],"addons":[],"_links":{"self":[{"href":"https:\/\/www.huntersfriend.eu\/sv\/wp-json\/wp\/v2\/product\/286598","targetHints":{"allow":["GET"]}}],"collection":[{"href":"https:\/\/www.huntersfriend.eu\/sv\/wp-json\/wp\/v2\/product"}],"about":[{"href":"https:\/\/www.huntersfriend.eu\/sv\/wp-json\/wp\/v2\/types\/product"}],"replies":[{"embeddable":true,"href":"https:\/\/www.huntersfriend.eu\/sv\/wp-json\/wp\/v2\/comments?post=286598"}],"wp:featuredmedia":[{"embeddable":true,"href":"https:\/\/www.huntersfriend.eu\/sv\/wp-json\/wp\/v2\/media\/263016"}],"wp:attachment":[{"href":"https:\/\/www.huntersfriend.eu\/sv\/wp-json\/wp\/v2\/media?parent=286598"}],"wp:term":[{"taxonomy":"product_brand","embeddable":true,"href":"https:\/\/www.huntersfriend.eu\/sv\/wp-json\/wp\/v2\/product_brand?post=286598"},{"taxonomy":"product_cat","embeddable":true,"href":"https:\/\/www.huntersfriend.eu\/sv\/wp-json\/wp\/v2\/product_cat?post=286598"},{"taxonomy":"product_tag","embeddable":true,"href":"https:\/\/www.huntersfriend.eu\/sv\/wp-json\/wp\/v2\/product_tag?post=286598"}],"curies":[{"name":"wp","href":"https:\/\/api.w.org\/{rel}","templated":true}]}}