{"id":286590,"date":"2024-01-31T01:00:13","date_gmt":"2024-01-30T23:00:13","guid":{"rendered":"https:\/\/www.huntersfriend.eu\/product\/kamouflagenat-30-x-15-m\/"},"modified":"2025-08-26T11:40:21","modified_gmt":"2025-08-26T09:40:21","slug":"kamouflagenat-30-x-15-m","status":"publish","type":"product","link":"https:\/\/www.huntersfriend.eu\/sv\/produkt\/kamouflagenat-30-x-15-m\/","title":{"rendered":"Kamouflagen\u00e4t 3,0 x 1,5 m"},"content":{"rendered":"<p>Kamouflagen\u00e4tet bryter helt upp terr\u00e4ngens konturer och s\u00e4kerst\u00e4ller att j\u00e4garen sm\u00e4lter in i milj\u00f6n. N\u00e4tets f\u00e4rg s\u00e4kerst\u00e4ller maximal kamouflageeffekt. Det \u00e4r tillverkat av v\u00e4derbest\u00e4ndigt, vattenavvisande och tyst tyg. Det \u00e4r l\u00e4tt att f\u00e4sta med \u00f6glor i h\u00f6rnen eller metall\u00f6glor. L\u00e4mpligt f\u00f6r transport i en ryggs\u00e4ck.    <\/p>\n<ul>\n<li>100 % polyester<\/li>\n<li>F\u00e4rg: gr\u00e5.<\/li>\n<li>M\u00e5tt: 1,5 m x 3,0 m<\/li>\n<li>Vikt: cirka 1,2 kg<\/li>\n<\/ul>\n","protected":false},"excerpt":{"rendered":"<p>Kamouflagen\u00e4tet bryter helt upp terr\u00e4ngens konturer och s\u00e4kerst\u00e4ller att j\u00e4garen sm\u00e4lter in i milj\u00f6n. N\u00e4tets f\u00e4rg s\u00e4kerst\u00e4ller maximal kamouflageeffekt. Det \u00e4r tillverkat av v\u00e4derbest\u00e4ndigt, vattenavvisande och tyst tyg. Det \u00e4r l\u00e4tt att f\u00e4sta med \u00f6glor i h\u00f6rnen eller metall\u00f6glor. L\u00e4mpligt f\u00f6r transport i en ryggs\u00e4ck. 100 % polyester F\u00e4rg: gr\u00e5. M\u00e5tt: 1,5 m x 3,0 [&#8230;]\n","protected":false},"featured_media":0,"comment_status":"open","ping_status":"closed","template":"","meta":[],"product_brand":[],"product_cat":[878],"product_tag":[],"class_list":{"0":"post-286590","1":"product","2":"type-product","3":"status-publish","5":"product_cat-uncategorized-sv","7":"first","8":"outofstock","9":"taxable","10":"shipping-taxable","11":"purchasable","12":"product-type-simple"},"composite_virtual":false,"composite_layout":"","composite_add_to_cart_form_location":"","composite_editable_in_cart":false,"composite_sold_individually_context":"","composite_shop_price_calc":"","composite_components":[],"composite_scenarios":[],"group_of_quantity":0,"min_quantity":0,"max_quantity":"","exclude_order_quantity_value_rules":"no","exclude_category_quantity_rules":"no","combine_variations":"no","exclude_global_add_ons":[],"addons":[],"_links":{"self":[{"href":"https:\/\/www.huntersfriend.eu\/sv\/wp-json\/wp\/v2\/product\/286590","targetHints":{"allow":["GET"]}}],"collection":[{"href":"https:\/\/www.huntersfriend.eu\/sv\/wp-json\/wp\/v2\/product"}],"about":[{"href":"https:\/\/www.huntersfriend.eu\/sv\/wp-json\/wp\/v2\/types\/product"}],"replies":[{"embeddable":true,"href":"https:\/\/www.huntersfriend.eu\/sv\/wp-json\/wp\/v2\/comments?post=286590"}],"wp:attachment":[{"href":"https:\/\/www.huntersfriend.eu\/sv\/wp-json\/wp\/v2\/media?parent=286590"}],"wp:term":[{"taxonomy":"product_brand","embeddable":true,"href":"https:\/\/www.huntersfriend.eu\/sv\/wp-json\/wp\/v2\/product_brand?post=286590"},{"taxonomy":"product_cat","embeddable":true,"href":"https:\/\/www.huntersfriend.eu\/sv\/wp-json\/wp\/v2\/product_cat?post=286590"},{"taxonomy":"product_tag","embeddable":true,"href":"https:\/\/www.huntersfriend.eu\/sv\/wp-json\/wp\/v2\/product_tag?post=286590"}],"curies":[{"name":"wp","href":"https:\/\/api.w.org\/{rel}","templated":true}]}}