{"id":286589,"date":"2024-01-29T12:41:38","date_gmt":"2024-01-29T10:41:38","guid":{"rendered":"https:\/\/www.huntersfriend.eu\/product\/hoyt-torrex-rak-kit-anpassad-pilbage\/"},"modified":"2025-11-19T13:23:30","modified_gmt":"2025-11-19T11:23:30","slug":"hoyt-torrex-rak-kit-anpassad-pilbage","status":"publish","type":"product","link":"https:\/\/www.huntersfriend.eu\/sv\/produkt\/hoyt-torrex-rak-kit-anpassad-pilbage\/","title":{"rendered":"Hoyt torrex RAK Kit \u2013 anpassad pilb\u00e5ge"},"content":{"rendered":"<p><span data-text-color=\"alert\"><strong>Kontrollera v\u00e5r Hoyt Torrex I lager-sida f\u00f6r att se om vi har pilb\u00e5gen innan du best\u00e4ller h\u00e4rifr\u00e5n. Du kan ocks\u00e5 kontakta oss direkt f\u00f6r mer information om tillg\u00e4nglighet och leveranstider. <\/strong><\/span><\/p>\n<p>Observera att HFE \u00e4r en av ett f\u00e5tal Hoyt Flagship-\u00e5terf\u00f6rs\u00e4ljare i Europa som \u00e4r speciellt utvalda f\u00f6r att representera\/s\u00e4lja Hoyt compound- och recurveb\u00e5gar. Vi \u00e4r stolta \u00f6ver denna utm\u00e4rkelse. Hoyt ger dig m\u00f6jlighet att anpassa din pilb\u00e5ge efter din egen personliga stil, med ett brett utbud av f\u00e4rger, ytbehandlingar och b\u00e5gmodeller, och tack vare v\u00e5r relation med Hoyt kan vi leverera dessa anpassade pilb\u00e5gar lika snabbt som n\u00e5gon annan i hela Europa. Leveranstiderna \u00e4r vanligtvis 3\u20135 veckor beroende p\u00e5 s\u00e4song. Vi har alltid n\u00e5gra f\u00e4rger och dragvikter i lager, men de m\u00f6jliga kombinationerna f\u00f6r din anpassade pilb\u00e5ge \u00e4r enorma. S\u00e5 vi erbjuder denna fantastiska anpassningstj\u00e4nst utan extra kostnad.     <\/p>\n<p>Kitet inneh\u00e5ller: Pilb\u00e5ge, QAD Hunter drop away-pilhylla, Fuse 5-pin sikte, Fuse pilb\u00e5gskoger och Fuse stabilisator.<\/p>\n<h3>Pilb\u00e5gen<\/h3>\n<p>F\u00f6rmodligen den b\u00e4sta pilb\u00e5gen f\u00f6r pengarna, Torrex ger dig den perfekta blandningen av teknik, prestanda, stil och v\u00e4rde. Drivs av Cam and 1\/2-systemet, denna eleganta pilb\u00e5ge har en Split-Limb-design p\u00e5 en Hoyt TEC-riser, f\u00f6r en l\u00e4tt, h\u00e5rdsl\u00e5ende rigg som f\u00e4ller bockar. Stor p\u00e5 teknik och skonsam mot pl\u00e5nboken, Torrex levererar maximal kraft, precision och k\u00e4nsla med en minimal prislapp. Maximera din budget med Torrex.   <\/p>\n<ul>\n<li>X-act greppsystem<\/li>\n<li>Snygg, str\u00f6mlinjeformad TEC-Lite riser.<\/li>\n<li>Cam &amp; \u00bd ger j\u00e4mn hastighet.<\/li>\n<li>Roterande cam-moduler m\u00f6jligg\u00f6r enkel justering utan modulbyte eller en b\u00e5gpress.<\/li>\n<li>Gener\u00f6s dal och 75 % let-off.<\/li>\n<li>Split limbs med bred stans ger vridstabilitet.<\/li>\n<li>Limb Shox och Stealth Shot h\u00e5ller den viskande tyst.<\/li>\n<li>Pro-Fit Grip f\u00f6r ett bekv\u00e4mt vridmomentfritt grepp.<\/li>\n<li>Axel till axel 30 3\/4&#8243;<\/li>\n<li>Str\u00e4ngh\u00f6jd 7&#8243;<\/li>\n<li>Hastighet 327 FPS<\/li>\n<li>Dragl\u00e4ngd 26-30&#8243;<\/li>\n<li>Dragvikt 30-40#, 40-50#, 50-60#, 60-70#<\/li>\n<li>Massvikt 3,8 lbs<\/li>\n<li>Let off 80%<\/li>\n<\/ul>\n<p>&nbsp;<\/p>\n<table class=\"mceItemTable\" border=\"0\">\n<tbody>\n<tr>\n<td><img decoding=\"async\" class=\"size-medium wp-image-30912 aligncenter\" src=\"https:\/\/www.huntersfriend.eu\/app\/uploads\/2019\/03\/Teclite-300x200.jpg\" alt=\"\" width=\"300\" height=\"200\" srcset=\"https:\/\/www.huntersfriend.eu\/app\/uploads\/2019\/03\/Teclite-300x200.jpg 300w, https:\/\/www.huntersfriend.eu\/app\/uploads\/2019\/03\/Teclite-600x400.jpg 600w, https:\/\/www.huntersfriend.eu\/app\/uploads\/2019\/03\/Teclite-200x133.jpg 200w\" sizes=\"(max-width: 300px) 100vw, 300px\" \/><\/td>\n<\/tr>\n<tr>\n<td>\n<h3 style=\"text-align: center;\">Tec-lite riser-teknik<\/h3>\n<p style=\"text-align: center;\">P\u00e5 Hoyt \u00e4r vi k\u00e4nda runt om i v\u00e4rlden f\u00f6r v\u00e5ra extremt t\u00e5liga risers. V\u00e5ra Tec-Lite risers m\u00e5ste \u00f6verleva 1 500 torravfyrningar utan fel innan de ens \u00f6verv\u00e4gs f\u00f6r Hoyt-produktlinjen. Detta \u00e4r INTE en branschstandard. Detta \u00e4r Hoyt-standarden.   <\/p>\n<\/td>\n<\/tr>\n<\/tbody>\n<\/table>\n<p>&nbsp;<\/p>\n<table class=\"mceItemTable\" style=\"height: 632px;\" border=\"0\" width=\"748\">\n<tbody>\n<tr>\n<td><img decoding=\"async\" class=\"size-medium wp-image-30914 aligncenter\" src=\"https:\/\/www.huntersfriend.eu\/app\/uploads\/2019\/03\/Paralellsplit-300x200.jpg\" alt=\"\" width=\"300\" height=\"200\" srcset=\"https:\/\/www.huntersfriend.eu\/app\/uploads\/2019\/03\/Paralellsplit-300x200.jpg 300w, https:\/\/www.huntersfriend.eu\/app\/uploads\/2019\/03\/Paralellsplit-600x400.jpg 600w, https:\/\/www.huntersfriend.eu\/app\/uploads\/2019\/03\/Paralellsplit-200x133.jpg 200w\" sizes=\"(max-width: 300px) 100vw, 300px\" \/><\/td>\n<td>\n<h3><img decoding=\"async\" class=\"size-medium wp-image-29987 aligncenter\" src=\"https:\/\/www.huntersfriend.eu\/app\/uploads\/2018\/11\/Fusestring-300x200.jpg\" alt=\"\" width=\"300\" height=\"200\" srcset=\"https:\/\/www.huntersfriend.eu\/app\/uploads\/2018\/11\/Fusestring-300x200.jpg 300w, https:\/\/www.huntersfriend.eu\/app\/uploads\/2018\/11\/Fusestring-600x400.jpg 600w, https:\/\/www.huntersfriend.eu\/app\/uploads\/2018\/11\/Fusestring-200x133.jpg 200w\" sizes=\"(max-width: 300px) 100vw, 300px\" \/><\/h3>\n<\/td>\n<\/tr>\n<tr>\n<td style=\"text-align: left;\">\n<h3 style=\"text-align: center;\">Parallella split limbs<\/h3>\n<p style=\"text-align: center;\">V\u00e5ra parallella Split-Limb-designer eliminerar det s\u00e5rbara v-sp\u00e5ret och limb bolt-sp\u00e5ret d\u00e4r fel oftast uppst\u00e5r p\u00e5 traditionella solida limbs. Parallella Split-Limbs \u00e4r ocks\u00e5 l\u00e4ttare, effektivare och ger \u00f6kad pilhastighet, h\u00e5llbarhet och precision, och de \u00e4r konstruerade f\u00f6r att \u00f6verleva fantastiska 1 000 torravfyrningar vid 80 lbs dragvikt och 30\u201d dragl\u00e4ngd.  <\/p>\n<\/td>\n<td>\n<h3 style=\"text-align: center;\">Fuse anpassade str\u00e4ngar<\/h3>\n<p style=\"text-align: center;\">Bepr\u00f6vade med pallplatser runt om i v\u00e4rlden, FUSE Custom Strings \u00e4r byggda bergfast p\u00e5 h\u00f6gteknologiska datoriserade sp\u00e4nningsmaskiner vilket resulterar i str\u00e4ngar som inte t\u00f6js och peep sights som inte vrids.<\/p>\n<\/td>\n<\/tr>\n<tr>\n<td><img decoding=\"async\" class=\"size-medium wp-image-29993 aligncenter\" src=\"https:\/\/www.huntersfriend.eu\/app\/uploads\/2018\/11\/Hoyt-cam-300x200.jpg\" alt=\"\" width=\"300\" height=\"200\" srcset=\"https:\/\/www.huntersfriend.eu\/app\/uploads\/2018\/11\/Hoyt-cam-300x200.jpg 300w, https:\/\/www.huntersfriend.eu\/app\/uploads\/2018\/11\/Hoyt-cam-600x400.jpg 600w, https:\/\/www.huntersfriend.eu\/app\/uploads\/2018\/11\/Hoyt-cam-200x133.jpg 200w\" sizes=\"(max-width: 300px) 100vw, 300px\" \/><\/td>\n<td>\n<h3><img decoding=\"async\" class=\"size-medium wp-image-29991 aligncenter\" src=\"https:\/\/www.huntersfriend.eu\/app\/uploads\/2018\/11\/Stealthshot-300x200.jpg\" alt=\"\" width=\"300\" height=\"200\" srcset=\"https:\/\/www.huntersfriend.eu\/app\/uploads\/2018\/11\/Stealthshot-300x200.jpg 300w, https:\/\/www.huntersfriend.eu\/app\/uploads\/2018\/11\/Stealthshot-600x400.jpg 600w, https:\/\/www.huntersfriend.eu\/app\/uploads\/2018\/11\/Stealthshot-200x133.jpg 200w\" sizes=\"(max-width: 300px) 100vw, 300px\" \/><\/h3>\n<\/td>\n<\/tr>\n<tr>\n<td>\n<h3 style=\"text-align: center;\">Cam &amp; 1\/2 system<\/h3>\n<p style=\"text-align: center;\">\u00d6vre och nedre cams \u00e4r sammansm\u00e4lta med ett selesystem, vilket s\u00e4kerst\u00e4ller att de avfyras exakt samtidigt, varje g\u00e5ng f\u00f6r ultimat konsistens och precision. Inte konstigt att det \u00e4r det vinnande cam-systemet i Hoyts 80-\u00e5riga historia. <\/p>\n<\/td>\n<td>\n<h3 style=\"text-align: center;\">StealthShot-teknik<\/h3>\n<p style=\"text-align: center;\">Hoyts innovativa och tidstestade StealthShot\u2122-str\u00e4ngd\u00e4mpningssystem har uppgraderats med ett helt nytt patentskyddat material f\u00f6r att d\u00f6da buller och vibrationer mer \u00e4n n\u00e5gonsin. F\u00f6rutom att krossa buller \u00f6kar StealthShot ocks\u00e5 precisionen genom att ge en renare, skarpare frig\u00f6ring av pilen fr\u00e5n str\u00e4ngen f\u00f6r ett mer f\u00f6rl\u00e5tande skott. <\/p>\n<\/td>\n<\/tr>\n<\/tbody>\n<\/table>\n","protected":false},"excerpt":{"rendered":"<p>Kontrollera v\u00e5r Hoyt Torrex I lager-sida f\u00f6r att se om vi har pilb\u00e5gen innan du best\u00e4ller h\u00e4rifr\u00e5n. Du kan ocks\u00e5 kontakta oss direkt f\u00f6r mer information om tillg\u00e4nglighet och leveranstider. Observera att HFE \u00e4r en av ett f\u00e5tal Hoyt Flagship-\u00e5terf\u00f6rs\u00e4ljare i Europa som \u00e4r speciellt utvalda f\u00f6r att representera\/s\u00e4lja Hoyt compound- och recurveb\u00e5gar. Vi \u00e4r [&#8230;]\n","protected":false},"featured_media":190771,"comment_status":"open","ping_status":"closed","template":"","meta":[],"product_brand":[],"product_cat":[878],"product_tag":[],"class_list":{"0":"post-286589","1":"product","2":"type-product","3":"status-publish","4":"has-post-thumbnail","6":"product_cat-uncategorized-sv","7":"product_shipping_class-big-sv","9":"first","10":"outofstock","11":"taxable","12":"shipping-taxable","13":"purchasable","14":"product-type-simple"},"composite_virtual":false,"composite_layout":"","composite_add_to_cart_form_location":"","composite_editable_in_cart":false,"composite_sold_individually_context":"","composite_shop_price_calc":"","composite_components":[],"composite_scenarios":[],"group_of_quantity":0,"min_quantity":0,"max_quantity":"","exclude_order_quantity_value_rules":"no","exclude_category_quantity_rules":"no","combine_variations":"no","exclude_global_add_ons":false,"addons":[{"name":"B\u00e5ghand","type":"multiple_choice","position":0,"required":true,"title_format":"label","default":"","description_enable":false,"description":null,"placeholder_enable":false,"placeholder":null,"display":"select","restrictions_type":"any_text","adjust_price":false,"price":"","price_type":"flat_fee","restrictions":false,"min":"0","max":"0","options":[{"label":"H\u00f6ger hand","price":"","price_type":"flat_fee","image":0,"visibility":true},{"label":"V\u00e4nster hand","price":"","price_type":"flat_fee","image":0,"visibility":true}],"id":1725442323},{"name":"Dragvikt","type":"multiple_choice","position":1,"required":true,"title_format":"label","default":"","description_enable":false,"description":null,"placeholder_enable":false,"placeholder":null,"display":"select","restrictions_type":"any_text","adjust_price":false,"price":"","price_type":"flat_fee","restrictions":false,"min":"0","max":"0","options":[{"label":"30-40#","price":"","price_type":"flat_fee","image":0,"visibility":true},{"label":"40-50#","price":"","price_type":"flat_fee","image":0,"visibility":true},{"label":"55-65#","price":"","price_type":"flat_fee","image":0,"visibility":true},{"label":"60-70#","price":"","price_type":"flat_fee","image":0,"visibility":true}],"id":1725442324},{"name":"F\u00e4rgalternativ","type":"multiple_choice","position":2,"required":true,"title_format":"label","default":"","description_enable":false,"description":null,"placeholder_enable":false,"placeholder":null,"display":"select","restrictions_type":"any_text","adjust_price":false,"price":"","price_type":"flat_fee","restrictions":false,"min":"0","max":"0","options":[{"label":"Black out","price":"","price_type":"flat_fee","image":0,"visibility":true},{"label":"Wilderness handtag \/svarta lemmar","price":"","price_type":"flat_fee","image":0,"visibility":true},{"label":"Tombstone handtag\/svarta lemmar","price":"","price_type":"flat_fee","image":0,"visibility":true},{"label":"Bourbon Handtag \/Svarta Lemmar \u2013 l\u00e4ngre leveranstid","price":"","price_type":"flat_fee","image":0,"visibility":true},{"label":"Realtree edge handtag\/svarta lemmar","price":"60","price_type":"flat_fee","image":0,"visibility":true},{"label":"Black Out Bone Collector Handtag\/Svarta lemmar","price":"60","price_type":"flat_fee","image":0,"visibility":true},{"label":"Black Out Keep Hammering Handtag\/Svarta lemmar","price":"60","price_type":"flat_fee","image":0,"visibility":true},{"label":"Origin Raptor Keep Hammering \/Svarta lemmar","price":"105","price_type":"flat_fee","image":0,"visibility":true},{"label":"Realtree edge bone collector\/svarta lemmar","price":"105","price_type":"flat_fee","image":0,"visibility":true}],"id":1725442325}],"_links":{"self":[{"href":"https:\/\/www.huntersfriend.eu\/sv\/wp-json\/wp\/v2\/product\/286589","targetHints":{"allow":["GET"]}}],"collection":[{"href":"https:\/\/www.huntersfriend.eu\/sv\/wp-json\/wp\/v2\/product"}],"about":[{"href":"https:\/\/www.huntersfriend.eu\/sv\/wp-json\/wp\/v2\/types\/product"}],"replies":[{"embeddable":true,"href":"https:\/\/www.huntersfriend.eu\/sv\/wp-json\/wp\/v2\/comments?post=286589"}],"wp:featuredmedia":[{"embeddable":true,"href":"https:\/\/www.huntersfriend.eu\/sv\/wp-json\/wp\/v2\/media\/190771"}],"wp:attachment":[{"href":"https:\/\/www.huntersfriend.eu\/sv\/wp-json\/wp\/v2\/media?parent=286589"}],"wp:term":[{"taxonomy":"product_brand","embeddable":true,"href":"https:\/\/www.huntersfriend.eu\/sv\/wp-json\/wp\/v2\/product_brand?post=286589"},{"taxonomy":"product_cat","embeddable":true,"href":"https:\/\/www.huntersfriend.eu\/sv\/wp-json\/wp\/v2\/product_cat?post=286589"},{"taxonomy":"product_tag","embeddable":true,"href":"https:\/\/www.huntersfriend.eu\/sv\/wp-json\/wp\/v2\/product_tag?post=286589"}],"curies":[{"name":"wp","href":"https:\/\/api.w.org\/{rel}","templated":true}]}}