{"id":286570,"date":"2024-01-25T15:08:30","date_gmt":"2024-01-25T13:08:30","guid":{"rendered":"https:\/\/www.huntersfriend.eu\/product\/total-peep-aluminium-svart\/"},"modified":"2025-08-26T11:40:19","modified_gmt":"2025-08-26T09:40:19","slug":"total-peep-aluminium-svart","status":"publish","type":"product","link":"https:\/\/www.huntersfriend.eu\/sv\/produkt\/total-peep-aluminium-svart\/","title":{"rendered":"Total peep aluminium \u2013 svart"},"content":{"rendered":"<p>Denna tyngre aluminiumversion \u00e4r avsedd f\u00f6r anv\u00e4ndning med b\u00e5gar p\u00e5 65\u201370+ pund<\/p>\n<p>&nbsp;<\/p>\n<p>Uppt\u00e4ck det b\u00e4sta siktet n\u00e5gonsin med en otrolig patenterad design och ut\u00f6ka din effektiva r\u00e4ckvidd f\u00f6r b\u00e5gskytte.<\/p>\n<ul>\n<li>Konstruerad, utvecklad och testad av expertb\u00e5gskyttar och -j\u00e4gare.<\/li>\n<li>Perfekt syn i alla ljusf\u00f6rh\u00e5llanden. Ingen bl\u00e4ndning. <\/li>\n<li>Inga v\u00e4nster- och h\u00f6germissar p\u00e5 grund av siktets rotation eller ljusf\u00f6r\u00e4ndringar.<\/li>\n<li>Till\u00e5ter upp till 20 graders siktrotation \u00e5t varje sida utan distorsion av den inre cirkeln.<\/li>\n<li>F\u00f6rb\u00e4ttrad precision garanteras.<\/li>\n<li>L\u00e4mplig f\u00f6r b\u00e5gar fr\u00e5n 28 \u201c\u201d till 40 \u201c\u201d ATA<\/li>\n<li>Inga sk\u00e4rs\u00e5r garanteras.<\/li>\n<li>Matt svart yta<\/li>\n<\/ul>\n","protected":false},"excerpt":{"rendered":"<p>Denna tyngre aluminiumversion \u00e4r avsedd f\u00f6r anv\u00e4ndning med b\u00e5gar p\u00e5 65\u201370+ pund &nbsp; Uppt\u00e4ck det b\u00e4sta siktet n\u00e5gonsin med en otrolig patenterad design och ut\u00f6ka din effektiva r\u00e4ckvidd f\u00f6r b\u00e5gskytte. Konstruerad, utvecklad och testad av expertb\u00e5gskyttar och -j\u00e4gare. Perfekt syn i alla ljusf\u00f6rh\u00e5llanden. Ingen bl\u00e4ndning. Inga v\u00e4nster- och h\u00f6germissar p\u00e5 grund av siktets rotation eller [&#8230;]\n","protected":false},"featured_media":261417,"comment_status":"open","ping_status":"closed","template":"","meta":[],"product_brand":[],"product_cat":[2634],"product_tag":[],"class_list":{"0":"post-286570","1":"product","2":"type-product","3":"status-publish","4":"has-post-thumbnail","6":"product_cat-sikten-nockpunkter-kindpussar-och-tillbehor","8":"first","9":"instock","10":"taxable","11":"shipping-taxable","12":"purchasable","13":"product-type-variable"},"composite_virtual":false,"composite_layout":"","composite_add_to_cart_form_location":"","composite_editable_in_cart":false,"composite_sold_individually_context":"","composite_shop_price_calc":"","composite_components":[],"composite_scenarios":[],"group_of_quantity":0,"min_quantity":0,"max_quantity":"","exclude_order_quantity_value_rules":"no","exclude_category_quantity_rules":"no","combine_variations":"no","exclude_global_add_ons":[],"addons":[],"_links":{"self":[{"href":"https:\/\/www.huntersfriend.eu\/sv\/wp-json\/wp\/v2\/product\/286570","targetHints":{"allow":["GET"]}}],"collection":[{"href":"https:\/\/www.huntersfriend.eu\/sv\/wp-json\/wp\/v2\/product"}],"about":[{"href":"https:\/\/www.huntersfriend.eu\/sv\/wp-json\/wp\/v2\/types\/product"}],"replies":[{"embeddable":true,"href":"https:\/\/www.huntersfriend.eu\/sv\/wp-json\/wp\/v2\/comments?post=286570"}],"wp:featuredmedia":[{"embeddable":true,"href":"https:\/\/www.huntersfriend.eu\/sv\/wp-json\/wp\/v2\/media\/261417"}],"wp:attachment":[{"href":"https:\/\/www.huntersfriend.eu\/sv\/wp-json\/wp\/v2\/media?parent=286570"}],"wp:term":[{"taxonomy":"product_brand","embeddable":true,"href":"https:\/\/www.huntersfriend.eu\/sv\/wp-json\/wp\/v2\/product_brand?post=286570"},{"taxonomy":"product_cat","embeddable":true,"href":"https:\/\/www.huntersfriend.eu\/sv\/wp-json\/wp\/v2\/product_cat?post=286570"},{"taxonomy":"product_tag","embeddable":true,"href":"https:\/\/www.huntersfriend.eu\/sv\/wp-json\/wp\/v2\/product_tag?post=286570"}],"curies":[{"name":"wp","href":"https:\/\/api.w.org\/{rel}","templated":true}]}}