{"id":286569,"date":"2024-01-12T01:00:11","date_gmt":"2024-01-11T23:00:11","guid":{"rendered":"https:\/\/www.huntersfriend.eu\/product\/sitka-core-merino-120-hoody\/"},"modified":"2025-08-26T11:40:18","modified_gmt":"2025-08-26T09:40:18","slug":"sitka-core-merino-120-hoody","status":"publish","type":"product","link":"https:\/\/www.huntersfriend.eu\/sv\/produkt\/sitka-core-merino-120-hoody\/","title":{"rendered":"SITKA core merino 120 hoody"},"content":{"rendered":"<p>SITKA Core Merino 120 Hoody \u00e4r l\u00e4mplig f\u00f6r jakt under varma \u00e5rstider eller som ett baslager f\u00f6r kallare v\u00e4der. Det \u00e4r ett idealiskt val f\u00f6r milda f\u00f6rh\u00e5llanden eller f\u00f6r den aktiva j\u00e4garen. Den h\u00e4r produkten har en ultral\u00e4tt merinoullblandning som reglerar kroppstemperaturen f\u00f6r att h\u00e5lla j\u00e4garen bekv\u00e4m \u00e4ven under varierande f\u00f6rh\u00e5llanden och aktivitetsniv\u00e5er. Merinoullblandningen f\u00f6rhindrar naturligt lukt och utveckling av kv\u00e4vande dofter. Sitkas ArmorSpun-merinoull ger extra h\u00e5llbarhet som beh\u00f6vs f\u00f6r att klara m\u00e5nga \u00e5rs anv\u00e4ndning.    <\/p>\n<p>Viktiga funktioner:<\/p>\n<ul>\n<li>L\u00e4ttviktig 120-grams, 17,5-mikrons ArmorSpun-merinoull s\u00e4kerst\u00e4ller h\u00e5llbarhet och kli-fri komfort.<\/li>\n<li>L\u00e4ttsk\u00f6tt merinoull kan tv\u00e4ttas och torkas med vanlig tv\u00e4tt.<\/li>\n<li>S\u00f6ml\u00f6sa \u00e4rmar f\u00f6rhindrar skav.<\/li>\n<li>Formad huva ger bra t\u00e4ckning och skydd.<\/li>\n<li>Andningsbar ansiktsmask i merinoullmesh.<\/li>\n<li>Br\u00f6stficka med dragkedja f\u00f6r s\u00e4ker f\u00f6rvaring av v\u00e4rdesaker och ger snabb \u00e5tkomst.<\/li>\n<li>L\u00e5gprofilerade integrerade tum\u00f6glor underl\u00e4ttar p\u00e5kl\u00e4dning och fungerar som en extra v\u00e4rmek\u00e4lla f\u00f6r h\u00e4nderna.<\/li>\n<li>Total vikt: 226,80 gram.<\/li>\n<li>Storlekar: M-2XL<\/li>\n<li>F\u00e4rg: optifade subalpine<\/li>\n<\/ul>\n","protected":false},"excerpt":{"rendered":"<p>SITKA Core Merino 120 Hoody \u00e4r l\u00e4mplig f\u00f6r jakt under varma \u00e5rstider eller som ett baslager f\u00f6r kallare v\u00e4der. Det \u00e4r ett idealiskt val f\u00f6r milda f\u00f6rh\u00e5llanden eller f\u00f6r den aktiva j\u00e4garen. Den h\u00e4r produkten har en ultral\u00e4tt merinoullblandning som reglerar kroppstemperaturen f\u00f6r att h\u00e5lla j\u00e4garen bekv\u00e4m \u00e4ven under varierande f\u00f6rh\u00e5llanden och aktivitetsniv\u00e5er. Merinoullblandningen f\u00f6rhindrar [&#8230;]\n","protected":false},"featured_media":286571,"comment_status":"open","ping_status":"closed","template":"","meta":[],"product_brand":[],"product_cat":[2813],"product_tag":[],"class_list":{"0":"post-286569","1":"product","2":"type-product","3":"status-publish","4":"has-post-thumbnail","6":"product_cat-skjortor-hoodies","8":"first","9":"instock","10":"taxable","11":"shipping-taxable","12":"purchasable","13":"product-type-variable"},"composite_virtual":false,"composite_layout":"","composite_add_to_cart_form_location":"","composite_editable_in_cart":false,"composite_sold_individually_context":"","composite_shop_price_calc":"","composite_components":[],"composite_scenarios":[],"group_of_quantity":0,"min_quantity":0,"max_quantity":"","exclude_order_quantity_value_rules":"no","exclude_category_quantity_rules":"no","combine_variations":"no","exclude_global_add_ons":[],"addons":[],"_links":{"self":[{"href":"https:\/\/www.huntersfriend.eu\/sv\/wp-json\/wp\/v2\/product\/286569","targetHints":{"allow":["GET"]}}],"collection":[{"href":"https:\/\/www.huntersfriend.eu\/sv\/wp-json\/wp\/v2\/product"}],"about":[{"href":"https:\/\/www.huntersfriend.eu\/sv\/wp-json\/wp\/v2\/types\/product"}],"replies":[{"embeddable":true,"href":"https:\/\/www.huntersfriend.eu\/sv\/wp-json\/wp\/v2\/comments?post=286569"}],"wp:featuredmedia":[{"embeddable":true,"href":"https:\/\/www.huntersfriend.eu\/sv\/wp-json\/wp\/v2\/media\/286571"}],"wp:attachment":[{"href":"https:\/\/www.huntersfriend.eu\/sv\/wp-json\/wp\/v2\/media?parent=286569"}],"wp:term":[{"taxonomy":"product_brand","embeddable":true,"href":"https:\/\/www.huntersfriend.eu\/sv\/wp-json\/wp\/v2\/product_brand?post=286569"},{"taxonomy":"product_cat","embeddable":true,"href":"https:\/\/www.huntersfriend.eu\/sv\/wp-json\/wp\/v2\/product_cat?post=286569"},{"taxonomy":"product_tag","embeddable":true,"href":"https:\/\/www.huntersfriend.eu\/sv\/wp-json\/wp\/v2\/product_tag?post=286569"}],"curies":[{"name":"wp","href":"https:\/\/api.w.org\/{rel}","templated":true}]}}