{"id":286551,"date":"2024-01-12T01:00:08","date_gmt":"2024-01-11T23:00:08","guid":{"rendered":"https:\/\/www.huntersfriend.eu\/product\/sitka-jetstream-jacka-elevated-ii\/"},"modified":"2025-08-26T11:40:15","modified_gmt":"2025-08-26T09:40:15","slug":"sitka-jetstream-jacka-elevated-ii","status":"publish","type":"product","link":"https:\/\/www.huntersfriend.eu\/sv\/produkt\/sitka-jetstream-jacka-elevated-ii\/","title":{"rendered":"SITKA Jetstream-jacka Elevated II"},"content":{"rendered":"<p>SITKA Jetstream-jackan \u00e4r en jaktjacka som \u00e4r utformad f\u00f6r att ge utm\u00e4rkt skydd mot kyla och vind. Med GORE\u00ae WINDSTOPPER\u00ae-produktteknologi har v\u00e5r vindt\u00e4ta Jetstream-jacka varit en favorit bland j\u00e4gare \u00e5r efter \u00e5r. Dess exakt konstruerade passform optimerar komfort och r\u00f6rlighet. Denna slitstarka softshell-jacka \u00e4r utformad f\u00f6r att beh\u00e5lla v\u00e4rmen samtidigt som den bibeh\u00e5ller andningsf\u00f6rm\u00e5gan.   <\/p>\n<p>Viktiga funktioner:<\/p>\n<ul>\n<li>\u00c5tervunnet polyestertyg med microgrid-fleecefoder av polyester.<\/li>\n<li>GORE\u00ae WINDSTOPPER\u00ae-tekniken g\u00f6r jackan 100 % vindt\u00e4t.<\/li>\n<li>Slitstark vattenavvisande finish skyddar mot l\u00e4tt regn.<\/li>\n<li>Tejpade och ledade s\u00f6mmar ger v\u00e4derskydd.<\/li>\n<li>Hand- och br\u00f6stfickor med dragkedja.<\/li>\n<li>Ventilationsdragkedjor under armarna g\u00f6r att du kan sl\u00e4ppa ut v\u00e4rme n\u00e4r du \u00e4r i r\u00f6relse.<\/li>\n<li>Total vikt: 737,0 g<\/li>\n<li>Storlekar: M-2XL<\/li>\n<li>F\u00e4rg: optifade elevated II<\/li>\n<\/ul>\n","protected":false},"excerpt":{"rendered":"<p>Elevated II<\/p>\n","protected":false},"featured_media":286552,"comment_status":"open","ping_status":"closed","template":"","meta":[],"product_brand":[],"product_cat":[878],"product_tag":[],"class_list":{"0":"post-286551","1":"product","2":"type-product","3":"status-publish","4":"has-post-thumbnail","6":"product_cat-uncategorized-sv","8":"first","9":"instock","10":"sale","11":"taxable","12":"shipping-taxable","13":"purchasable","14":"product-type-variable"},"composite_virtual":false,"composite_layout":"","composite_add_to_cart_form_location":"","composite_editable_in_cart":false,"composite_sold_individually_context":"","composite_shop_price_calc":"","composite_components":[],"composite_scenarios":[],"group_of_quantity":0,"min_quantity":0,"max_quantity":"","exclude_order_quantity_value_rules":"no","exclude_category_quantity_rules":"no","combine_variations":"no","exclude_global_add_ons":[],"addons":[],"_links":{"self":[{"href":"https:\/\/www.huntersfriend.eu\/sv\/wp-json\/wp\/v2\/product\/286551","targetHints":{"allow":["GET"]}}],"collection":[{"href":"https:\/\/www.huntersfriend.eu\/sv\/wp-json\/wp\/v2\/product"}],"about":[{"href":"https:\/\/www.huntersfriend.eu\/sv\/wp-json\/wp\/v2\/types\/product"}],"replies":[{"embeddable":true,"href":"https:\/\/www.huntersfriend.eu\/sv\/wp-json\/wp\/v2\/comments?post=286551"}],"wp:featuredmedia":[{"embeddable":true,"href":"https:\/\/www.huntersfriend.eu\/sv\/wp-json\/wp\/v2\/media\/286552"}],"wp:attachment":[{"href":"https:\/\/www.huntersfriend.eu\/sv\/wp-json\/wp\/v2\/media?parent=286551"}],"wp:term":[{"taxonomy":"product_brand","embeddable":true,"href":"https:\/\/www.huntersfriend.eu\/sv\/wp-json\/wp\/v2\/product_brand?post=286551"},{"taxonomy":"product_cat","embeddable":true,"href":"https:\/\/www.huntersfriend.eu\/sv\/wp-json\/wp\/v2\/product_cat?post=286551"},{"taxonomy":"product_tag","embeddable":true,"href":"https:\/\/www.huntersfriend.eu\/sv\/wp-json\/wp\/v2\/product_tag?post=286551"}],"curies":[{"name":"wp","href":"https:\/\/api.w.org\/{rel}","templated":true}]}}