{"id":286544,"date":"2024-01-12T00:54:12","date_gmt":"2024-01-11T22:54:12","guid":{"rendered":"https:\/\/www.huntersfriend.eu\/product\/sitka-merino-330-handske\/"},"modified":"2025-08-26T11:40:13","modified_gmt":"2025-08-26T09:40:13","slug":"sitka-merino-330-handske","status":"publish","type":"product","link":"https:\/\/www.huntersfriend.eu\/sv\/produkt\/sitka-merino-330-handske\/","title":{"rendered":"SITKA merino 330-handske"},"content":{"rendered":"<p>SITKA Merino 330-handskarna \u00e4r designade f\u00f6r f\u00f6rh\u00e5llanden d\u00e4r v\u00e4rme och god andningsf\u00f6rm\u00e5ga beh\u00f6vs utan att kompromissa med fingerf\u00e4rdigheten.<\/p>\n<p>Merinoull erbjuder ett h\u00f6gt f\u00f6rh\u00e5llande mellan v\u00e4rme och vikt, vilket inneb\u00e4r att den \u00e4r varm men l\u00e4tt och tunn att b\u00e4ra. Det \u00e5tervunna syntetfodret transporterar snabbt och effektivt bort fukt fr\u00e5n huden och f\u00f6rhindrar att h\u00e4nderna fryser. <\/p>\n<p>Sitkas ArmorSpun-merinoull, f\u00f6rst\u00e4rkt med nylon, f\u00f6rb\u00e4ttrar tygets h\u00e5llbarhet.<\/p>\n<p>Viktiga funktioner:<\/p>\n<ul>\n<li>L\u00e4tt och slitstarkt 330-grams, 17,5-mikron ArmorSpun Merino-yttertyg.<\/li>\n<li>\u00c5tervunnet syntetiskt innerfoder skyddar mot kl\u00e5da och f\u00f6rb\u00e4ttrar fukttransporten.<\/li>\n<li>Merinoull som \u00e4r l\u00e4tt att sk\u00f6ta kan tv\u00e4ttas och torkas med vanlig tv\u00e4tt.<\/li>\n<li>Peksk\u00e4rmskompatibel Ax\u00ae Connect-tumme och pekfinger.<\/li>\n<li>Total vikt: 62,37 gram<\/li>\n<li>Storlekar: m-XL<\/li>\n<li>F\u00e4rg: optifade elevated II<\/li>\n<\/ul>\n","protected":false},"excerpt":{"rendered":"<p>SITKA Merino 330-handskarna \u00e4r designade f\u00f6r f\u00f6rh\u00e5llanden d\u00e4r v\u00e4rme och god andningsf\u00f6rm\u00e5ga beh\u00f6vs utan att kompromissa med fingerf\u00e4rdigheten. Merinoull erbjuder ett h\u00f6gt f\u00f6rh\u00e5llande mellan v\u00e4rme och vikt, vilket inneb\u00e4r att den \u00e4r varm men l\u00e4tt och tunn att b\u00e4ra. Det \u00e5tervunna syntetfodret transporterar snabbt och effektivt bort fukt fr\u00e5n huden och f\u00f6rhindrar att h\u00e4nderna fryser. [&#8230;]\n","protected":false},"featured_media":286546,"comment_status":"open","ping_status":"closed","template":"","meta":[],"product_brand":[],"product_cat":[2809],"product_tag":[],"class_list":{"0":"post-286544","1":"product","2":"type-product","3":"status-publish","4":"has-post-thumbnail","6":"product_cat-handskar","8":"first","9":"instock","10":"taxable","11":"shipping-taxable","12":"purchasable","13":"product-type-variable"},"composite_virtual":false,"composite_layout":"","composite_add_to_cart_form_location":"","composite_editable_in_cart":false,"composite_sold_individually_context":"","composite_shop_price_calc":"","composite_components":[],"composite_scenarios":[],"group_of_quantity":0,"min_quantity":0,"max_quantity":"","exclude_order_quantity_value_rules":"no","exclude_category_quantity_rules":"no","combine_variations":"no","exclude_global_add_ons":[],"addons":[],"_links":{"self":[{"href":"https:\/\/www.huntersfriend.eu\/sv\/wp-json\/wp\/v2\/product\/286544","targetHints":{"allow":["GET"]}}],"collection":[{"href":"https:\/\/www.huntersfriend.eu\/sv\/wp-json\/wp\/v2\/product"}],"about":[{"href":"https:\/\/www.huntersfriend.eu\/sv\/wp-json\/wp\/v2\/types\/product"}],"replies":[{"embeddable":true,"href":"https:\/\/www.huntersfriend.eu\/sv\/wp-json\/wp\/v2\/comments?post=286544"}],"wp:featuredmedia":[{"embeddable":true,"href":"https:\/\/www.huntersfriend.eu\/sv\/wp-json\/wp\/v2\/media\/286546"}],"wp:attachment":[{"href":"https:\/\/www.huntersfriend.eu\/sv\/wp-json\/wp\/v2\/media?parent=286544"}],"wp:term":[{"taxonomy":"product_brand","embeddable":true,"href":"https:\/\/www.huntersfriend.eu\/sv\/wp-json\/wp\/v2\/product_brand?post=286544"},{"taxonomy":"product_cat","embeddable":true,"href":"https:\/\/www.huntersfriend.eu\/sv\/wp-json\/wp\/v2\/product_cat?post=286544"},{"taxonomy":"product_tag","embeddable":true,"href":"https:\/\/www.huntersfriend.eu\/sv\/wp-json\/wp\/v2\/product_tag?post=286544"}],"curies":[{"name":"wp","href":"https:\/\/api.w.org\/{rel}","templated":true}]}}