{"id":286535,"date":"2024-01-05T00:59:49","date_gmt":"2024-01-04T22:59:49","guid":{"rendered":"https:\/\/www.huntersfriend.eu\/product\/trofeskold-radjur-22-x-13-cm-2\/"},"modified":"2025-08-26T11:40:12","modified_gmt":"2025-08-26T09:40:12","slug":"trofeskold-radjur-22-x-13-cm-2","status":"publish","type":"product","link":"https:\/\/www.huntersfriend.eu\/sv\/produkt\/trofeskold-radjur-22-x-13-cm-2\/","title":{"rendered":"Trof\u00e9sk\u00f6ld, r\u00e5djur 22 x 13 cm"},"content":{"rendered":"<p>En mycket stilfull trof\u00e9br\u00e4da i m\u00f6rka toner, gjord av ek. Passar bra f\u00f6r sm\u00e5 hjortdjur som r\u00e5djur. <\/p>\n<p>Den h\u00e4r modellen har en rundad spets l\u00e4ngst ner p\u00e5 sk\u00f6lden.<\/p>\n<p>Storlek: 22 x 13 cm<\/p>\n","protected":false},"excerpt":{"rendered":"<p>En mycket stilfull trof\u00e9br\u00e4da i m\u00f6rka toner, gjord av ek. Passar bra f\u00f6r sm\u00e5 hjortdjur som r\u00e5djur. Den h\u00e4r modellen har en rundad spets l\u00e4ngst ner p\u00e5 sk\u00f6lden. Storlek: 22 x 13 cm<\/p>\n","protected":false},"featured_media":265133,"comment_status":"open","ping_status":"closed","template":"","meta":[],"product_brand":[],"product_cat":[2847],"product_tag":[],"class_list":{"0":"post-286535","1":"product","2":"type-product","3":"status-publish","4":"has-post-thumbnail","6":"product_cat-taxidermi","8":"first","9":"instock","10":"taxable","11":"shipping-taxable","12":"purchasable","13":"product-type-simple"},"composite_virtual":false,"composite_layout":"","composite_add_to_cart_form_location":"","composite_editable_in_cart":false,"composite_sold_individually_context":"","composite_shop_price_calc":"","composite_components":[],"composite_scenarios":[],"group_of_quantity":0,"min_quantity":0,"max_quantity":"","exclude_order_quantity_value_rules":"no","exclude_category_quantity_rules":"no","combine_variations":"no","exclude_global_add_ons":[],"addons":[],"_links":{"self":[{"href":"https:\/\/www.huntersfriend.eu\/sv\/wp-json\/wp\/v2\/product\/286535","targetHints":{"allow":["GET"]}}],"collection":[{"href":"https:\/\/www.huntersfriend.eu\/sv\/wp-json\/wp\/v2\/product"}],"about":[{"href":"https:\/\/www.huntersfriend.eu\/sv\/wp-json\/wp\/v2\/types\/product"}],"replies":[{"embeddable":true,"href":"https:\/\/www.huntersfriend.eu\/sv\/wp-json\/wp\/v2\/comments?post=286535"}],"wp:featuredmedia":[{"embeddable":true,"href":"https:\/\/www.huntersfriend.eu\/sv\/wp-json\/wp\/v2\/media\/265133"}],"wp:attachment":[{"href":"https:\/\/www.huntersfriend.eu\/sv\/wp-json\/wp\/v2\/media?parent=286535"}],"wp:term":[{"taxonomy":"product_brand","embeddable":true,"href":"https:\/\/www.huntersfriend.eu\/sv\/wp-json\/wp\/v2\/product_brand?post=286535"},{"taxonomy":"product_cat","embeddable":true,"href":"https:\/\/www.huntersfriend.eu\/sv\/wp-json\/wp\/v2\/product_cat?post=286535"},{"taxonomy":"product_tag","embeddable":true,"href":"https:\/\/www.huntersfriend.eu\/sv\/wp-json\/wp\/v2\/product_tag?post=286535"}],"curies":[{"name":"wp","href":"https:\/\/api.w.org\/{rel}","templated":true}]}}