{"id":286534,"date":"2024-01-10T01:04:20","date_gmt":"2024-01-09T23:04:20","guid":{"rendered":"https:\/\/www.huntersfriend.eu\/product\/isotunes-sport-caliber-bt-oronsnackor\/"},"modified":"2026-02-10T06:13:41","modified_gmt":"2026-02-10T04:13:41","slug":"isotunes-sport-caliber-bt-oronsnackor","status":"publish","type":"product","link":"https:\/\/www.huntersfriend.eu\/sv\/produkt\/isotunes-sport-caliber-bt-oronsnackor\/","title":{"rendered":"Isotunes sport caliber BT-\u00f6ronsn\u00e4ckor"},"content":{"rendered":"<p>ISOtunes Sport Caliber-h\u00f6rselpropparna \u00e4r designade f\u00f6r jakt- och skytte. De \u00e4r ocks\u00e5 l\u00e4mpliga f\u00f6r milj\u00f6er d\u00e4r vanliga h\u00f6rselk\u00e5por inte kan anv\u00e4ndas eller d\u00e4r f\u00f6rh\u00e5llandena \u00e4r s\u00e4rskilt kr\u00e4vande. Tack vare Bluetooth-anslutningen kan du lyssna p\u00e5 vad du vill, oavsett milj\u00f6, och h\u00f6rselfunktionen g\u00f6r att du kan h\u00f6ra vad som h\u00e4nder runt omkring dig. Pl\u00f6tsliga och h\u00f6ga ljud, som skott eller maskinljud, d\u00e4mpas, medan svaga ljud f\u00f6rst\u00e4rks. Detta m\u00f6jligg\u00f6r kommunikation och att h\u00f6ra tysta ljud utan att beh\u00f6va ta ur \u00f6ronpropparna.    <\/p>\n<p>\u00d6ronpropparna kan anslutas till en smartphone eller andra Bluetooth-enheter. Du kan svara p\u00e5 samtal och lyssna p\u00e5 musik med h\u00f6gkvalitativt ljud. Den bruskompenserade talmikrofonen isolerar stadigt bakgrundsljud och st\u00f6r inte samtalet.  <\/p>\n<p>\u00d6ronpropparna \u00e4r tv\u00e4ttbara, vilket g\u00f6r dem hygieniska. I paketet ing\u00e5r ett par minnesskum-\u00f6ronproppar f\u00f6r varje storlek (ISOtunes Trilogy) och konformade silikonproppar, s\u00e5 det finns en l\u00e4mplig storlek f\u00f6r alla (silikoners\u00e4ttningsproppar \u00e4r inte godk\u00e4nda f\u00f6r h\u00f6rselskydd, s\u00e5 de kan anv\u00e4ndas n\u00e4r h\u00f6rselskydd inte kr\u00e4vs). <\/p>\n<p>Batteritiden \u00e4r minst 13 timmar. F\u00f6rvaringsfodralet fungerar \u00e4ven som laddstation, vilket g\u00f6r att h\u00f6rlurarna kan laddas tv\u00e5 g\u00e5nger. Detta ger cirka 30 timmars extra anv\u00e4ndningstid. \u00d6ronsn\u00e4ckorna kan laddas via laddningsfodralet fr\u00e5n ett eluttag, eller s\u00e5 kan fodralet anv\u00e4ndas som en powerbank. Laddningen tar 2 timmar n\u00e4r den laddas direkt via laddningsfodralet.    <\/p>\n<p>Viktiga funktioner:<\/p>\n<ul>\n<li>Bluetooth 5.2<\/li>\n<li>Milj\u00f6lyssning eller h\u00f6rselfunktion<\/li>\n<li>Extremt l\u00e4tta att b\u00e4ra \u2013 vikten p\u00e5 en plugg \u00e4r 8 g<\/li>\n<li>Bluetooth-anslutning m\u00f6jlig samtidigt till tv\u00e5 enheter (multipoint)<\/li>\n<li>Batteritid p\u00e5 13 timmar<\/li>\n<li>Automatisk avst\u00e4ngning f\u00f6r att spara batteri om det inte har funnits n\u00e5gon Bluetooth-anslutning p\u00e5 tv\u00e5 timmar<\/li>\n<li>Laddningstid p\u00e5 2 timmar<\/li>\n<li>Damm- och vattent\u00e5lig (IP67-klassning)<\/li>\n<li>Bakgrundsljudreducering under samtal<\/li>\n<li>SafeMax ljudbegr\u00e4nsare 85 dP \u2013 obs: uppfyller inte EN352 interna ljudproduktionskrav<\/li>\n<li>SNR 32 med TRILOGY-proppar<\/li>\n<li>Paketet inneh\u00e5ller: ISOtunes Sport Caliber-h\u00f6rselproppar, laddningsfodral och handledsrem, 3 par korta ISOtunes Trilogy-ers\u00e4ttningsproppar (storlekar S\/M\/L), 3 par h\u00f6ga ISOtunes Trilogy-ers\u00e4ttningsproppar (storlekar S\/M\/L), 1 par konformade silikonproppar, USB-C-laddningskabel.<\/li>\n<\/ul>\n","protected":false},"excerpt":{"rendered":"<p>ISOtunes Sport Caliber-h\u00f6rselpropparna \u00e4r designade f\u00f6r jakt- och skytte. De \u00e4r ocks\u00e5 l\u00e4mpliga f\u00f6r milj\u00f6er d\u00e4r vanliga h\u00f6rselk\u00e5por inte kan anv\u00e4ndas eller d\u00e4r f\u00f6rh\u00e5llandena \u00e4r s\u00e4rskilt kr\u00e4vande. Tack vare Bluetooth-anslutningen kan du lyssna p\u00e5 vad du vill, oavsett milj\u00f6, och h\u00f6rselfunktionen g\u00f6r att du kan h\u00f6ra vad som h\u00e4nder runt omkring dig. Pl\u00f6tsliga och h\u00f6ga [&#8230;]\n","protected":false},"featured_media":286536,"comment_status":"open","ping_status":"closed","template":"","meta":[],"product_brand":[],"product_cat":[2692],"product_tag":[],"class_list":{"0":"post-286534","1":"product","2":"type-product","3":"status-publish","4":"has-post-thumbnail","6":"product_cat-ogon-och-horselskydd","8":"first","9":"instock","10":"taxable","11":"shipping-taxable","12":"purchasable","13":"product-type-simple"},"composite_virtual":false,"composite_layout":"","composite_add_to_cart_form_location":"","composite_editable_in_cart":false,"composite_sold_individually_context":"","composite_shop_price_calc":"","composite_components":[],"composite_scenarios":[],"group_of_quantity":0,"min_quantity":0,"max_quantity":"","exclude_order_quantity_value_rules":"no","exclude_category_quantity_rules":"no","combine_variations":"no","exclude_global_add_ons":[],"addons":[],"_links":{"self":[{"href":"https:\/\/www.huntersfriend.eu\/sv\/wp-json\/wp\/v2\/product\/286534","targetHints":{"allow":["GET"]}}],"collection":[{"href":"https:\/\/www.huntersfriend.eu\/sv\/wp-json\/wp\/v2\/product"}],"about":[{"href":"https:\/\/www.huntersfriend.eu\/sv\/wp-json\/wp\/v2\/types\/product"}],"replies":[{"embeddable":true,"href":"https:\/\/www.huntersfriend.eu\/sv\/wp-json\/wp\/v2\/comments?post=286534"}],"wp:featuredmedia":[{"embeddable":true,"href":"https:\/\/www.huntersfriend.eu\/sv\/wp-json\/wp\/v2\/media\/286536"}],"wp:attachment":[{"href":"https:\/\/www.huntersfriend.eu\/sv\/wp-json\/wp\/v2\/media?parent=286534"}],"wp:term":[{"taxonomy":"product_brand","embeddable":true,"href":"https:\/\/www.huntersfriend.eu\/sv\/wp-json\/wp\/v2\/product_brand?post=286534"},{"taxonomy":"product_cat","embeddable":true,"href":"https:\/\/www.huntersfriend.eu\/sv\/wp-json\/wp\/v2\/product_cat?post=286534"},{"taxonomy":"product_tag","embeddable":true,"href":"https:\/\/www.huntersfriend.eu\/sv\/wp-json\/wp\/v2\/product_tag?post=286534"}],"curies":[{"name":"wp","href":"https:\/\/api.w.org\/{rel}","templated":true}]}}