{"id":286530,"date":"2024-01-05T00:59:51","date_gmt":"2024-01-04T22:59:51","guid":{"rendered":"https:\/\/www.huntersfriend.eu\/product\/trofeskold-vildsvinsbete-14-cm\/"},"modified":"2025-08-26T11:40:09","modified_gmt":"2025-08-26T09:40:09","slug":"trofeskold-vildsvinsbete-14-cm","status":"publish","type":"product","link":"https:\/\/www.huntersfriend.eu\/sv\/produkt\/trofeskold-vildsvinsbete-14-cm\/","title":{"rendered":"Trof\u00e9sk\u00f6ld, vildsvinsbete 14 cm"},"content":{"rendered":"<p><span class=\"jCAhz ChMk0b\"><span class=\"ryNqvb\">En trof\u00e9sk\u00f6ldsplatta f\u00f6r en mindre trof\u00e9 av vildsvinsbete.<\/span><\/span> <span class=\"jCAhz ChMk0b\"><span class=\"ryNqvb\">Bakgrundsplattans diameter \u00e4r 14 cm.<\/span><\/span> <span class=\"jCAhz ChMk0b\"><span class=\"ryNqvb\">Denna trof\u00e9platta av m\u00f6rk ek framh\u00e4ver vackert ditt v\u00e4rdefulla jaktminne.<\/span><\/span><\/p>\n","protected":false},"excerpt":{"rendered":"<p>En trof\u00e9sk\u00f6ldsplatta f\u00f6r en mindre trof\u00e9 av vildsvinsbete. Bakgrundsplattans diameter \u00e4r 14 cm. Denna trof\u00e9platta av m\u00f6rk ek framh\u00e4ver vackert ditt v\u00e4rdefulla jaktminne.<\/p>\n","protected":false},"featured_media":267254,"comment_status":"open","ping_status":"closed","template":"","meta":[],"product_brand":[],"product_cat":[2847],"product_tag":[],"class_list":{"0":"post-286530","1":"product","2":"type-product","3":"status-publish","4":"has-post-thumbnail","6":"product_cat-taxidermi","8":"first","9":"outofstock","10":"taxable","11":"shipping-taxable","12":"purchasable","13":"product-type-simple"},"composite_virtual":false,"composite_layout":"","composite_add_to_cart_form_location":"","composite_editable_in_cart":false,"composite_sold_individually_context":"","composite_shop_price_calc":"","composite_components":[],"composite_scenarios":[],"group_of_quantity":0,"min_quantity":0,"max_quantity":"","exclude_order_quantity_value_rules":"no","exclude_category_quantity_rules":"no","combine_variations":"no","exclude_global_add_ons":[],"addons":[],"_links":{"self":[{"href":"https:\/\/www.huntersfriend.eu\/sv\/wp-json\/wp\/v2\/product\/286530","targetHints":{"allow":["GET"]}}],"collection":[{"href":"https:\/\/www.huntersfriend.eu\/sv\/wp-json\/wp\/v2\/product"}],"about":[{"href":"https:\/\/www.huntersfriend.eu\/sv\/wp-json\/wp\/v2\/types\/product"}],"replies":[{"embeddable":true,"href":"https:\/\/www.huntersfriend.eu\/sv\/wp-json\/wp\/v2\/comments?post=286530"}],"wp:featuredmedia":[{"embeddable":true,"href":"https:\/\/www.huntersfriend.eu\/sv\/wp-json\/wp\/v2\/media\/267254"}],"wp:attachment":[{"href":"https:\/\/www.huntersfriend.eu\/sv\/wp-json\/wp\/v2\/media?parent=286530"}],"wp:term":[{"taxonomy":"product_brand","embeddable":true,"href":"https:\/\/www.huntersfriend.eu\/sv\/wp-json\/wp\/v2\/product_brand?post=286530"},{"taxonomy":"product_cat","embeddable":true,"href":"https:\/\/www.huntersfriend.eu\/sv\/wp-json\/wp\/v2\/product_cat?post=286530"},{"taxonomy":"product_tag","embeddable":true,"href":"https:\/\/www.huntersfriend.eu\/sv\/wp-json\/wp\/v2\/product_tag?post=286530"}],"curies":[{"name":"wp","href":"https:\/\/api.w.org\/{rel}","templated":true}]}}