{"id":286528,"date":"2024-01-04T12:31:35","date_gmt":"2024-01-04T10:31:35","guid":{"rendered":"https:\/\/www.huntersfriend.eu\/product\/hoyt-carbon-go-stix-2-0\/"},"modified":"2026-03-18T22:00:35","modified_gmt":"2026-03-18T20:00:35","slug":"hoyt-carbon-go-stix-2-0","status":"publish","type":"product","link":"https:\/\/www.huntersfriend.eu\/sv\/produkt\/hoyt-carbon-go-stix-2-0\/","title":{"rendered":"Hoyt carbon go-stix 2.0"},"content":{"rendered":"<p>Nya och f\u00f6rb\u00e4ttrade, Go-Stix 2.0 \u00e4r ett m\u00e5ste f\u00f6r din Hoyt-b\u00e5ge. De nykonstruerade justerbara benen kan vridas till fyra olika l\u00e4gen: Go, Stow, Cam Stand och Tripod. Med dessa fyra justerbara l\u00e4gen beh\u00f6ver Go-Stix 2.0 aldrig l\u00e4mna din b\u00e5ge.  <\/p>\n<p>Go-Stix 2.0 \u00e4r kompatibla med f\u00f6ljande b\u00e5gmodeller:<\/p>\n<ul>\n<li>RX-8-serien<\/li>\n<li>Alpha x-serien<\/li>\n<li>RX-7-serien<\/li>\n<li>RX-5-serien<\/li>\n<li>VTM-serien<\/li>\n<li>Ventum pro-serien<\/li>\n<li>Ventum-serien<\/li>\n<li>Z1S<\/li>\n<li>RX twin Turbo<\/li>\n<li>Highline<\/li>\n<\/ul>\n<h5>Go-stix\u2122 2.0 benpositioner<\/h5>\n<div>Kamstativl\u00e4ge:<\/div>\n<div>\n<ul>\n<li>Detta \u00e4r v\u00e5rt standard Go-Stix-l\u00e4ge som h\u00e5ller din b\u00e5ge uppr\u00e4tt n\u00e4r du jagar, p\u00e5 skjutbanan eller st\u00e4ller ner din b\u00e5ge av n\u00e5gon anledning. Den h\u00e4r positionen anv\u00e4nder din nedre kam som det tredje benet f\u00f6r att h\u00e5lla din b\u00e5ge uppr\u00e4tt. <\/li>\n<\/ul>\n<\/div>\n<div>Tripod-l\u00e4ge:<\/div>\n<div>\n<ul>\n<li>Med Go-Stix 2.0 kan du nu st\u00e4lla upp din b\u00e5ge utan att din nedre kam vidr\u00f6r marken alls. Anv\u00e4nd en l\u00e4ngre stabilisator (vi rekommenderar 6-8&#8243; stabilisatorer) i det nedre f\u00e4stet s\u00e5 kan du ha en solid, stadig plattform utan kamkontakt f\u00f6r att st\u00e4lla upp din b\u00e5ge. <\/li>\n<\/ul>\n<\/div>\n<div>Go-l\u00e4ge:<\/div>\n<div>\n<ul>\n<li>Perfekt f\u00f6r n\u00e4r du vill ha dina stix ur v\u00e4gen. Det kan vara n\u00e4r du \u00e4r i st\u00e4llningen, r\u00f6r dig genom t\u00e4t vegetation eller packar runt din b\u00e5ge. <\/li>\n<\/ul>\n<\/div>\n<div>Stow-l\u00e4ge:<\/div>\n<div>\n<ul>\n<li>Genom att vrida dina Go-Stix 2.0 bak\u00e5t och ur v\u00e4gen \u00e4r den h\u00e4r positionen idealisk f\u00f6r n\u00e4r du f\u00f6rvarar din b\u00e5ge i ett fodral eller packar runt din b\u00e5ge i skogen.<\/li>\n<\/ul>\n<\/div>\n","protected":false},"excerpt":{"rendered":"<p>Nya och f\u00f6rb\u00e4ttrade, Go-Stix 2.0 \u00e4r ett m\u00e5ste f\u00f6r din Hoyt-b\u00e5ge. De nykonstruerade justerbara benen kan vridas till fyra olika l\u00e4gen: Go, Stow, Cam Stand och Tripod. Med dessa fyra justerbara l\u00e4gen beh\u00f6ver Go-Stix 2.0 aldrig l\u00e4mna din b\u00e5ge. Go-Stix 2.0 \u00e4r kompatibla med f\u00f6ljande b\u00e5gmodeller: RX-8-serien Alpha x-serien RX-7-serien RX-5-serien VTM-serien Ventum pro-serien Ventum-serien [&#8230;]\n","protected":false},"featured_media":260128,"comment_status":"open","ping_status":"closed","template":"","meta":[],"product_brand":[],"product_cat":[2667,2633],"product_tag":[],"class_list":{"0":"post-286528","1":"product","2":"type-product","3":"status-publish","4":"has-post-thumbnail","6":"product_cat-bagstativ-diverse","7":"product_cat-diverse-bagskytte","9":"first","10":"onbackorder","11":"taxable","12":"shipping-taxable","13":"purchasable","14":"product-type-simple"},"composite_virtual":false,"composite_layout":"","composite_add_to_cart_form_location":"","composite_editable_in_cart":false,"composite_sold_individually_context":"","composite_shop_price_calc":"","composite_components":[],"composite_scenarios":[],"group_of_quantity":0,"min_quantity":0,"max_quantity":"","exclude_order_quantity_value_rules":"no","exclude_category_quantity_rules":"no","combine_variations":"no","exclude_global_add_ons":[],"addons":[],"_links":{"self":[{"href":"https:\/\/www.huntersfriend.eu\/sv\/wp-json\/wp\/v2\/product\/286528","targetHints":{"allow":["GET"]}}],"collection":[{"href":"https:\/\/www.huntersfriend.eu\/sv\/wp-json\/wp\/v2\/product"}],"about":[{"href":"https:\/\/www.huntersfriend.eu\/sv\/wp-json\/wp\/v2\/types\/product"}],"replies":[{"embeddable":true,"href":"https:\/\/www.huntersfriend.eu\/sv\/wp-json\/wp\/v2\/comments?post=286528"}],"wp:featuredmedia":[{"embeddable":true,"href":"https:\/\/www.huntersfriend.eu\/sv\/wp-json\/wp\/v2\/media\/260128"}],"wp:attachment":[{"href":"https:\/\/www.huntersfriend.eu\/sv\/wp-json\/wp\/v2\/media?parent=286528"}],"wp:term":[{"taxonomy":"product_brand","embeddable":true,"href":"https:\/\/www.huntersfriend.eu\/sv\/wp-json\/wp\/v2\/product_brand?post=286528"},{"taxonomy":"product_cat","embeddable":true,"href":"https:\/\/www.huntersfriend.eu\/sv\/wp-json\/wp\/v2\/product_cat?post=286528"},{"taxonomy":"product_tag","embeddable":true,"href":"https:\/\/www.huntersfriend.eu\/sv\/wp-json\/wp\/v2\/product_tag?post=286528"}],"curies":[{"name":"wp","href":"https:\/\/api.w.org\/{rel}","templated":true}]}}