{"id":286516,"date":"2024-01-04T12:31:02","date_gmt":"2024-01-04T10:31:02","guid":{"rendered":"https:\/\/www.huntersfriend.eu\/product\/swarovski-z8i-23-18-x-56-l-4a-i\/"},"modified":"2025-08-26T11:40:01","modified_gmt":"2025-08-26T09:40:01","slug":"swarovski-z8i-23-18-x-56-l-4a-i","status":"publish","type":"product","link":"https:\/\/www.huntersfriend.eu\/sv\/produkt\/swarovski-z8i-23-18-x-56-l-4a-i\/","title":{"rendered":"Swarovski Z8i 2,3-18 x 56 l 4A-i"},"content":{"rendered":"<p>Den belysta Swarovski Z8i 2.3-18\u00d756 P utm\u00e4rker sig f\u00f6r sin h\u00f6ga ljustransmission, speciellt vid vakjakt i skymningen. F\u00f6rstoringen upp till 18x ger de detaljer som kr\u00e4vs f\u00f6r exakt skytte p\u00e5 l\u00e5nga avst\u00e5nd. <\/p>\n<div class=\"swo-css-1l1yy35\"><strong><span class=\"swo-css-1loh2bb\">F\u00d6RSTORING<\/span><\/strong><\/div>\n<div class=\"swo-css-1yqjybo\">\n<p class=\"first-rt-node last-rt-node swo-css-1i9vogi\">F\u00f6rstoringen anger hur mycket n\u00e4rmare ett objekt verkar vara. Ju h\u00f6gre f\u00f6rstoring, desto n\u00e4rmare verkar objektet och desto mindre blir synf\u00e4ltet.  Kikarsikten har vanligtvis variabel f\u00f6rstoring (zoom), t.ex. 2-16x. Detta inneb\u00e4r att det \u00e4r m\u00f6jligt att zooma kontinuerligt fr\u00e5n 2x till 16x f\u00f6rstoring. <\/p>\n<div class=\"swo-css-1xx1tln\">\n<div class=\"swo-css-6kz1wu\">\n<div class=\"swo-css-1l1yy35\"><strong><span class=\"swo-css-1loh2bb\">TR\u00c4FFPUNKTSJUSTERING<\/span><\/strong><\/div>\n<div class=\"swo-css-1yqjybo\">\n<p class=\"first-rt-node last-rt-node swo-css-1i9vogi\">F\u00f6r att alltid kunna sikta p\u00e5 siktpunkten fr\u00e5n olika avst\u00e5nd justeras riktmedlet s\u00e5 att tr\u00e4ffpunkten matchar siktpunkten. Siktpunkten \u00e4r den punkt p\u00e5 objektet du vill tr\u00e4ffa. Riktmedelsjusteringen i tornen p\u00e5 kikarsiktet man\u00f6vreras med hj\u00e4lp av klickinst\u00e4llningarna. Varje klick \u00e4ndrar tr\u00e4ffpunkten.   <\/p>\n<div class=\"swo-css-1xx1tln\">\n<div class=\"swo-css-6kz1wu\">\n<div class=\"swo-css-1l1yy35\"><strong><span class=\"swo-css-1loh2bb\">JUSTERINGSOMR\u00c5DE<\/span><\/strong><\/div>\n<div class=\"swo-css-1yqjybo\">\n<p class=\"first-rt-node last-rt-node swo-css-1i9vogi\">Justeringsomr\u00e5det beskriver det omr\u00e5de inom vilket du kan korrigera tr\u00e4ffpunkten genom att justera riktmedlet utan att flytta enheten. Justeringsomr\u00e5det anges i f\u00f6rh\u00e5llande till b\u00e5de h\u00f6jd- och sidjusteringen. <\/p>\n<p>Swarovski m\u00e4ter justeringsomr\u00e5det i meter per 100 meter (m\/100m) eller tum per 100 yards (in\/100yd). Andra tillverkare v\u00e4ljer att ange detta i MRAD (milliradianer) eller MOA (vinkelminuter). <\/p>\n<\/div>\n<\/div>\n<\/div>\n<div class=\"swo-css-1xx1tln\">\n<div class=\"swo-css-6kz1wu\">\n<div class=\"swo-css-1l1yy35\"><strong><span class=\"swo-css-1loh2bb\">LJUSTRANSMISSION<\/span><\/strong><\/div>\n<div class=\"swo-css-1yqjybo\">\n<p class=\"first-rt-node last-rt-node swo-css-1i9vogi\">Detta beskriver m\u00e4ngden synligt ljus som kan passera genom ett optiskt system och uttrycks i procent. Objektivlinsens diameter anger hur mycket ljus som kan komma in i optiken. Detta g\u00f6r det till en nyckelfaktor f\u00f6r ett instruments prestanda, till exempel i skymning. Ju st\u00f6rre objektivlinsens diameter \u00e4r, desto mer ljus kan objektivlinsen f\u00e5nga upp. Ju m\u00f6rkare omgivningen \u00e4r, desto st\u00f6rre m\u00e5ste objektivlinsens diameter vara. Kontrollera det exakta produktnamnet eftersom siffran efter \u201cx\u201d anger objektivlinsens diameter i millimeter. En enhet med suffixet 2-16\u00d750 har till exempel en objektivlins med en diameter p\u00e5 50 mm.      <\/p>\n<\/div>\n<div>\n<p><strong><span class=\"swo-css-1im26ic\">VAD ING\u00c5R I LEVERANSEN MED SIKTET:<\/span><\/strong><\/p>\n<ul>\n<li class=\"swo-css-hrolav\">Transparenta skydd f\u00f6r kikarsiktet<\/li>\n<li class=\"swo-css-hrolav\">Ers\u00e4ttningsbatteri i ers\u00e4ttningsbatterih\u00e5llare<\/li>\n<li class=\"swo-css-hrolav\">Mikrofiberduk<\/li>\n<\/ul>\n<\/div>\n<div>\n<p><strong>TEKNISK SPECIFIKATION:<\/strong><\/p>\n<p>Monteringstyp: <strong>Ringf\u00e4ste<\/strong><\/p>\n<\/div>\n<div><strong>Riktmedel:<\/strong> 4A-I  <img decoding=\"async\" class=\"alignnone\" src=\"https:\/\/images.ctfassets.net\/pvkenuwtinkd\/5F96bx7KE7d8P7QWg4WBmk\/2a4ec935a195fe03bdd10c7f54559018\/4A-I.png\" alt=\"\" width=\"90\" height=\"90\"><\/div>\n<\/div>\n<\/div>\n<div><\/div>\n<div class=\"swo-css-1xx1tln\">\n<div><\/div>\n<div><strong>OBJEKTIV:<\/strong><\/div>\n<div class=\"swo-css-6kz1wu\">\n<div class=\"swo-css-wvbtny\">\n<div class=\"swo-css-1r6uwks\">\n<ul>\n<li class=\"swo-css-1fttcpj\"><span class=\"swo-css-okagfm\">2.3-18x <\/span>f\u00f6rstoring<\/li>\n<li class=\"swo-css-1fttcpj\">18.4-56 mm Effektiv objektivlinsdiameter<\/li>\n<li class=\"swo-css-1fttcpj\">8.1-3.1 mm Utg\u00e5ngspupilldiameter<\/li>\n<li class=\"swo-css-1fttcpj\">95 mm Utg\u00e5ngspupillavst\u00e5nd<\/li>\n<li class=\"swo-css-1fttcpj\">18.6-2.3 m\/100m Synf\u00e4lt<\/li>\n<li class=\"swo-css-1fttcpj\">10.6-1.3 \u00b0 Synf\u00e4lt grader<\/li>\n<li class=\"swo-css-1fttcpj\">24 \u00b0 Synf\u00e4lt uppenbart<\/li>\n<li class=\"swo-css-1fttcpj\">-3 till +2 dpt Dioptrijustering<\/li>\n<li class=\"swo-css-1fttcpj\">93 % Ljustransmission<\/li>\n<li class=\"swo-css-1fttcpj\">6.5-31.8 Skymningsfaktor enl. ISO 14132-1 <\/li>\n<li class=\"swo-css-1fttcpj\">50-\u221e m Parallaxkorrigering<\/li>\n<\/ul>\n<div class=\"selected swo-css-1cs9xox\"><strong><span class=\"swo-css-11ogcw2\">M\u00c4TNING:<\/span><\/strong><\/div>\n<div class=\"is-selected swo-css-3uk7ts\">\n<div class=\"swo-css-1fn4ol2\">\n<div class=\"swo-css-wvbtny\">\n<div class=\"swo-css-1r6uwks\">\n<ul>\n<li class=\"swo-css-1fttcpj\"><span class=\"swo-css-okagfm\">0.36 \/ 10 <\/span>Tr\u00e4ffpunktskorrigering per klick (in \/ mm)<\/li>\n<li class=\"swo-css-1fttcpj\">1.8\/1.0 \/ 64.8\/36.0 Max. h\u00f6jd- \/ sidjusteringsomr\u00e5de (m\/100m \/ in\/100yds) <\/li>\n<\/ul>\n<div class=\"selected swo-css-1cs9xox\"><strong><span class=\"swo-css-11ogcw2\">DIGITAL:<\/span><\/strong><\/div>\n<div class=\"is-selected swo-css-3uk7ts\">\n<div class=\"swo-css-1fn4ol2\">\n<div class=\"swo-css-wvbtny\">\n<div class=\"swo-css-1r6uwks\">\n<ul>\n<li class=\"swo-css-1fttcpj\"><span class=\"swo-css-okagfm\">M 58\u00d70.75 <\/span>Objektivfilterg\u00e4nga<\/li>\n<li class=\"swo-css-1fttcpj\"><span class=\"swo-css-1st56r9\">Drifttid: <\/span>Skymningsfaktor vid medelh\u00f6g ljusstyrka: 1 400; dagsljusfaktor vid medelh\u00f6g ljusstyrka: 180<\/li>\n<\/ul>\n<\/div>\n<\/div>\n<div class=\"swo-css-wvbtny\">\n<div class=\"selected swo-css-1cs9xox\"><strong><span class=\"swo-css-11ogcw2\">STORLEK &amp; VIKT:<\/span><\/strong><\/div>\n<div class=\"is-selected swo-css-3uk7ts\">\n<div class=\"swo-css-1fn4ol2\">\n<div class=\"swo-css-wvbtny\">\n<div class=\"swo-css-1r6uwks\">\n<ul>\n<li class=\"swo-css-1fttcpj\"><span class=\"swo-css-okagfm\">L\u00e4ngd i mm: 364 mm<\/span><\/li>\n<li class=\"swo-css-1fttcpj\"><span class=\"swo-css-1st56r9\">Vikt: <\/span>725 g <span class=\"swo-css-okagfm\">740 g<\/span><\/li>\n<li><span class=\"swo-css-1st56r9\">Centraltubdiameter: 30 mm<\/span><\/li>\n<\/ul>\n<div class=\"selected swo-css-1cs9xox\">\n<p><strong><span class=\"swo-css-11ogcw2\">MILJ\u00d6 &amp; F\u00d6RH\u00c5LLANDEN:<\/span><\/strong><\/p>\n<ul>\n<li><span class=\"swo-css-1st56r9\">Funktionell temperatur: <\/span>-20 till +55 \u00b0C<\/li>\n<li><span class=\"swo-css-1st56r9\">Lagringstemperatur: <span class=\"swo-css-okagfm\">-30 till +70 \u00b0C<\/span><\/span><\/li>\n<li><span class=\"swo-css-1st56r9\">Neds\u00e4nkningsbarhet: <span class=\"swo-css-okagfm\">13 ft \/ 4 m vattendjup (inert gasfyllning)<\/span><\/span><\/li>\n<\/ul>\n<\/div>\n<div class=\"is-selected swo-css-3uk7ts\">\n<div class=\"swo-css-1fn4ol2\">\n<div class=\"swo-css-wvbtny\">\n<div class=\"selected swo-css-1cs9xox\"><strong><span class=\"swo-css-11ogcw2\">BELYSNING:<\/span><\/strong><\/div>\n<div class=\"is-selected swo-css-3uk7ts\">\n<div class=\"swo-css-1fn4ol2\">\n<div class=\"swo-css-wvbtny\">\n<div class=\"swo-css-1r6uwks\">\n<ul>\n<li class=\"swo-css-1fttcpj\"><span class=\"swo-css-okagfm\"><span class=\"swo-css-1st56r9\">Ljusstyrkeniv\u00e5er: <\/span>Skymning: 0 \u2013 32 \/ Dag: 33 \u2013 64<\/span><\/li>\n<\/ul>\n<\/div>\n<\/div>\n<\/div>\n<\/div>\n<\/div>\n<\/div>\n<\/div>\n<\/div>\n<\/div>\n<\/div>\n<\/div>\n<\/div>\n<\/div>\n<\/div>\n<\/div>\n<\/div>\n<\/div>\n<\/div>\n<\/div>\n<\/div>\n<\/div>\n<\/div>\n<\/div>\n<\/div>\n<\/div>\n<\/div>\n","protected":false},"excerpt":{"rendered":"<p>Ringmontage<\/p>\n","protected":false},"featured_media":260184,"comment_status":"open","ping_status":"closed","template":"","meta":[],"product_brand":[],"product_cat":[2526],"product_tag":[],"class_list":{"0":"post-286516","1":"product","2":"type-product","3":"status-publish","4":"has-post-thumbnail","6":"product_cat-kikarsikten-och-optik","8":"first","9":"outofstock","10":"taxable","11":"shipping-taxable","12":"purchasable","13":"product-type-simple"},"composite_virtual":false,"composite_layout":"","composite_add_to_cart_form_location":"","composite_editable_in_cart":false,"composite_sold_individually_context":"","composite_shop_price_calc":"","composite_components":[],"composite_scenarios":[],"group_of_quantity":0,"min_quantity":0,"max_quantity":"","exclude_order_quantity_value_rules":"no","exclude_category_quantity_rules":"no","combine_variations":"no","exclude_global_add_ons":[],"addons":[],"_links":{"self":[{"href":"https:\/\/www.huntersfriend.eu\/sv\/wp-json\/wp\/v2\/product\/286516","targetHints":{"allow":["GET"]}}],"collection":[{"href":"https:\/\/www.huntersfriend.eu\/sv\/wp-json\/wp\/v2\/product"}],"about":[{"href":"https:\/\/www.huntersfriend.eu\/sv\/wp-json\/wp\/v2\/types\/product"}],"replies":[{"embeddable":true,"href":"https:\/\/www.huntersfriend.eu\/sv\/wp-json\/wp\/v2\/comments?post=286516"}],"wp:featuredmedia":[{"embeddable":true,"href":"https:\/\/www.huntersfriend.eu\/sv\/wp-json\/wp\/v2\/media\/260184"}],"wp:attachment":[{"href":"https:\/\/www.huntersfriend.eu\/sv\/wp-json\/wp\/v2\/media?parent=286516"}],"wp:term":[{"taxonomy":"product_brand","embeddable":true,"href":"https:\/\/www.huntersfriend.eu\/sv\/wp-json\/wp\/v2\/product_brand?post=286516"},{"taxonomy":"product_cat","embeddable":true,"href":"https:\/\/www.huntersfriend.eu\/sv\/wp-json\/wp\/v2\/product_cat?post=286516"},{"taxonomy":"product_tag","embeddable":true,"href":"https:\/\/www.huntersfriend.eu\/sv\/wp-json\/wp\/v2\/product_tag?post=286516"}],"curies":[{"name":"wp","href":"https:\/\/api.w.org\/{rel}","templated":true}]}}