{"id":286499,"date":"2024-01-04T12:30:41","date_gmt":"2024-01-04T10:30:41","guid":{"rendered":"https:\/\/www.huntersfriend.eu\/product\/zeiss-secacam-5-atelkamera\/"},"modified":"2025-08-26T11:39:58","modified_gmt":"2025-08-26T09:39:58","slug":"zeiss-secacam-5-atelkamera","status":"publish","type":"product","link":"https:\/\/www.huntersfriend.eu\/sv\/produkt\/zeiss-secacam-5-atelkamera\/","title":{"rendered":"ZEISS secacam 5 \u00c5telkamera"},"content":{"rendered":"<p>ZEISS Secacam \u00e5telkameror ger dig en inblick i ditt jaktomr\u00e5de genom detaljerade bilder med h\u00f6g kontrast. Utrustade med 60 svarta lysdioder f\u00f6r infrar\u00f6tt ljus och en extremt k\u00e4nslig CMOS-sensor kan ZEISS Secacam \u00e5telkameror ta skarpa, v\u00e4lbelysta foton och videor \u00e4ven i fullst\u00e4ndigt m\u00f6rker. Den kompakta designen och l\u00e5ga vikten hos ZEISS Secacam 5 m\u00f6jligg\u00f6r enkel installation p\u00e5 tr\u00e5nga st\u00e4llen, som tr\u00e4d, buskar eller andra sv\u00e5r\u00e5tkomliga omr\u00e5den. Detta m\u00f6jligg\u00f6r anv\u00e4ndning i olika typer av terr\u00e4ng och livsmilj\u00f6er. ZEISS Secacam \u00e5telkameror erbjuder attraktiva och r\u00e4ttvisa datapaket. Du kan v\u00e4lja mellan en f\u00f6rbetald tj\u00e4nst eller flera m\u00e5natliga upps\u00e4gningsbara tj\u00e4nstepaket. Inga kontrakt, inga dolda avgifter.     <\/p>\n<p>F\u00e4st och f\u00e5nga utan kr\u00e5ngel F\u00e4st helt enkelt ZEISS Secacam-\u00f6vervakningskameran med hj\u00e4lp av remmen, kabell\u00e5set eller stativg\u00e4ngan (rem ing\u00e5r) och b\u00f6rja \u00f6vervaka omedelbart tack vare plug-and-play-funktionen. Alla batterier, SD-minneskort och SIM-kort \u00e4r redan installerade. L\u00e4tt att aktivera ZEISS Secacam-\u00f6vervakningskameror \u00e4r mycket anv\u00e4ndarv\u00e4nliga, med f\u00f6rinst\u00e4llda inst\u00e4llningar som g\u00f6r att du kan b\u00f6rja fotografera direkt. Men om du vill g\u00f6ra \u00e4ndringar g\u00f6r den stora f\u00e4rgsk\u00e4rmen och de bakgrundsbelysta tangenterna det enkelt.  <\/p>\n<p>Enkel anslutning I det sista steget f\u00f6re aktivering l\u00e4nkar du din ZEISS Secacam \u00e5telkamera till ZEISS Secacam-appen. Ange aktiveringskoden som medf\u00f6ljer kameran i appen f\u00f6r att ansluta dem. Nu \u00e4r du redo att b\u00f6rja \u00f6vervaka dina jaktmarker med b\u00e4sta bildkvalitet. P\u00e5litlig appanslutning Med ZEISS Secacam-appen kan du inte bara styra din \u00e5telkamera utan ocks\u00e5 dela den med dina kontakter. Du kan ocks\u00e5 kontrollera kamerans statusinformation, som batteriniv\u00e5, visa kamerans plats p\u00e5 kartan eller visa bilderna som tagits av kameran i galleriet.   <\/p>\n<p>Byggd f\u00f6r att klara extrema f\u00f6rh\u00e5llanden ZEISS Secacam \u00e5telkameror uppvisar h\u00f6gsta kvalitet i sin klass, s\u00e4rskilt under de tuffaste v\u00e4derf\u00f6rh\u00e5llandena. En mycket t\u00e5lig t\u00e4tning skyddar \u00e5telkameran fr\u00e5n vatten, och ett robust h\u00f6lje t\u00e5l \u00e4ven kraftigt regn och hagel. Inte ens v\u00e4rme och sn\u00f6fall p\u00e5verkar driften av ZEISS Secacam \u00e5telkameror. Snabb svarstid Den mycket k\u00e4nsliga r\u00f6relsesensorn uppt\u00e4cker noggrant djurens r\u00f6relser. ZEISS Secacams snabba svarstid (&lt; 0,35 ~ 0,45 sekunder) leder till minimal r\u00f6relseosk\u00e4rpa. Under utl\u00f6sning justerar ZEISS Secacam \u00e5telkamera automatiskt blixtintensiteten, som \u00e4r osynlig f\u00f6r djur och m\u00e4nniskor. Detta f\u00f6rhindrar \u00f6verexponering och minimerar kamerans str\u00f6mf\u00f6rbrukning.      <\/p>\n<p>Viktiga funktioner:<\/p>\n<p>&nbsp;<\/p>\n<ul>\n<li>Synf\u00e4lt: 60\u00b0<\/li>\n<li>LED-blixtinformation: 60 x Black-LED | 940 nM<\/li>\n<li>Blixtr\u00e4ckvidd: ~ 30 m<\/li>\n<li>Svarstid: &lt; 0,35 ~ 0,45 s<\/li>\n<li>Skickad bilduppl\u00f6sning: 1920 \u00d7 1440 px<\/li>\n<li>Sensortyp: CMOS<\/li>\n<li>Sensoruppl\u00f6sning: 5 MP (upp till 12 MP interpolerad)<\/li>\n<li>R\u00f6relsesensorr\u00e4ckvidd: upp till 25 m (beroende p\u00e5 objektstorlek och temperaturskillnad)<\/li>\n<li>Sk\u00e4rmstorlek: 2,40&#8243;<\/li>\n<li>Sk\u00e4rmtyp: TFT-LCD<\/li>\n<li>Portar: USB-c<\/li>\n<li>Str\u00f6mk\u00e4lla: 8 AA-batterier (uppladdningsbara LR6 st\u00f6ds ocks\u00e5)<\/li>\n<li>Batterifack: Inbyggt<\/li>\n<li>Minneskort: SD- eller SDHC-kort upp till 32 GB<\/li>\n<li>Mobiln\u00e4tverk: LTE (4G)<\/li>\n<li>\u00d6verf\u00f6ringsprotokoll: HTTPS<\/li>\n<li>Plats: (Vid kamerastart) GPS<\/li>\n<li>Rekommenderad driftstemperatur: -20 \u00b0C till +55 \u00b0C<\/li>\n<li>M\u00e5tt: <span style=\"font-size: 14.4px\">L: 130 mm x B: 100 mm x H: 70 mm<\/span><\/li>\n<li><span style=\"font-size: 14.4px\">Vikt: (Utan batterier) <\/span><span style=\"font-size: 14.4px\">320 g<\/span><\/li>\n<\/ul>\n","protected":false},"excerpt":{"rendered":"<p>ZEISS Secacam \u00e5telkameror ger dig en inblick i ditt jaktomr\u00e5de genom detaljerade bilder med h\u00f6g kontrast. Utrustade med 60 svarta lysdioder f\u00f6r infrar\u00f6tt ljus och en extremt k\u00e4nslig CMOS-sensor kan ZEISS Secacam \u00e5telkameror ta skarpa, v\u00e4lbelysta foton och videor \u00e4ven i fullst\u00e4ndigt m\u00f6rker. Den kompakta designen och l\u00e5ga vikten hos ZEISS Secacam 5 m\u00f6jligg\u00f6r enkel [&#8230;]\n","protected":false},"featured_media":286500,"comment_status":"open","ping_status":"closed","template":"","meta":[],"product_brand":[],"product_cat":[2708],"product_tag":[],"class_list":{"0":"post-286499","1":"product","2":"type-product","3":"status-publish","4":"has-post-thumbnail","6":"product_cat-viltkameror","8":"first","9":"outofstock","10":"taxable","11":"shipping-taxable","12":"purchasable","13":"product-type-simple"},"composite_virtual":false,"composite_layout":"","composite_add_to_cart_form_location":"","composite_editable_in_cart":false,"composite_sold_individually_context":"","composite_shop_price_calc":"","composite_components":[],"composite_scenarios":[],"group_of_quantity":0,"min_quantity":0,"max_quantity":"","exclude_order_quantity_value_rules":"no","exclude_category_quantity_rules":"no","combine_variations":"no","exclude_global_add_ons":[],"addons":[],"_links":{"self":[{"href":"https:\/\/www.huntersfriend.eu\/sv\/wp-json\/wp\/v2\/product\/286499","targetHints":{"allow":["GET"]}}],"collection":[{"href":"https:\/\/www.huntersfriend.eu\/sv\/wp-json\/wp\/v2\/product"}],"about":[{"href":"https:\/\/www.huntersfriend.eu\/sv\/wp-json\/wp\/v2\/types\/product"}],"replies":[{"embeddable":true,"href":"https:\/\/www.huntersfriend.eu\/sv\/wp-json\/wp\/v2\/comments?post=286499"}],"wp:featuredmedia":[{"embeddable":true,"href":"https:\/\/www.huntersfriend.eu\/sv\/wp-json\/wp\/v2\/media\/286500"}],"wp:attachment":[{"href":"https:\/\/www.huntersfriend.eu\/sv\/wp-json\/wp\/v2\/media?parent=286499"}],"wp:term":[{"taxonomy":"product_brand","embeddable":true,"href":"https:\/\/www.huntersfriend.eu\/sv\/wp-json\/wp\/v2\/product_brand?post=286499"},{"taxonomy":"product_cat","embeddable":true,"href":"https:\/\/www.huntersfriend.eu\/sv\/wp-json\/wp\/v2\/product_cat?post=286499"},{"taxonomy":"product_tag","embeddable":true,"href":"https:\/\/www.huntersfriend.eu\/sv\/wp-json\/wp\/v2\/product_tag?post=286499"}],"curies":[{"name":"wp","href":"https:\/\/api.w.org\/{rel}","templated":true}]}}