{"id":286498,"date":"2024-01-04T12:31:04","date_gmt":"2024-01-04T10:31:04","guid":{"rendered":"https:\/\/www.huntersfriend.eu\/product\/kahles-helia-24-12-x-56i-abs-4-dot\/"},"modified":"2025-08-26T11:39:58","modified_gmt":"2025-08-26T09:39:58","slug":"kahles-helia-24-12-x-56i-abs-4-dot","status":"publish","type":"product","link":"https:\/\/www.huntersfriend.eu\/sv\/produkt\/kahles-helia-24-12-x-56i-abs-4-dot\/","title":{"rendered":"Kahles helia 2,4-12 x 56i abs 4-Dot"},"content":{"rendered":"<p class=\"magnification\">KAHLES HELIA-serien imponerar med kompromissl\u00f6st fokus p\u00e5 det v\u00e4sentliga: funktionalitet, tillf\u00f6rlitlighet, hantering och estetik. Det perfekta verktyget f\u00f6r jakt. <\/p>\n<ul>\n<li>Idealisk f\u00f6r jakt fr\u00e5n g\u00f6msle\/torn med exceptionellt h\u00f6g ljustransmission, oavsett gryning, skymning eller natt<\/li>\n<li>Perfekt bild med b\u00e4sta kontrast och brett, briljant synf\u00e4lt<\/li>\n<li>Kraftfullt optiksystem med exceptionell sk\u00e4rpa \u00e4nda ut i kanterna<\/li>\n<li>Dag\/natt belyst riktmedel med intelligent automatisk avst\u00e4ngning<\/li>\n<\/ul>\n<p><strong>TEKNISK INFORMATION:<\/strong><\/p>\n<table>\n<tbody>\n<tr>\n<td>F\u00f6rstoring:<\/td>\n<td>2,4 &#8211; 12<\/td>\n<\/tr>\n<tr>\n<td>Objektivlinsdiameter:<\/td>\n<td>56 mm<\/td>\n<\/tr>\n<tr>\n<td>\u00d6gonavst\u00e5nd:<\/td>\n<td>95 mm<\/td>\n<\/tr>\n<tr>\n<td>Synf\u00e4lt:<\/td>\n<td>16,5 &#8211; 3,3 m\/100 m<\/td>\n<\/tr>\n<tr>\n<td>Dioptrikompensation:<\/td>\n<td>+2 \/ -3,5 dpt<\/td>\n<\/tr>\n<tr>\n<td>Skymningsfaktor (DIN 58388):<\/td>\n<td>7,4 &#8211; 25,9<\/td>\n<\/tr>\n<tr>\n<td>Tr\u00e4ffl\u00e4gesjustering per klick:<\/td>\n<td>0,36 tum (100 yds)<br \/>\n10 mm (100 m)<br \/>\n.1 MIL<\/td>\n<\/tr>\n<tr>\n<td>Justeringsomr\u00e5de (H\/V):<\/td>\n<td>1,9 \/ 1,9 m<\/td>\n<\/tr>\n<tr>\n<td>Tubdiameter:<\/td>\n<td>30 mm<\/td>\n<\/tr>\n<tr>\n<td>L\u00e4ngd:<\/td>\n<td>359 mm<\/td>\n<\/tr>\n<tr>\n<td>Vikt:<\/td>\n<td>680 g<\/td>\n<\/tr>\n<tr>\n<td>Vikt (SR-Rail):<\/td>\n<td>704 g<\/td>\n<\/tr>\n<tr>\n<td>Fokalplan:<\/td>\n<td>2<\/td>\n<\/tr>\n<tr>\n<td>Belyst:<\/td>\n<td>Ja<\/td>\n<\/tr>\n<tr>\n<td>Garanti:<\/td>\n<td>10 \u00e5r (2 elektronik)<\/td>\n<\/tr>\n<\/tbody>\n<\/table>\n<p><img decoding=\"async\" class=\"alignnone wp-image-260596\" src=\"https:\/\/www.huntersfriend.eu\/app\/uploads\/2024\/01\/Nayttokuva-2024-01-11-114635.png\" alt=\"\" width=\"133\" height=\"129\" srcset=\"https:\/\/www.huntersfriend.eu\/app\/uploads\/2024\/01\/Nayttokuva-2024-01-11-114635.png 592w, https:\/\/www.huntersfriend.eu\/app\/uploads\/2024\/01\/Nayttokuva-2024-01-11-114635-300x291.png 300w, https:\/\/www.huntersfriend.eu\/app\/uploads\/2024\/01\/Nayttokuva-2024-01-11-114635-200x194.png 200w\" sizes=\"(max-width: 133px) 100vw, 133px\" \/><\/p>\n<p>4-Dot riktmedel<\/p>\n<p><strong>Ring Mount-version<\/strong><\/p>\n","protected":false},"excerpt":{"rendered":"<p>KAHLES HELIA-serien imponerar med kompromissl\u00f6st fokus p\u00e5 det v\u00e4sentliga: funktionalitet, tillf\u00f6rlitlighet, hantering och estetik. Det perfekta verktyget f\u00f6r jakt. Idealisk f\u00f6r jakt fr\u00e5n g\u00f6msle\/torn med exceptionellt h\u00f6g ljustransmission, oavsett gryning, skymning eller natt Perfekt bild med b\u00e4sta kontrast och brett, briljant synf\u00e4lt Kraftfullt optiksystem med exceptionell sk\u00e4rpa \u00e4nda ut i kanterna Dag\/natt belyst riktmedel med [&#8230;]\n","protected":false},"featured_media":261114,"comment_status":"open","ping_status":"closed","template":"","meta":[],"product_brand":[],"product_cat":[2526],"product_tag":[],"class_list":{"0":"post-286498","1":"product","2":"type-product","3":"status-publish","4":"has-post-thumbnail","6":"product_cat-kikarsikten-och-optik","8":"first","9":"outofstock","10":"sale","11":"taxable","12":"shipping-taxable","13":"purchasable","14":"product-type-simple"},"composite_virtual":false,"composite_layout":"","composite_add_to_cart_form_location":"","composite_editable_in_cart":false,"composite_sold_individually_context":"","composite_shop_price_calc":"","composite_components":[],"composite_scenarios":[],"group_of_quantity":0,"min_quantity":0,"max_quantity":"","exclude_order_quantity_value_rules":"no","exclude_category_quantity_rules":"no","combine_variations":"no","exclude_global_add_ons":[],"addons":[],"_links":{"self":[{"href":"https:\/\/www.huntersfriend.eu\/sv\/wp-json\/wp\/v2\/product\/286498","targetHints":{"allow":["GET"]}}],"collection":[{"href":"https:\/\/www.huntersfriend.eu\/sv\/wp-json\/wp\/v2\/product"}],"about":[{"href":"https:\/\/www.huntersfriend.eu\/sv\/wp-json\/wp\/v2\/types\/product"}],"replies":[{"embeddable":true,"href":"https:\/\/www.huntersfriend.eu\/sv\/wp-json\/wp\/v2\/comments?post=286498"}],"wp:featuredmedia":[{"embeddable":true,"href":"https:\/\/www.huntersfriend.eu\/sv\/wp-json\/wp\/v2\/media\/261114"}],"wp:attachment":[{"href":"https:\/\/www.huntersfriend.eu\/sv\/wp-json\/wp\/v2\/media?parent=286498"}],"wp:term":[{"taxonomy":"product_brand","embeddable":true,"href":"https:\/\/www.huntersfriend.eu\/sv\/wp-json\/wp\/v2\/product_brand?post=286498"},{"taxonomy":"product_cat","embeddable":true,"href":"https:\/\/www.huntersfriend.eu\/sv\/wp-json\/wp\/v2\/product_cat?post=286498"},{"taxonomy":"product_tag","embeddable":true,"href":"https:\/\/www.huntersfriend.eu\/sv\/wp-json\/wp\/v2\/product_tag?post=286498"}],"curies":[{"name":"wp","href":"https:\/\/api.w.org\/{rel}","templated":true}]}}