{"id":286491,"date":"2024-01-04T12:30:41","date_gmt":"2024-01-04T10:30:41","guid":{"rendered":"https:\/\/www.huntersfriend.eu\/product\/zeiss-secacam-7-atelkamera\/"},"modified":"2025-08-26T11:39:57","modified_gmt":"2025-08-26T09:39:57","slug":"zeiss-secacam-7-atelkamera","status":"publish","type":"product","link":"https:\/\/www.huntersfriend.eu\/sv\/produkt\/zeiss-secacam-7-atelkamera\/","title":{"rendered":"ZEISS secacam 7 \u00c5telkamera"},"content":{"rendered":"<p>ZEISS Secacam-\u00e5telkameror ger dig insikt i ditt jaktomr\u00e5de genom detaljerade bilder med h\u00f6g kontrast. Med en kraftfull kombination av 60 svarta lysdioder f\u00f6r infrar\u00f6tt ljus och en mycket k\u00e4nslig CMOS-sensor utm\u00e4rker sig ZEISS Secacam-\u00e5telkameror genom att ta skarpa, v\u00e4lbelysta foton och videor \u00e4ven i totalt m\u00f6rker. \u00c4ven mindre erfarna anv\u00e4ndare kan enkelt och utan anstr\u00e4ngning anv\u00e4nda ZEISS Secacam 7-\u00e5telkameran: Eftersom objektivet p\u00e5 den h\u00e4r \u00e5telkameran \u00e4r f\u00e4st ovanf\u00f6r det fram\u00e5tg\u00e5ende frontskyddet kan du kontrollera motivet p\u00e5 sk\u00e4rmen och sikta kameran perfekt. Attraktiva och r\u00e4ttvisa datapaket finns tillg\u00e4ngliga f\u00f6r ZEISS Secacam-\u00e5telkameror. Du kan v\u00e4lja mellan en f\u00f6rbetald tj\u00e4nst eller flera m\u00e5natliga upps\u00e4gningsbara servicepaket. Inga kontrakt, inga dolda avgifter.    <\/p>\n<p>F\u00e4st och f\u00e5nga utan installationsproblem F\u00e4st helt enkelt ZEISS Secacam-\u00e5telkameran p\u00e5 plats med hj\u00e4lp av remmen, kabell\u00e5set eller stativg\u00e4ngan (rem ing\u00e5r) och b\u00f6rja \u00f6vervaka omedelbart tack vare plug-and-play-funktionen. Alla batterier, SD-minneskort och SIM-kort \u00e4r redan installerade. L\u00e4tt att aktivera ZEISS Secacam-\u00e5telkameror \u00e4r mycket anv\u00e4ndarv\u00e4nliga och inst\u00e4llningarna \u00e4r f\u00f6rinst\u00e4llda s\u00e5 att du kan b\u00f6rja fotografera direkt. Men om du vill g\u00f6ra \u00e4ndringar g\u00f6r den stora f\u00e4rgsk\u00e4rmen och de bakgrundsbelysta tangenterna det enkelt.   <\/p>\n<p>Anslut enkelt I det sista steget f\u00f6re aktivering l\u00e4nkar du ZEISS Secacam-\u00e5telkameran till ZEISS Secacam-appen. Ange aktiveringskoden som medf\u00f6ljer kameran i appen f\u00f6r att l\u00e4nka dem samman. P\u00e5 s\u00e5 s\u00e4tt \u00e4r du redo att b\u00f6rja \u00f6vervaka ditt jaktomr\u00e5de med b\u00e4sta bildkvalitet. P\u00e5litlig appanslutning Med ZEISS Secacam-appen kan du inte bara styra din \u00e5telkamera utan ocks\u00e5 dela den med dina kontakter. Du kan ocks\u00e5 kontrollera kamerans statusinformation som batteriniv\u00e5, kontrollera kamerans plats p\u00e5 kartan eller visa bilderna som tagits av kameran n\u00e4r som helst.    <\/p>\n<p>Byggd f\u00f6r att klara extrema f\u00f6rh\u00e5llanden ZEISS Secacam-\u00e5telkameror uppvisar h\u00f6gsta kvalitet i sin klass, s\u00e4rskilt i de mest utmanande v\u00e4derf\u00f6rh\u00e5llandena &#8211; en mycket slitstark t\u00e4tning skyddar \u00e5telkameran fr\u00e5n vatten och ett robust h\u00f6lje t\u00e5l \u00e4ven kraftigt regn och hagel. Inte ens v\u00e4rme och sn\u00f6 p\u00e5verkar driften av ZEISS Secacam-\u00e5telkameror. Snabb svarstid Den mycket k\u00e4nsliga r\u00f6relsesensorn uppt\u00e4cker exakt djurens r\u00f6relser. ZEISS Secacams snabba svarstid (&lt; 0,35 ~ 0,45 sekunder) resulterar i minimal r\u00f6relseosk\u00e4rpa. Under utl\u00f6sning justerar ZEISS Secacam-\u00e5telkameran automatiskt blixtintensiteten, som \u00e4r osynlig f\u00f6r djur och m\u00e4nniskor. Detta f\u00f6rhindrar felaktig exponering och minimerar kamerans str\u00f6mf\u00f6rbrukning.     <\/p>\n<p>&nbsp;<\/p>\n<p>Viktiga funktioner:<\/p>\n<p>&nbsp;<\/p>\n<ul>\n<li>Synf\u00e4lt: 60\u00b0<\/li>\n<li>Information om LED-blixt: 60 x Black-LED | 940 nM<\/li>\n<li>Blixtr\u00e4ckvidd: ~ 30 m<\/li>\n<li>Svarstid: &lt; 0,35 ~ 0,45 s<\/li>\n<li>\u00d6verf\u00f6rd bilduppl\u00f6sning: <span style=\"font-size: 14.4px\">1920 \u00d7 1440 px<\/span><\/li>\n<li><span style=\"font-size: 14.4px\">Sensortyp: <\/span><span style=\"font-size: 14.4px\">CMOS<\/span><\/li>\n<li><span style=\"font-size: 14.4px\">Sensoruppl\u00f6sning: <\/span><span style=\"font-size: 14.4px\">5 MP (upp till 12 MP interpolerad)<\/span><\/li>\n<li><span style=\"font-size: 14.4px\">R\u00f6relsesensorr\u00e4ckvidd:<\/span><span style=\"font-size: 14.4px\">upp till 25 m (beroende p\u00e5 objektstorlek och temperaturskillnad)<\/span><\/li>\n<li><span style=\"font-size: 14.4px\">Sk\u00e4rmstorlek:<\/span><span style=\"font-size: 14.4px\">2.40&#8243;<\/span><\/li>\n<li><span style=\"font-size: 14.4px\">Sk\u00e4rmtyp: <\/span><span style=\"font-size: 14.4px\">TFT-LCD<\/span><\/li>\n<li><span style=\"font-size: 14.4px\">Portar:<\/span><span style=\"font-size: 14.4px\">USB-c<\/span><\/li>\n<li><span style=\"font-size: 14.4px\">Str\u00f6mk\u00e4lla:<\/span><span style=\"font-size: 14.4px\">8 AA-batterier (uppladdningsbara LR6 st\u00f6ds ocks\u00e5)<\/span><\/li>\n<li><span style=\"font-size: 14.4px\">Batterifack:<\/span><span style=\"font-size: 14.4px\">Avtagbart separat<\/span><\/li>\n<li><span style=\"font-size: 14.4px\">Minneskort: <\/span><span style=\"font-size: 14.4px\">SD- eller SDHC-kort upp till 32 GB<\/span><\/li>\n<li><span style=\"font-size: 14.4px\">Mobiln\u00e4tverk:<\/span><span style=\"font-size: 14.4px\">LTE (4G)<\/span><\/li>\n<li><span style=\"font-size: 14.4px\">\u00d6verf\u00f6ringsprotokoll:<\/span><span style=\"font-size: 14.4px\">HTTPS<\/span><\/li>\n<li><span style=\"font-size: 14.4px\">Plats: (Vid kamerastart) <\/span><span style=\"font-size: 14.4px\">GPS<\/span><\/li>\n<li><span style=\"font-size: 14.4px\">Rekommenderad driftstemperatur:<\/span><span style=\"font-size: 14.4px\">-20\u00b0C till +55\u00b0C<\/span><\/li>\n<li><span style=\"font-size: 14.4px\">M\u00e5tt:<\/span><span style=\"font-size: 14.4px\">L: 143 mm x B: 120 mm x H: 75 mm<\/span><\/li>\n<li><span style=\"font-size: 14.4px\">Vikt: (Utan batterier) <\/span><span style=\"font-size: 14.4px\">440 g<\/span><\/li>\n<\/ul>\n","protected":false},"excerpt":{"rendered":"<p>ZEISS Secacam-\u00e5telkameror ger dig insikt i ditt jaktomr\u00e5de genom detaljerade bilder med h\u00f6g kontrast. Med en kraftfull kombination av 60 svarta lysdioder f\u00f6r infrar\u00f6tt ljus och en mycket k\u00e4nslig CMOS-sensor utm\u00e4rker sig ZEISS Secacam-\u00e5telkameror genom att ta skarpa, v\u00e4lbelysta foton och videor \u00e4ven i totalt m\u00f6rker. \u00c4ven mindre erfarna anv\u00e4ndare kan enkelt och utan anstr\u00e4ngning [&#8230;]\n","protected":false},"featured_media":286492,"comment_status":"open","ping_status":"closed","template":"","meta":[],"product_brand":[],"product_cat":[878],"product_tag":[],"class_list":{"0":"post-286491","1":"product","2":"type-product","3":"status-publish","4":"has-post-thumbnail","6":"product_cat-uncategorized-sv","8":"first","9":"outofstock","10":"taxable","11":"shipping-taxable","12":"purchasable","13":"product-type-simple"},"composite_virtual":false,"composite_layout":"","composite_add_to_cart_form_location":"","composite_editable_in_cart":false,"composite_sold_individually_context":"","composite_shop_price_calc":"","composite_components":[],"composite_scenarios":[],"group_of_quantity":0,"min_quantity":0,"max_quantity":"","exclude_order_quantity_value_rules":"no","exclude_category_quantity_rules":"no","combine_variations":"no","exclude_global_add_ons":[],"addons":[],"_links":{"self":[{"href":"https:\/\/www.huntersfriend.eu\/sv\/wp-json\/wp\/v2\/product\/286491","targetHints":{"allow":["GET"]}}],"collection":[{"href":"https:\/\/www.huntersfriend.eu\/sv\/wp-json\/wp\/v2\/product"}],"about":[{"href":"https:\/\/www.huntersfriend.eu\/sv\/wp-json\/wp\/v2\/types\/product"}],"replies":[{"embeddable":true,"href":"https:\/\/www.huntersfriend.eu\/sv\/wp-json\/wp\/v2\/comments?post=286491"}],"wp:featuredmedia":[{"embeddable":true,"href":"https:\/\/www.huntersfriend.eu\/sv\/wp-json\/wp\/v2\/media\/286492"}],"wp:attachment":[{"href":"https:\/\/www.huntersfriend.eu\/sv\/wp-json\/wp\/v2\/media?parent=286491"}],"wp:term":[{"taxonomy":"product_brand","embeddable":true,"href":"https:\/\/www.huntersfriend.eu\/sv\/wp-json\/wp\/v2\/product_brand?post=286491"},{"taxonomy":"product_cat","embeddable":true,"href":"https:\/\/www.huntersfriend.eu\/sv\/wp-json\/wp\/v2\/product_cat?post=286491"},{"taxonomy":"product_tag","embeddable":true,"href":"https:\/\/www.huntersfriend.eu\/sv\/wp-json\/wp\/v2\/product_tag?post=286491"}],"curies":[{"name":"wp","href":"https:\/\/api.w.org\/{rel}","templated":true}]}}