{"id":286490,"date":"2024-01-04T12:31:03","date_gmt":"2024-01-04T10:31:03","guid":{"rendered":"https:\/\/www.huntersfriend.eu\/product\/kahles-helia-1-5-x-24i-abs-4-dh\/"},"modified":"2025-08-26T11:39:57","modified_gmt":"2025-08-26T09:39:57","slug":"kahles-helia-1-5-x-24i-abs-4-dh","status":"publish","type":"product","link":"https:\/\/www.huntersfriend.eu\/sv\/produkt\/kahles-helia-1-5-x-24i-abs-4-dh\/","title":{"rendered":"Kahles helia 1-5 x 24i abs 4-DH"},"content":{"rendered":"<p>HELIA-serien imponerar med kompromissl\u00f6st fokus p\u00e5 det v\u00e4sentliga: funktionalitet, tillf\u00f6rlitlighet, hantering och estetik. Det perfekta verktyget f\u00f6r jakt. <\/p>\n<ul>\n<li>Verkligt kompakt drevjaktsoptik med ett extremt brett synf\u00e4lt som n\u00e5r 42 m\/100 m<\/li>\n<li>Kraftfullt optiksystem med exceptionell sk\u00e4rpa \u00e4nda ut i kanterna<\/li>\n<li>Verklig 1 x f\u00f6rstoring f\u00f6r irritationsfri visning med b\u00e5da \u00f6gonen<\/li>\n<li>Extra ljusstark dag\/natt belyst riktmedel med intelligent automatisk avst\u00e4ngning<\/li>\n<\/ul>\n<p><strong>TECNHISKA SPECIFIKATIONER:<\/strong><\/p>\n<table>\n<tbody>\n<tr>\n<td>F\u00f6rstoring:<\/td>\n<td>1-5<\/td>\n<\/tr>\n<tr>\n<td>Objektivlinsdiameter:<\/td>\n<td>24 mm<\/td>\n<\/tr>\n<tr>\n<td>\u00d6gonavst\u00e5nd:<\/td>\n<td>95 mm<\/td>\n<\/tr>\n<tr>\n<td>Synf\u00e4lt:<\/td>\n<td>42,4 &#8211; 8,1 m\/100 m<\/td>\n<\/tr>\n<tr>\n<td>Dioptrikompensation:<\/td>\n<td>+2 \/ -3,5 dpt<\/td>\n<\/tr>\n<tr>\n<td>Skymningsfaktor (DIN 58388):<\/td>\n<td>3,0 &#8211; 11,0<\/td>\n<\/tr>\n<tr>\n<td>Justeringsomr\u00e5de (E\/W):<\/td>\n<td>2,5 \/ 2,5 m<\/td>\n<\/tr>\n<tr>\n<td>Tubdiameter:<\/td>\n<td>30 mm<\/td>\n<\/tr>\n<tr>\n<td>L\u00e4ngd:<\/td>\n<td>278 mm<\/td>\n<\/tr>\n<tr>\n<td>Vikt:<\/td>\n<td>475 g<\/td>\n<\/tr>\n<tr>\n<td>Vikt (SR-Rail):<\/td>\n<td>499 g<\/td>\n<\/tr>\n<tr>\n<td>Fokalplan:<\/td>\n<td>2<\/td>\n<\/tr>\n<tr>\n<td>Belyst:<\/td>\n<td>Ja<\/td>\n<\/tr>\n<tr>\n<td>Garanti:<\/td>\n<td>10 \u00e5r (2 elektronik)<\/td>\n<\/tr>\n<\/tbody>\n<\/table>\n<p>4-DH riktmedel<\/p>\n<p><img decoding=\"async\" class=\"alignnone wp-image-261068\" src=\"https:\/\/www.huntersfriend.eu\/app\/uploads\/2024\/01\/DH4-600x598.jpg\" alt=\"\" width=\"128\" height=\"128\" srcset=\"https:\/\/www.huntersfriend.eu\/app\/uploads\/2024\/01\/DH4-600x598.jpg 600w, https:\/\/www.huntersfriend.eu\/app\/uploads\/2024\/01\/DH4-1024x1021.jpg 1024w, https:\/\/www.huntersfriend.eu\/app\/uploads\/2024\/01\/DH4-150x150.jpg 150w, https:\/\/www.huntersfriend.eu\/app\/uploads\/2024\/01\/DH4-768x766.jpg 768w, https:\/\/www.huntersfriend.eu\/app\/uploads\/2024\/01\/DH4-1536x1531.jpg 1536w, https:\/\/www.huntersfriend.eu\/app\/uploads\/2024\/01\/DH4-2048x2041.jpg 2048w, https:\/\/www.huntersfriend.eu\/app\/uploads\/2024\/01\/DH4-300x300.jpg 300w, https:\/\/www.huntersfriend.eu\/app\/uploads\/2024\/01\/DH4-200x200.jpg 200w\" sizes=\"(max-width: 128px) 100vw, 128px\" \/><\/p>\n","protected":false},"excerpt":{"rendered":"<p>HELIA-serien imponerar med kompromissl\u00f6st fokus p\u00e5 det v\u00e4sentliga: funktionalitet, tillf\u00f6rlitlighet, hantering och estetik. Det perfekta verktyget f\u00f6r jakt. Verkligt kompakt drevjaktsoptik med ett extremt brett synf\u00e4lt som n\u00e5r 42 m\/100 m Kraftfullt optiksystem med exceptionell sk\u00e4rpa \u00e4nda ut i kanterna Verklig 1 x f\u00f6rstoring f\u00f6r irritationsfri visning med b\u00e5da \u00f6gonen Extra ljusstark dag\/natt belyst riktmedel [&#8230;]\n","protected":false},"featured_media":261079,"comment_status":"open","ping_status":"closed","template":"","meta":[],"product_brand":[],"product_cat":[878],"product_tag":[],"class_list":{"0":"post-286490","1":"product","2":"type-product","3":"status-publish","4":"has-post-thumbnail","6":"product_cat-uncategorized-sv","8":"first","9":"outofstock","10":"sale","11":"taxable","12":"shipping-taxable","13":"purchasable","14":"product-type-simple"},"composite_virtual":false,"composite_layout":"","composite_add_to_cart_form_location":"","composite_editable_in_cart":false,"composite_sold_individually_context":"","composite_shop_price_calc":"","composite_components":[],"composite_scenarios":[],"group_of_quantity":0,"min_quantity":0,"max_quantity":"","exclude_order_quantity_value_rules":"no","exclude_category_quantity_rules":"no","combine_variations":"no","exclude_global_add_ons":[],"addons":[],"_links":{"self":[{"href":"https:\/\/www.huntersfriend.eu\/sv\/wp-json\/wp\/v2\/product\/286490","targetHints":{"allow":["GET"]}}],"collection":[{"href":"https:\/\/www.huntersfriend.eu\/sv\/wp-json\/wp\/v2\/product"}],"about":[{"href":"https:\/\/www.huntersfriend.eu\/sv\/wp-json\/wp\/v2\/types\/product"}],"replies":[{"embeddable":true,"href":"https:\/\/www.huntersfriend.eu\/sv\/wp-json\/wp\/v2\/comments?post=286490"}],"wp:featuredmedia":[{"embeddable":true,"href":"https:\/\/www.huntersfriend.eu\/sv\/wp-json\/wp\/v2\/media\/261079"}],"wp:attachment":[{"href":"https:\/\/www.huntersfriend.eu\/sv\/wp-json\/wp\/v2\/media?parent=286490"}],"wp:term":[{"taxonomy":"product_brand","embeddable":true,"href":"https:\/\/www.huntersfriend.eu\/sv\/wp-json\/wp\/v2\/product_brand?post=286490"},{"taxonomy":"product_cat","embeddable":true,"href":"https:\/\/www.huntersfriend.eu\/sv\/wp-json\/wp\/v2\/product_cat?post=286490"},{"taxonomy":"product_tag","embeddable":true,"href":"https:\/\/www.huntersfriend.eu\/sv\/wp-json\/wp\/v2\/product_tag?post=286490"}],"curies":[{"name":"wp","href":"https:\/\/api.w.org\/{rel}","templated":true}]}}