{"id":286487,"date":"2024-01-04T12:30:31","date_gmt":"2024-01-04T10:30:31","guid":{"rendered":"https:\/\/www.huntersfriend.eu\/product\/kahles-helia-red-dot\/"},"modified":"2025-08-26T11:39:53","modified_gmt":"2025-08-26T09:39:53","slug":"kahles-helia-red-dot","status":"publish","type":"product","link":"https:\/\/www.huntersfriend.eu\/sv\/produkt\/kahles-helia-red-dot\/","title":{"rendered":"Kahles Helia Red Dot"},"content":{"rendered":"<p>KAHLES HELIA RD har utformats f\u00f6r det intuitiva skottet. Den har en unik antireflexbehandling f\u00f6r tydlig sikt och en exakt 2 MOA-punkt f\u00f6r minimal m\u00e5lt\u00e4ckning. <\/p>\n<ul>\n<li>Unik antireflexbehandling f\u00f6r tydlig sikt<\/li>\n<li>Exakt 2 MOA-punkt och Easyclick<\/li>\n<li>Picatinny-f\u00e4ste<\/li>\n<li>4 manuella belysningsinst\u00e4llningar med intelligent automatisk avst\u00e4ngning<\/li>\n<li>L\u00e4tt att byta batteri<\/li>\n<\/ul>\n<table>\n<tbody>\n<tr>\n<td><\/td>\n<td><\/td>\n<td><\/td>\n<\/tr>\n<tr>\n<td><strong>HELIA RD<\/strong><\/td>\n<td><\/td>\n<td><\/td>\n<\/tr>\n<tr>\n<td>F\u00f6rstoring:<\/td>\n<td>1,0<\/td>\n<td><\/td>\n<\/tr>\n<tr>\n<td>F\u00f6nsterstorlek:<\/td>\n<td>26 x 22 mm<\/td>\n<td><\/td>\n<\/tr>\n<tr>\n<td>Tr\u00e4ffl\u00e4gesjustering \/ klick:<\/td>\n<td>15 mm \/ 50 m<\/td>\n<td><\/td>\n<\/tr>\n<tr>\n<td>Justeringsomr\u00e5de H \/ S (m \/ 100m):<\/td>\n<td>4,0 \/ 2,5<\/td>\n<td><\/td>\n<\/tr>\n<tr>\n<td>L\u00e4ngd:<\/td>\n<td>55 mm<\/td>\n<td><\/td>\n<\/tr>\n<tr>\n<td>Vikt:<\/td>\n<td>42 g<\/td>\n<td><\/td>\n<\/tr>\n<tr>\n<td>Punktstorlek:<\/td>\n<td>2 MOA<\/td>\n<td><\/td>\n<\/tr>\n<tr>\n<td>Justeringsbelysning (manuell):<\/td>\n<td>4 steg<\/td>\n<td><\/td>\n<\/tr>\n<tr>\n<td>Automatiskt ljus:<\/td>\n<td>\u2713<\/td>\n<td><\/td>\n<\/tr>\n<tr>\n<td>Batterityp:<\/td>\n<td>CR2032<\/td>\n<td><\/td>\n<\/tr>\n<tr>\n<td>Gummiskydd med hylla f\u00f6r reservbatteri:<\/td>\n<td>\u2713<\/td>\n<td><\/td>\n<\/tr>\n<tr>\n<td>Picatinny\/Weaver-f\u00e4ste:<\/td>\n<td>\u2713<\/td>\n<td><\/td>\n<\/tr>\n<tr>\n<td>Adapterplatta:<\/td>\n<td>&#8211;<\/td>\n<td><\/td>\n<\/tr>\n<tr>\n<td>Garanti:<\/td>\n<td>2 \u00e5r<\/td>\n<\/tr>\n<\/tbody>\n<\/table>\n","protected":false},"excerpt":{"rendered":"<p>KAHLES HELIA RD har utformats f\u00f6r det intuitiva skottet. Den har en unik antireflexbehandling f\u00f6r tydlig sikt och en exakt 2 MOA-punkt f\u00f6r minimal m\u00e5lt\u00e4ckning. Unik antireflexbehandling f\u00f6r tydlig sikt Exakt 2 MOA-punkt och Easyclick Picatinny-f\u00e4ste 4 manuella belysningsinst\u00e4llningar med intelligent automatisk avst\u00e4ngning L\u00e4tt att byta batteri HELIA RD F\u00f6rstoring: 1,0 F\u00f6nsterstorlek: 26 x 22 [&#8230;]\n","protected":false},"featured_media":261040,"comment_status":"open","ping_status":"closed","template":"","meta":[],"product_brand":[],"product_cat":[2526],"product_tag":[],"class_list":{"0":"post-286487","1":"product","2":"type-product","3":"status-publish","4":"has-post-thumbnail","6":"product_cat-kikarsikten-och-optik","8":"first","9":"outofstock","10":"taxable","11":"shipping-taxable","12":"purchasable","13":"product-type-simple"},"composite_virtual":false,"composite_layout":"","composite_add_to_cart_form_location":"","composite_editable_in_cart":false,"composite_sold_individually_context":"","composite_shop_price_calc":"","composite_components":[],"composite_scenarios":[],"group_of_quantity":0,"min_quantity":0,"max_quantity":"","exclude_order_quantity_value_rules":"no","exclude_category_quantity_rules":"no","combine_variations":"no","exclude_global_add_ons":[],"addons":[],"_links":{"self":[{"href":"https:\/\/www.huntersfriend.eu\/sv\/wp-json\/wp\/v2\/product\/286487","targetHints":{"allow":["GET"]}}],"collection":[{"href":"https:\/\/www.huntersfriend.eu\/sv\/wp-json\/wp\/v2\/product"}],"about":[{"href":"https:\/\/www.huntersfriend.eu\/sv\/wp-json\/wp\/v2\/types\/product"}],"replies":[{"embeddable":true,"href":"https:\/\/www.huntersfriend.eu\/sv\/wp-json\/wp\/v2\/comments?post=286487"}],"wp:featuredmedia":[{"embeddable":true,"href":"https:\/\/www.huntersfriend.eu\/sv\/wp-json\/wp\/v2\/media\/261040"}],"wp:attachment":[{"href":"https:\/\/www.huntersfriend.eu\/sv\/wp-json\/wp\/v2\/media?parent=286487"}],"wp:term":[{"taxonomy":"product_brand","embeddable":true,"href":"https:\/\/www.huntersfriend.eu\/sv\/wp-json\/wp\/v2\/product_brand?post=286487"},{"taxonomy":"product_cat","embeddable":true,"href":"https:\/\/www.huntersfriend.eu\/sv\/wp-json\/wp\/v2\/product_cat?post=286487"},{"taxonomy":"product_tag","embeddable":true,"href":"https:\/\/www.huntersfriend.eu\/sv\/wp-json\/wp\/v2\/product_tag?post=286487"}],"curies":[{"name":"wp","href":"https:\/\/api.w.org\/{rel}","templated":true}]}}