{"id":286480,"date":"2024-01-04T12:30:32","date_gmt":"2024-01-04T10:30:32","guid":{"rendered":"https:\/\/www.huntersfriend.eu\/product\/kahles-ballistiska-torn\/"},"modified":"2025-08-26T11:39:50","modified_gmt":"2025-08-26T09:39:50","slug":"kahles-ballistiska-torn","status":"publish","type":"product","link":"https:\/\/www.huntersfriend.eu\/sv\/produkt\/kahles-ballistiska-torn\/","title":{"rendered":"Kahles ballistiska torn"},"content":{"rendered":"<p>HELIA ballistiska torn (BT) eliminerar gissningsarbetet vid sikte p\u00e5 olika skjutavst\u00e5nd. De imponerar med anv\u00e4ndarv\u00e4nlig drift och individuell anpassning till ballistiken. HELIA ballistiska torn kan monteras av anv\u00e4ndaren i n\u00e5gra enkla steg. De tydligt identifierbara klisterm\u00e4rkena som medf\u00f6ljer ger m\u00f6jlighet att l\u00e4gga till 100 % exakta markeringar f\u00f6r individuell ballistik, som kan \u00e4ndras snabbt och enkelt vid behov.   <\/p>\n<p>HELIA ballistiska torn \u00e4r endast tillg\u00e4ngliga f\u00f6r kikarsikten HELIA och HELIA 3.<\/p>\n","protected":false},"excerpt":{"rendered":"<p>HELIA ballistiska torn (BT) eliminerar gissningsarbetet vid sikte p\u00e5 olika skjutavst\u00e5nd. De imponerar med anv\u00e4ndarv\u00e4nlig drift och individuell anpassning till ballistiken. HELIA ballistiska torn kan monteras av anv\u00e4ndaren i n\u00e5gra enkla steg. De tydligt identifierbara klisterm\u00e4rkena som medf\u00f6ljer ger m\u00f6jlighet att l\u00e4gga till 100 % exakta markeringar f\u00f6r individuell ballistik, som kan \u00e4ndras snabbt och [&#8230;]\n","protected":false},"featured_media":261054,"comment_status":"open","ping_status":"closed","template":"","meta":[],"product_brand":[],"product_cat":[878],"product_tag":[],"class_list":{"0":"post-286480","1":"product","2":"type-product","3":"status-publish","4":"has-post-thumbnail","6":"product_cat-uncategorized-sv","8":"first","9":"outofstock","10":"sale","11":"taxable","12":"shipping-taxable","13":"purchasable","14":"product-type-simple"},"composite_virtual":false,"composite_layout":"","composite_add_to_cart_form_location":"","composite_editable_in_cart":false,"composite_sold_individually_context":"","composite_shop_price_calc":"","composite_components":[],"composite_scenarios":[],"group_of_quantity":0,"min_quantity":0,"max_quantity":"","exclude_order_quantity_value_rules":"no","exclude_category_quantity_rules":"no","combine_variations":"no","exclude_global_add_ons":[],"addons":[],"_links":{"self":[{"href":"https:\/\/www.huntersfriend.eu\/sv\/wp-json\/wp\/v2\/product\/286480","targetHints":{"allow":["GET"]}}],"collection":[{"href":"https:\/\/www.huntersfriend.eu\/sv\/wp-json\/wp\/v2\/product"}],"about":[{"href":"https:\/\/www.huntersfriend.eu\/sv\/wp-json\/wp\/v2\/types\/product"}],"replies":[{"embeddable":true,"href":"https:\/\/www.huntersfriend.eu\/sv\/wp-json\/wp\/v2\/comments?post=286480"}],"wp:featuredmedia":[{"embeddable":true,"href":"https:\/\/www.huntersfriend.eu\/sv\/wp-json\/wp\/v2\/media\/261054"}],"wp:attachment":[{"href":"https:\/\/www.huntersfriend.eu\/sv\/wp-json\/wp\/v2\/media?parent=286480"}],"wp:term":[{"taxonomy":"product_brand","embeddable":true,"href":"https:\/\/www.huntersfriend.eu\/sv\/wp-json\/wp\/v2\/product_brand?post=286480"},{"taxonomy":"product_cat","embeddable":true,"href":"https:\/\/www.huntersfriend.eu\/sv\/wp-json\/wp\/v2\/product_cat?post=286480"},{"taxonomy":"product_tag","embeddable":true,"href":"https:\/\/www.huntersfriend.eu\/sv\/wp-json\/wp\/v2\/product_tag?post=286480"}],"curies":[{"name":"wp","href":"https:\/\/api.w.org\/{rel}","templated":true}]}}