{"id":286478,"date":"2024-01-04T12:30:25","date_gmt":"2024-01-04T10:30:25","guid":{"rendered":"https:\/\/www.huntersfriend.eu\/product\/swarovski-slp-o-24-zf-linsskydd\/"},"modified":"2025-08-26T11:39:49","modified_gmt":"2025-08-26T09:39:49","slug":"swarovski-slp-o-24-zf-linsskydd","status":"publish","type":"product","link":"https:\/\/www.huntersfriend.eu\/sv\/produkt\/swarovski-slp-o-24-zf-linsskydd\/","title":{"rendered":"Swarovski SLP-o-24 ZF linsskydd"},"content":{"rendered":"<p>SLP-O-linsskyddet skyddar objektivlinser mot p\u00e5verkan fr\u00e5n alla v\u00e4derf\u00f6rh\u00e5llanden. Aluminiumskyddet kan roteras 360\u00b0, \u00f6ppnas i valfri riktning och har ett magnetl\u00e5s. Passar alla SWAROVSKI OPTIK-kikarsikten med 24 mm lins.  <\/p>\n","protected":false},"excerpt":{"rendered":"<p>SLP-O-linsskyddet skyddar objektivlinser mot p\u00e5verkan fr\u00e5n alla v\u00e4derf\u00f6rh\u00e5llanden. Aluminiumskyddet kan roteras 360\u00b0, \u00f6ppnas i valfri riktning och har ett magnetl\u00e5s. Passar alla SWAROVSKI OPTIK-kikarsikten med 24 mm lins.<\/p>\n","protected":false},"featured_media":260323,"comment_status":"open","ping_status":"closed","template":"","meta":[],"product_brand":[],"product_cat":[2526,2524],"product_tag":[],"class_list":{"0":"post-286478","1":"product","2":"type-product","3":"status-publish","4":"has-post-thumbnail","6":"product_cat-kikarsikten-och-optik","7":"product_cat-optiktillbehor","9":"first","10":"outofstock","11":"taxable","12":"shipping-taxable","13":"purchasable","14":"product-type-simple"},"composite_virtual":false,"composite_layout":"","composite_add_to_cart_form_location":"","composite_editable_in_cart":false,"composite_sold_individually_context":"","composite_shop_price_calc":"","composite_components":[],"composite_scenarios":[],"group_of_quantity":0,"min_quantity":0,"max_quantity":"","exclude_order_quantity_value_rules":"no","exclude_category_quantity_rules":"no","combine_variations":"no","exclude_global_add_ons":[],"addons":[],"_links":{"self":[{"href":"https:\/\/www.huntersfriend.eu\/sv\/wp-json\/wp\/v2\/product\/286478","targetHints":{"allow":["GET"]}}],"collection":[{"href":"https:\/\/www.huntersfriend.eu\/sv\/wp-json\/wp\/v2\/product"}],"about":[{"href":"https:\/\/www.huntersfriend.eu\/sv\/wp-json\/wp\/v2\/types\/product"}],"replies":[{"embeddable":true,"href":"https:\/\/www.huntersfriend.eu\/sv\/wp-json\/wp\/v2\/comments?post=286478"}],"wp:featuredmedia":[{"embeddable":true,"href":"https:\/\/www.huntersfriend.eu\/sv\/wp-json\/wp\/v2\/media\/260323"}],"wp:attachment":[{"href":"https:\/\/www.huntersfriend.eu\/sv\/wp-json\/wp\/v2\/media?parent=286478"}],"wp:term":[{"taxonomy":"product_brand","embeddable":true,"href":"https:\/\/www.huntersfriend.eu\/sv\/wp-json\/wp\/v2\/product_brand?post=286478"},{"taxonomy":"product_cat","embeddable":true,"href":"https:\/\/www.huntersfriend.eu\/sv\/wp-json\/wp\/v2\/product_cat?post=286478"},{"taxonomy":"product_tag","embeddable":true,"href":"https:\/\/www.huntersfriend.eu\/sv\/wp-json\/wp\/v2\/product_tag?post=286478"}],"curies":[{"name":"wp","href":"https:\/\/api.w.org\/{rel}","templated":true}]}}