{"id":286473,"date":"2024-01-04T12:30:24","date_gmt":"2024-01-04T10:30:24","guid":{"rendered":"https:\/\/www.huntersfriend.eu\/product\/swarovski-ballistiskt-torn-flex\/"},"modified":"2025-08-26T11:39:45","modified_gmt":"2025-08-26T09:39:45","slug":"swarovski-ballistiskt-torn-flex","status":"publish","type":"product","link":"https:\/\/www.huntersfriend.eu\/sv\/produkt\/swarovski-ballistiskt-torn-flex\/","title":{"rendered":"Swarovski ballistiskt torn Flex"},"content":{"rendered":"<p>Det ballistiska tornet flex (BTF) kan anv\u00e4ndas som ett topp- eller sidotorn och kan kombineras med alla tillg\u00e4ngliga riktmedel. Det kan konfigureras separat och g\u00f6r att du alltid kan h\u00e5lla m\u00e5let p\u00e5 \u00f6nskat avst\u00e5nd. BTF kan monteras utan verktyg och har en l\u00e5smekanism som f\u00f6rhindrar att du vrider det oavsiktligt. Passar alla Z8i-modeller.   <\/p>\n","protected":false},"excerpt":{"rendered":"<p>Det ballistiska tornet flex (BTF) kan anv\u00e4ndas som ett topp- eller sidotorn och kan kombineras med alla tillg\u00e4ngliga riktmedel. Det kan konfigureras separat och g\u00f6r att du alltid kan h\u00e5lla m\u00e5let p\u00e5 \u00f6nskat avst\u00e5nd. BTF kan monteras utan verktyg och har en l\u00e5smekanism som f\u00f6rhindrar att du vrider det oavsiktligt. Passar alla Z8i-modeller.<\/p>\n","protected":false},"featured_media":260319,"comment_status":"open","ping_status":"closed","template":"","meta":[],"product_brand":[],"product_cat":[2526,2524],"product_tag":[],"class_list":{"0":"post-286473","1":"product","2":"type-product","3":"status-publish","4":"has-post-thumbnail","6":"product_cat-kikarsikten-och-optik","7":"product_cat-optiktillbehor","9":"first","10":"outofstock","11":"taxable","12":"shipping-taxable","13":"purchasable","14":"product-type-simple"},"composite_virtual":false,"composite_layout":"","composite_add_to_cart_form_location":"","composite_editable_in_cart":false,"composite_sold_individually_context":"","composite_shop_price_calc":"","composite_components":[],"composite_scenarios":[],"group_of_quantity":0,"min_quantity":0,"max_quantity":"","exclude_order_quantity_value_rules":"no","exclude_category_quantity_rules":"no","combine_variations":"no","exclude_global_add_ons":[],"addons":[],"_links":{"self":[{"href":"https:\/\/www.huntersfriend.eu\/sv\/wp-json\/wp\/v2\/product\/286473","targetHints":{"allow":["GET"]}}],"collection":[{"href":"https:\/\/www.huntersfriend.eu\/sv\/wp-json\/wp\/v2\/product"}],"about":[{"href":"https:\/\/www.huntersfriend.eu\/sv\/wp-json\/wp\/v2\/types\/product"}],"replies":[{"embeddable":true,"href":"https:\/\/www.huntersfriend.eu\/sv\/wp-json\/wp\/v2\/comments?post=286473"}],"wp:featuredmedia":[{"embeddable":true,"href":"https:\/\/www.huntersfriend.eu\/sv\/wp-json\/wp\/v2\/media\/260319"}],"wp:attachment":[{"href":"https:\/\/www.huntersfriend.eu\/sv\/wp-json\/wp\/v2\/media?parent=286473"}],"wp:term":[{"taxonomy":"product_brand","embeddable":true,"href":"https:\/\/www.huntersfriend.eu\/sv\/wp-json\/wp\/v2\/product_brand?post=286473"},{"taxonomy":"product_cat","embeddable":true,"href":"https:\/\/www.huntersfriend.eu\/sv\/wp-json\/wp\/v2\/product_cat?post=286473"},{"taxonomy":"product_tag","embeddable":true,"href":"https:\/\/www.huntersfriend.eu\/sv\/wp-json\/wp\/v2\/product_tag?post=286473"}],"curies":[{"name":"wp","href":"https:\/\/api.w.org\/{rel}","templated":true}]}}