{"id":286468,"date":"2024-03-14T01:32:07","date_gmt":"2024-03-13T23:32:07","guid":{"rendered":"https:\/\/www.huntersfriend.eu\/product\/qad-integrerad-mx2-pilhylla-rh\/"},"modified":"2026-03-13T08:44:15","modified_gmt":"2026-03-13T06:44:15","slug":"qad-integrerad-mx2-pilhylla-rh","status":"publish","type":"product","link":"https:\/\/www.huntersfriend.eu\/sv\/produkt\/qad-integrerad-mx2-pilhylla-rh\/","title":{"rendered":"QAD integrerad MX2 pilhylla RH"},"content":{"rendered":"<p><strong>ULTRAREST\u00ae Integrate MX2<\/strong> \u00e4r en banbrytande &#8221;drop-away&#8221;-pilhylla designad av <strong>Quality Archery Designs (QAD)<\/strong>.<\/p>\n<ol>\n<li><strong>Mikroklickteknik<\/strong>:\n<ul>\n<li>Integrate MX2\u00ae har f\u00f6rstklassig mikroklickteknik. Med en enkel vridning p\u00e5 knappen kan du g\u00f6ra exakta justeringar av ditt skott. <\/li>\n<li>Varje klick motsvarar en justering p\u00e5 <strong>0,0019 tum<\/strong>, vilket s\u00e4kerst\u00e4ller maximal precision.<\/li>\n<li>Hyllan har maskinbearbetade markeringar och riktningspilar, vilket g\u00f6r finjusteringar till en barnlek.<\/li>\n<\/ul>\n<\/li>\n<li><strong>Konstruktion och material<\/strong>:\n<ul>\n<li>Integrate MX2\u00ae \u00e4r byggd f\u00f6r att t\u00e5la tuffa f\u00f6rh\u00e5llanden. Dess stomme, launcher och pilh\u00e5llarst\u00e5ng \u00e4r alla tillverkade av <strong>precisionsbearbetad aluminium av flygplansgrad<\/strong>. <\/li>\n<li>Denna avvikelse fr\u00e5n plastdelar s\u00e4kerst\u00e4ller h\u00e5llbarhet och tillf\u00f6rlitlighet.<\/li>\n<li>Dessutom har hyllan <strong>noll-studs-teknik<\/strong>, vilket uppfyller f\u00f6rv\u00e4ntningarna hos kr\u00e4vande b\u00e5gskyttar.<\/li>\n<\/ul>\n<\/li>\n<li><strong>Ytterligare funktioner<\/strong>:\n<ul>\n<li><strong>Total inneslutning<\/strong>: Hyllan h\u00e5ller din pil s\u00e4kert under hela dragcykeln.<\/li>\n<li><strong>Lock-Down-teknik<\/strong>: S\u00e4kerst\u00e4ller stabilitet och minimerar r\u00f6relser under kritiska \u00f6gonblick.<\/li>\n<li><strong>Drop-Away-mekanism<\/strong>: Hyllan faller bort exakt n\u00e4r du sl\u00e4pper str\u00e4ngen, vilket minimerar st\u00f6rningar i pilens flykt.<\/li>\n<li><strong>L\u00e5ngsam neds\u00e4nkning<\/strong>: Ger en j\u00e4mn och kontrollerad nedstigning f\u00f6r konsekvent noggrannhet.<\/li>\n<\/ul>\n<\/li>\n<\/ol>\n<p>Sammanfattningsvis kombinerar ULTRAREST\u00ae Integrate MX2 precision, h\u00e5llbarhet och avancerade funktioner f\u00f6r att f\u00f6rb\u00e4ttra din skytteupplevelse. Oavsett om du \u00e4r en erfaren b\u00e5gskytt eller nyb\u00f6rjare levererar denna hylla f\u00f6rstklassig prestanda. <\/p>\n<p>Denna hylla \u00e4r speciellt utformad f\u00f6r b\u00e5gar med en inline-monteringspunkt och kan inte anv\u00e4ndas p\u00e5 standard Berger Hole-monteringspunkten.<\/p>\n","protected":false},"excerpt":{"rendered":"<p>ULTRAREST\u00ae Integrate MX2 \u00e4r en banbrytande &#8221;drop-away&#8221;-pilhylla designad av Quality Archery Designs (QAD). Mikroklickteknik: Integrate MX2\u00ae har f\u00f6rstklassig mikroklickteknik. Med en enkel vridning p\u00e5 knappen kan du g\u00f6ra exakta justeringar av ditt skott. Varje klick motsvarar en justering p\u00e5 0,0019 tum, vilket s\u00e4kerst\u00e4ller maximal precision. Hyllan har maskinbearbetade markeringar och riktningspilar, vilket g\u00f6r finjusteringar till [&#8230;]\n","protected":false},"featured_media":265762,"comment_status":"open","ping_status":"closed","template":"","meta":[],"product_brand":[],"product_cat":[2668],"product_tag":[],"class_list":{"0":"post-286468","1":"product","2":"type-product","3":"status-publish","4":"has-post-thumbnail","6":"product_cat-compound-drop-away-hyllor","8":"first","9":"instock","10":"taxable","11":"shipping-taxable","12":"purchasable","13":"product-type-simple"},"composite_virtual":false,"composite_layout":"","composite_add_to_cart_form_location":"","composite_editable_in_cart":false,"composite_sold_individually_context":"","composite_shop_price_calc":"","composite_components":[],"composite_scenarios":[],"group_of_quantity":0,"min_quantity":0,"max_quantity":"","exclude_order_quantity_value_rules":"no","exclude_category_quantity_rules":"no","combine_variations":"no","exclude_global_add_ons":[],"addons":[],"_links":{"self":[{"href":"https:\/\/www.huntersfriend.eu\/sv\/wp-json\/wp\/v2\/product\/286468","targetHints":{"allow":["GET"]}}],"collection":[{"href":"https:\/\/www.huntersfriend.eu\/sv\/wp-json\/wp\/v2\/product"}],"about":[{"href":"https:\/\/www.huntersfriend.eu\/sv\/wp-json\/wp\/v2\/types\/product"}],"replies":[{"embeddable":true,"href":"https:\/\/www.huntersfriend.eu\/sv\/wp-json\/wp\/v2\/comments?post=286468"}],"wp:featuredmedia":[{"embeddable":true,"href":"https:\/\/www.huntersfriend.eu\/sv\/wp-json\/wp\/v2\/media\/265762"}],"wp:attachment":[{"href":"https:\/\/www.huntersfriend.eu\/sv\/wp-json\/wp\/v2\/media?parent=286468"}],"wp:term":[{"taxonomy":"product_brand","embeddable":true,"href":"https:\/\/www.huntersfriend.eu\/sv\/wp-json\/wp\/v2\/product_brand?post=286468"},{"taxonomy":"product_cat","embeddable":true,"href":"https:\/\/www.huntersfriend.eu\/sv\/wp-json\/wp\/v2\/product_cat?post=286468"},{"taxonomy":"product_tag","embeddable":true,"href":"https:\/\/www.huntersfriend.eu\/sv\/wp-json\/wp\/v2\/product_tag?post=286468"}],"curies":[{"name":"wp","href":"https:\/\/api.w.org\/{rel}","templated":true}]}}