{"id":286467,"date":"2024-03-14T11:09:16","date_gmt":"2024-03-14T09:09:16","guid":{"rendered":"https:\/\/www.huntersfriend.eu\/product\/eberlestock-multipack-ficka\/"},"modified":"2025-08-26T11:39:44","modified_gmt":"2025-08-26T09:39:44","slug":"eberlestock-multipack-ficka","status":"publish","type":"product","link":"https:\/\/www.huntersfriend.eu\/sv\/produkt\/eberlestock-multipack-ficka\/","title":{"rendered":"Eberlestock MultiPack-ficka"},"content":{"rendered":"<p>Multipack\u2122 best\u00e5r av totalt 10 fickor, fr\u00e5n sidofickor med sp\u00e4nne som fungerar bra f\u00f6r en GPS, vinddetektor och andra f\u00f6rem\u00e5l av liknande storlek. Huvudfacket har en inv\u00e4ndig ficka med dragkedja samt 5 elastiska fickor i olika storlekar. <\/p>\n<p>Multipack \u00e4r utformad f\u00f6r att f\u00e4stas var som helst med MOLLE-v\u00e4v, men kan ocks\u00e5 monteras p\u00e5 Chest Pack Harness med hj\u00e4lp av 20 mm-sp\u00e4nnen f\u00f6r att fungera oberoende p\u00e5 br\u00f6stet.<\/p>\n<div>\n<p>TEKNISKA <strong>SPECIFIKATIONER<\/strong><\/p>\n<ul>\n<li>Totala m\u00e5tt: 15 cm (h) x 27 cm (b) x 8 cm (d)<\/li>\n<li>Huvudfackets m\u00e5tt: 15 cm (h) x 20 cm (b) x 8 cm (d)<\/li>\n<li>Vikt: 227 g<\/li>\n<\/ul>\n<\/div>\n","protected":false},"excerpt":{"rendered":"<p>Multipack\u2122 best\u00e5r av totalt 10 fickor, fr\u00e5n sidofickor med sp\u00e4nne som fungerar bra f\u00f6r en GPS, vinddetektor och andra f\u00f6rem\u00e5l av liknande storlek. Huvudfacket har en inv\u00e4ndig ficka med dragkedja samt 5 elastiska fickor i olika storlekar. Multipack \u00e4r utformad f\u00f6r att f\u00e4stas var som helst med MOLLE-v\u00e4v, men kan ocks\u00e5 monteras p\u00e5 Chest Pack [&#8230;]\n","protected":false},"featured_media":265832,"comment_status":"open","ping_status":"closed","template":"","meta":[],"product_brand":[],"product_cat":[2565],"product_tag":[],"class_list":{"0":"post-286467","1":"product","2":"type-product","3":"status-publish","4":"has-post-thumbnail","6":"product_cat-jaktryggsackar","8":"first","9":"instock","10":"taxable","11":"shipping-taxable","12":"purchasable","13":"product-type-variable"},"composite_virtual":false,"composite_layout":"","composite_add_to_cart_form_location":"","composite_editable_in_cart":false,"composite_sold_individually_context":"","composite_shop_price_calc":"","composite_components":[],"composite_scenarios":[],"group_of_quantity":0,"min_quantity":0,"max_quantity":"","exclude_order_quantity_value_rules":"no","exclude_category_quantity_rules":"no","combine_variations":"no","exclude_global_add_ons":[],"addons":[],"_links":{"self":[{"href":"https:\/\/www.huntersfriend.eu\/sv\/wp-json\/wp\/v2\/product\/286467","targetHints":{"allow":["GET"]}}],"collection":[{"href":"https:\/\/www.huntersfriend.eu\/sv\/wp-json\/wp\/v2\/product"}],"about":[{"href":"https:\/\/www.huntersfriend.eu\/sv\/wp-json\/wp\/v2\/types\/product"}],"replies":[{"embeddable":true,"href":"https:\/\/www.huntersfriend.eu\/sv\/wp-json\/wp\/v2\/comments?post=286467"}],"wp:featuredmedia":[{"embeddable":true,"href":"https:\/\/www.huntersfriend.eu\/sv\/wp-json\/wp\/v2\/media\/265832"}],"wp:attachment":[{"href":"https:\/\/www.huntersfriend.eu\/sv\/wp-json\/wp\/v2\/media?parent=286467"}],"wp:term":[{"taxonomy":"product_brand","embeddable":true,"href":"https:\/\/www.huntersfriend.eu\/sv\/wp-json\/wp\/v2\/product_brand?post=286467"},{"taxonomy":"product_cat","embeddable":true,"href":"https:\/\/www.huntersfriend.eu\/sv\/wp-json\/wp\/v2\/product_cat?post=286467"},{"taxonomy":"product_tag","embeddable":true,"href":"https:\/\/www.huntersfriend.eu\/sv\/wp-json\/wp\/v2\/product_tag?post=286467"}],"curies":[{"name":"wp","href":"https:\/\/api.w.org\/{rel}","templated":true}]}}