{"id":286460,"date":"2024-03-12T00:52:14","date_gmt":"2024-03-11T22:52:14","guid":{"rendered":"https:\/\/www.huntersfriend.eu\/product\/tactacam-reveal-x-gen-2-0-atelkamera\/"},"modified":"2025-08-26T11:39:43","modified_gmt":"2025-08-26T09:39:43","slug":"tactacam-reveal-x-gen-2-0-atelkamera","status":"publish","type":"product","link":"https:\/\/www.huntersfriend.eu\/sv\/produkt\/tactacam-reveal-x-gen-2-0-atelkamera\/","title":{"rendered":"Tactacam REVEAL x GEN 2.0 \u00c5telkamera"},"content":{"rendered":"<p>Tactacams REVEAL X 2.0 kombinerar l\u00e5ngvarig effekt med anm\u00e4rkningsv\u00e4rd bildkvalitet, dag som natt. X 2.0 har f\u00f6rdelen med l\u00e5gintensiv IR, vilket ger den snabbaste slutartriggern, l\u00e4ngsta r\u00e4ckvidden och tydligaste bilderna med minimal eller ingen r\u00f6relseosk\u00e4rpa, \u00e4ven p\u00e5 natten! V\u00e4derbest\u00e4ndig kropp, omedelbar fotoleverans och enkel anv\u00e4ndning g\u00f6r detta till en mobilkamera som \u00e4r ett m\u00e5ste f\u00f6r all fj\u00e4rr- eller utomhus\u00f6vervakning.  <\/p>\n<h3>Teknisk specifikation<\/h3>\n<ul>\n<li>Garanti: 1 \u00e5r fr\u00e5n aktiveringsdatum<\/li>\n<li>Mobiln\u00e4tverk: LTE<\/li>\n<li>Mobiloperat\u00f6r: Verizon, AT<\/li>\n<li>Fotouppl\u00f6sning: 16MP<\/li>\n<li>Blixtr\u00e4ckvidd: 29 m<\/li>\n<li>Minne: Kr\u00e4ver Class 10, U3 SD-kort, 32 GB<\/li>\n<li>Str\u00f6m: 12 AA-batterier (ing\u00e5r ej)<\/li>\n<li>Extern str\u00f6m: DC 12V-ing\u00e5ng<\/li>\n<\/ul>\n<h3>Dataabonnemang<\/h3>\n<p>StarterPlan: 250 bilder\/m\u00e5nad \u2013 5 \u20ac\/m\u00e5nad eller 55 \u20ac\/\u00e5r<\/p>\n<p>IntermediatePlan: 500 bilder\/m\u00e5nad \u2013 8 \u20ac\/m\u00e5nad eller 85 \u20ac\/\u00e5r<\/p>\n<p>ProPlan: Obegr\u00e4nsat antal bilder \u2013 13 \u20ac\/m\u00e5nad eller 120 \u20ac\/\u00e5r<\/p>\n<p>ProXtra: Obegr\u00e4nsat antal HD-bilder och videor 9 \u20ac\/m\u00e5nad.<\/p>\n","protected":false},"excerpt":{"rendered":"<p>Tactacams REVEAL X 2.0 kombinerar l\u00e5ngvarig effekt med anm\u00e4rkningsv\u00e4rd bildkvalitet, dag som natt. X 2.0 har f\u00f6rdelen med l\u00e5gintensiv IR, vilket ger den snabbaste slutartriggern, l\u00e4ngsta r\u00e4ckvidden och tydligaste bilderna med minimal eller ingen r\u00f6relseosk\u00e4rpa, \u00e4ven p\u00e5 natten! V\u00e4derbest\u00e4ndig kropp, omedelbar fotoleverans och enkel anv\u00e4ndning g\u00f6r detta till en mobilkamera som \u00e4r ett m\u00e5ste f\u00f6r [&#8230;]\n","protected":false},"featured_media":286462,"comment_status":"open","ping_status":"closed","template":"","meta":[],"product_brand":[],"product_cat":[878],"product_tag":[],"class_list":{"0":"post-286460","1":"product","2":"type-product","3":"status-publish","4":"has-post-thumbnail","6":"product_cat-uncategorized-sv","8":"first","9":"outofstock","10":"taxable","11":"shipping-taxable","12":"purchasable","13":"product-type-simple"},"composite_virtual":false,"composite_layout":"","composite_add_to_cart_form_location":"","composite_editable_in_cart":false,"composite_sold_individually_context":"","composite_shop_price_calc":"","composite_components":[],"composite_scenarios":[],"group_of_quantity":0,"min_quantity":0,"max_quantity":"","exclude_order_quantity_value_rules":"no","exclude_category_quantity_rules":"no","combine_variations":"no","exclude_global_add_ons":[],"addons":[],"_links":{"self":[{"href":"https:\/\/www.huntersfriend.eu\/sv\/wp-json\/wp\/v2\/product\/286460","targetHints":{"allow":["GET"]}}],"collection":[{"href":"https:\/\/www.huntersfriend.eu\/sv\/wp-json\/wp\/v2\/product"}],"about":[{"href":"https:\/\/www.huntersfriend.eu\/sv\/wp-json\/wp\/v2\/types\/product"}],"replies":[{"embeddable":true,"href":"https:\/\/www.huntersfriend.eu\/sv\/wp-json\/wp\/v2\/comments?post=286460"}],"wp:featuredmedia":[{"embeddable":true,"href":"https:\/\/www.huntersfriend.eu\/sv\/wp-json\/wp\/v2\/media\/286462"}],"wp:attachment":[{"href":"https:\/\/www.huntersfriend.eu\/sv\/wp-json\/wp\/v2\/media?parent=286460"}],"wp:term":[{"taxonomy":"product_brand","embeddable":true,"href":"https:\/\/www.huntersfriend.eu\/sv\/wp-json\/wp\/v2\/product_brand?post=286460"},{"taxonomy":"product_cat","embeddable":true,"href":"https:\/\/www.huntersfriend.eu\/sv\/wp-json\/wp\/v2\/product_cat?post=286460"},{"taxonomy":"product_tag","embeddable":true,"href":"https:\/\/www.huntersfriend.eu\/sv\/wp-json\/wp\/v2\/product_tag?post=286460"}],"curies":[{"name":"wp","href":"https:\/\/api.w.org\/{rel}","templated":true}]}}