{"id":286449,"date":"2024-03-14T10:41:32","date_gmt":"2024-03-14T08:41:32","guid":{"rendered":"https:\/\/www.huntersfriend.eu\/product\/eberlestock-recon-modular-kikarpase\/"},"modified":"2025-11-21T05:59:46","modified_gmt":"2025-11-21T03:59:46","slug":"eberlestock-recon-modular-kikarpase","status":"publish","type":"product","link":"https:\/\/www.huntersfriend.eu\/sv\/produkt\/eberlestock-recon-modular-kikarpase\/","title":{"rendered":"Eberlestock Recon modul\u00e4r kikarp\u00e5se"},"content":{"rendered":"<p>Recon Modular Bino Harness \u00e4r designad med modularitet i fokus och \u00e4r baserad p\u00e5 en br\u00f6stplattform som kan skalas upp eller ner beroende p\u00e5 dina behov med en upps\u00e4ttning tillbeh\u00f6r. Den har en magnetisk fram\u00e5tdragande \u00e5tkomst till kikarfickan, en l\u00e4tt\u00e5tkomlig stor dragkedjef\u00f6rsedd framficka och stretchiga sidofickor. Tv\u00e5 kikarremmar inuti h\u00e5ller din kikare s\u00e4ker inuti. L\u00e5gprofilerade MOLLE-kompatibla vingar och bakpanel g\u00f6r att du s\u00e4kert kan l\u00e4gga till Recon-fickor och tillbeh\u00f6r.   <\/p>\n<p>\u201cDet eniga valet som den b\u00e4sta kikarselen i v\u00e5rt f\u00e4lt, Eberlestock Recon erbjuder utm\u00e4rkt kikarsskydd, men dess fr\u00e4msta tillg\u00e5ng \u00e4r hur enkelt tillbeh\u00f6r kan f\u00e4stas p\u00e5 basenheten.<\/p>\n<p>Bas-Recon g\u00f6r sitt jobb, b\u00e4r och skyddar en kikare, med stil och l\u00e4tthet, och \u00e4r en av de <strong>b\u00e4sta allround-kikarselarna<\/strong> v\u00e5ra testare n\u00e5gonsin har st\u00f6tt p\u00e5.\u201d &#8211; Outdoor Life<\/p>\n<div>\n<p>TEKNISKA <strong>SPECIFIKATIONER<\/strong><\/p>\n<ul>\n<li>Stora interna m\u00e5tt: 22,9 H x 14 B x 6,4 D cm<\/li>\n<li>Sm\u00e5 interna m\u00e5tt: 20,3 H x 14 B x 6,4 D cm<\/li>\n<li>Vikt: 385 g<\/li>\n<li>En storlek passar de flesta<\/li>\n<\/ul>\n<\/div>\n<div>\n<p>RYGGS\u00c4CKENS <strong>FUNKTIONER<\/strong><\/p>\n<ul>\n<li>Magnetisk st\u00e4ngning f\u00f6r att h\u00e5lla kikaren s\u00e4ker och tillg\u00e4nglig<\/li>\n<li>EMOD-kompatibel med sex tillg\u00e4ngliga tillbeh\u00f6r<\/li>\n<li>L\u00e4tt\u00e5tkomlig stor dragkedjef\u00f6rsedd framficka<\/li>\n<li>Dubbla stretchiga sidofickor<\/li>\n<li>Justerbar fram\u00e5tdragande axelrem<\/li>\n<li>L\u00e5gprofilerade MOLLE-kompatibla vingar<\/li>\n<\/ul>\n<\/div>\n","protected":false},"excerpt":{"rendered":"<p>Recon Modular Bino Harness \u00e4r designad med modularitet i fokus och \u00e4r baserad p\u00e5 en br\u00f6stplattform som kan skalas upp eller ner beroende p\u00e5 dina behov med en upps\u00e4ttning tillbeh\u00f6r. Den har en magnetisk fram\u00e5tdragande \u00e5tkomst till kikarfickan, en l\u00e4tt\u00e5tkomlig stor dragkedjef\u00f6rsedd framficka och stretchiga sidofickor. Tv\u00e5 kikarremmar inuti h\u00e5ller din kikare s\u00e4ker inuti. L\u00e5gprofilerade [&#8230;]\n","protected":false},"featured_media":265810,"comment_status":"open","ping_status":"closed","template":"","meta":[],"product_brand":[],"product_cat":[2820],"product_tag":[],"class_list":{"0":"post-286449","1":"product","2":"type-product","3":"status-publish","4":"has-post-thumbnail","6":"product_cat-kikarselesar","8":"first","9":"outofstock","10":"taxable","11":"shipping-taxable","12":"purchasable","13":"product-type-variable"},"composite_virtual":false,"composite_layout":"","composite_add_to_cart_form_location":"","composite_editable_in_cart":false,"composite_sold_individually_context":"","composite_shop_price_calc":"","composite_components":[],"composite_scenarios":[],"group_of_quantity":0,"min_quantity":0,"max_quantity":"","exclude_order_quantity_value_rules":"no","exclude_category_quantity_rules":"no","combine_variations":"no","exclude_global_add_ons":[],"addons":[],"_links":{"self":[{"href":"https:\/\/www.huntersfriend.eu\/sv\/wp-json\/wp\/v2\/product\/286449","targetHints":{"allow":["GET"]}}],"collection":[{"href":"https:\/\/www.huntersfriend.eu\/sv\/wp-json\/wp\/v2\/product"}],"about":[{"href":"https:\/\/www.huntersfriend.eu\/sv\/wp-json\/wp\/v2\/types\/product"}],"replies":[{"embeddable":true,"href":"https:\/\/www.huntersfriend.eu\/sv\/wp-json\/wp\/v2\/comments?post=286449"}],"wp:featuredmedia":[{"embeddable":true,"href":"https:\/\/www.huntersfriend.eu\/sv\/wp-json\/wp\/v2\/media\/265810"}],"wp:attachment":[{"href":"https:\/\/www.huntersfriend.eu\/sv\/wp-json\/wp\/v2\/media?parent=286449"}],"wp:term":[{"taxonomy":"product_brand","embeddable":true,"href":"https:\/\/www.huntersfriend.eu\/sv\/wp-json\/wp\/v2\/product_brand?post=286449"},{"taxonomy":"product_cat","embeddable":true,"href":"https:\/\/www.huntersfriend.eu\/sv\/wp-json\/wp\/v2\/product_cat?post=286449"},{"taxonomy":"product_tag","embeddable":true,"href":"https:\/\/www.huntersfriend.eu\/sv\/wp-json\/wp\/v2\/product_tag?post=286449"}],"curies":[{"name":"wp","href":"https:\/\/api.w.org\/{rel}","templated":true}]}}