{"id":286443,"date":"2024-03-14T10:20:28","date_gmt":"2024-03-14T08:20:28","guid":{"rendered":"https:\/\/www.huntersfriend.eu\/product\/eberlestock-skjutstod-for-ryggsack\/"},"modified":"2025-08-26T11:39:40","modified_gmt":"2025-08-26T09:39:40","slug":"eberlestock-skjutstod-for-ryggsack","status":"publish","type":"product","link":"https:\/\/www.huntersfriend.eu\/sv\/produkt\/eberlestock-skjutstod-for-ryggsack\/","title":{"rendered":"Eberlestock skjutst\u00f6d f\u00f6r ryggs\u00e4ck"},"content":{"rendered":"<p>Det ultral\u00e4tta skjutst\u00f6det f\u00f6r ryggs\u00e4ck fungerar som en f\u00f6rkonstruerad skjutkanal f\u00f6r snabb och stabil siktbild. Du kan f\u00e4sta det p\u00e5 vilken 3-bred MOLLE-panel som helst med hj\u00e4lp av de inbyggda f\u00e4stkl\u00e4mmorna. Detta enkla st\u00f6d \u00e4r ett utm\u00e4rkt, l\u00e4ttviktigt alternativ till skjutk\u00e4ppar, benst\u00f6d och h\u00e5rdvarubaserade skjutst\u00f6d.  <\/p>\n<p><strong>PRODUKTINFORMATION<\/strong><\/p>\n<ul>\n<li>M\u00e5tt: 15 cm H x 15 cm B x 7,6 cm D<\/li>\n<li>Vikt: 85 g<\/li>\n<\/ul>\n","protected":false},"excerpt":{"rendered":"<p>Det ultral\u00e4tta skjutst\u00f6det f\u00f6r ryggs\u00e4ck fungerar som en f\u00f6rkonstruerad skjutkanal f\u00f6r snabb och stabil siktbild. Du kan f\u00e4sta det p\u00e5 vilken 3-bred MOLLE-panel som helst med hj\u00e4lp av de inbyggda f\u00e4stkl\u00e4mmorna. Detta enkla st\u00f6d \u00e4r ett utm\u00e4rkt, l\u00e4ttviktigt alternativ till skjutk\u00e4ppar, benst\u00f6d och h\u00e5rdvarubaserade skjutst\u00f6d. PRODUKTINFORMATION M\u00e5tt: 15 cm H x 15 cm B x [&#8230;]\n","protected":false},"featured_media":265803,"comment_status":"open","ping_status":"closed","template":"","meta":[],"product_brand":[],"product_cat":[2565],"product_tag":[],"class_list":{"0":"post-286443","1":"product","2":"type-product","3":"status-publish","4":"has-post-thumbnail","6":"product_cat-jaktryggsackar","8":"first","9":"instock","10":"taxable","11":"shipping-taxable","12":"purchasable","13":"product-type-variable"},"composite_virtual":false,"composite_layout":"","composite_add_to_cart_form_location":"","composite_editable_in_cart":false,"composite_sold_individually_context":"","composite_shop_price_calc":"","composite_components":[],"composite_scenarios":[],"group_of_quantity":0,"min_quantity":0,"max_quantity":"","exclude_order_quantity_value_rules":"no","exclude_category_quantity_rules":"no","combine_variations":"no","exclude_global_add_ons":[],"addons":[],"_links":{"self":[{"href":"https:\/\/www.huntersfriend.eu\/sv\/wp-json\/wp\/v2\/product\/286443","targetHints":{"allow":["GET"]}}],"collection":[{"href":"https:\/\/www.huntersfriend.eu\/sv\/wp-json\/wp\/v2\/product"}],"about":[{"href":"https:\/\/www.huntersfriend.eu\/sv\/wp-json\/wp\/v2\/types\/product"}],"replies":[{"embeddable":true,"href":"https:\/\/www.huntersfriend.eu\/sv\/wp-json\/wp\/v2\/comments?post=286443"}],"wp:featuredmedia":[{"embeddable":true,"href":"https:\/\/www.huntersfriend.eu\/sv\/wp-json\/wp\/v2\/media\/265803"}],"wp:attachment":[{"href":"https:\/\/www.huntersfriend.eu\/sv\/wp-json\/wp\/v2\/media?parent=286443"}],"wp:term":[{"taxonomy":"product_brand","embeddable":true,"href":"https:\/\/www.huntersfriend.eu\/sv\/wp-json\/wp\/v2\/product_brand?post=286443"},{"taxonomy":"product_cat","embeddable":true,"href":"https:\/\/www.huntersfriend.eu\/sv\/wp-json\/wp\/v2\/product_cat?post=286443"},{"taxonomy":"product_tag","embeddable":true,"href":"https:\/\/www.huntersfriend.eu\/sv\/wp-json\/wp\/v2\/product_tag?post=286443"}],"curies":[{"name":"wp","href":"https:\/\/api.w.org\/{rel}","templated":true}]}}