{"id":286441,"date":"2024-03-07T01:40:22","date_gmt":"2024-03-06T23:40:22","guid":{"rendered":"https:\/\/www.huntersfriend.eu\/product\/xecutioner-100-gr-mekaniskt-jaktspets\/"},"modified":"2025-08-26T11:39:36","modified_gmt":"2025-08-26T09:39:36","slug":"xecutioner-100-gr-mekaniskt-jaktspets","status":"publish","type":"product","link":"https:\/\/www.huntersfriend.eu\/sv\/produkt\/xecutioner-100-gr-mekaniskt-jaktspets\/","title":{"rendered":"Xecutioner 100 gr mekaniskt jaktspets"},"content":{"rendered":"<p>XECUTIONER, expanderbar jaktspets i svart \u00e4r det perfekta tillskottet till alla j\u00e4gares arsenal. Med sin mekaniska design expanderar denna jaktspets vid tr\u00e4ff och levererar ett f\u00f6r\u00f6dande slag mot ditt m\u00e5l. Dess expanderbara natur inneb\u00e4r att den kan skapa en stor s\u00e5rkanal, vilket \u00f6kar sannolikheten f\u00f6r en snabb och etisk d\u00f6d. Oavsett om du jagar r\u00e5djur, \u00e4lg eller annat vilt \u00e4r den expanderbara jaktspetsen i svart ett p\u00e5litligt och effektivt val f\u00f6r alla jakt\u00e4ventyr.   <\/p>\n<p>Xecutioner har v\u00e4rldens enda justerbara sk\u00e4rstorlek, s\u00e5 den kan trimmas ner f\u00f6r mer kraftfulla b\u00e5gar.<\/p>\n<ul>\n<li>4 expanderbara jaktspetsar<\/li>\n<li>Kompatibel med armborst<\/li>\n<li>M\u00f6jlighet till vertikal b\u00e5ge<\/li>\n<li>V\u00e4rldens enda justerbara mekaniska jaktspets<\/li>\n<li>Sk\u00e4r vid kontakt<\/li>\n<li>2,5 tum och 1 3\/4 tums sk\u00e4rdiameter<\/li>\n<li>Justerbar fr\u00e5n 1,3\/4 tums sk\u00e4rdiameter<\/li>\n<li>100 grains<\/li>\n<li>F\u00e4ltpunktsnoggrannhet<\/li>\n<li>V\u00e4rldens enda justerbara viktjaktspets<\/li>\n<\/ul>\n","protected":false},"excerpt":{"rendered":"<p>4-pack<\/p>\n","protected":false},"featured_media":265395,"comment_status":"open","ping_status":"closed","template":"","meta":[],"product_brand":[],"product_cat":[2647,2765],"product_tag":[],"class_list":{"0":"post-286441","1":"product","2":"type-product","3":"status-publish","4":"has-post-thumbnail","6":"product_cat-broadheads-jakt","7":"product_cat-fyndlada-slutrea","9":"first","10":"instock","11":"sale","12":"featured","13":"taxable","14":"shipping-taxable","15":"purchasable","16":"product-type-simple"},"composite_virtual":false,"composite_layout":"","composite_add_to_cart_form_location":"","composite_editable_in_cart":false,"composite_sold_individually_context":"","composite_shop_price_calc":"","composite_components":[],"composite_scenarios":[],"group_of_quantity":0,"min_quantity":0,"max_quantity":"","exclude_order_quantity_value_rules":"no","exclude_category_quantity_rules":"no","combine_variations":"no","exclude_global_add_ons":[],"addons":[],"_links":{"self":[{"href":"https:\/\/www.huntersfriend.eu\/sv\/wp-json\/wp\/v2\/product\/286441","targetHints":{"allow":["GET"]}}],"collection":[{"href":"https:\/\/www.huntersfriend.eu\/sv\/wp-json\/wp\/v2\/product"}],"about":[{"href":"https:\/\/www.huntersfriend.eu\/sv\/wp-json\/wp\/v2\/types\/product"}],"replies":[{"embeddable":true,"href":"https:\/\/www.huntersfriend.eu\/sv\/wp-json\/wp\/v2\/comments?post=286441"}],"wp:featuredmedia":[{"embeddable":true,"href":"https:\/\/www.huntersfriend.eu\/sv\/wp-json\/wp\/v2\/media\/265395"}],"wp:attachment":[{"href":"https:\/\/www.huntersfriend.eu\/sv\/wp-json\/wp\/v2\/media?parent=286441"}],"wp:term":[{"taxonomy":"product_brand","embeddable":true,"href":"https:\/\/www.huntersfriend.eu\/sv\/wp-json\/wp\/v2\/product_brand?post=286441"},{"taxonomy":"product_cat","embeddable":true,"href":"https:\/\/www.huntersfriend.eu\/sv\/wp-json\/wp\/v2\/product_cat?post=286441"},{"taxonomy":"product_tag","embeddable":true,"href":"https:\/\/www.huntersfriend.eu\/sv\/wp-json\/wp\/v2\/product_tag?post=286441"}],"curies":[{"name":"wp","href":"https:\/\/api.w.org\/{rel}","templated":true}]}}