{"id":286440,"date":"2024-02-17T01:12:13","date_gmt":"2024-02-16T23:12:13","guid":{"rendered":"https:\/\/www.huntersfriend.eu\/product\/avalon-speedy-portabel-bagpress\/"},"modified":"2026-04-27T14:37:20","modified_gmt":"2026-04-27T12:37:20","slug":"avalon-speedy-portabel-bagpress","status":"publish","type":"product","link":"https:\/\/www.huntersfriend.eu\/sv\/produkt\/avalon-speedy-portabel-bagpress\/","title":{"rendered":"Avalon Speedy portabel b\u00e5gpress"},"content":{"rendered":"<p>Universell portabel b\u00e5gpress fr\u00e5n Avalon.<\/p>\n<ul>\n<li>Utm\u00e4rkt verktyg f\u00f6r att byta str\u00e4ng och kablar, installera ett peep-sight p\u00e5 nolltid.<\/li>\n<li>Kompakt och l\u00e4tt, perfekt att ha med sig p\u00e5 f\u00e4ltet.<\/li>\n<li>Snabb anpassning och enkel att anv\u00e4nda.<\/li>\n<li>Inkluderar mjukt fodral och extra gummih\u00f6ljen f\u00f6r krokar.<\/li>\n<li>Fungerar p\u00e5 alla compoundb\u00e5gar med enkla lemmar med min. 38 mm och max. 60 mm bredd (\u00f6ver- och underdel)  <\/li>\n<li>Fungerar p\u00e5 compoundb\u00e5gar med dubbla lemmar med en central \u00f6ppning p\u00e5 max. 21 mm (\u00f6ver- och underdel). <\/li>\n<\/ul>\n","protected":false},"excerpt":{"rendered":"<p>Universell portabel b\u00e5gpress fr\u00e5n Avalon. Utm\u00e4rkt verktyg f\u00f6r att byta str\u00e4ng och kablar, installera ett peep-sight p\u00e5 nolltid. Kompakt och l\u00e4tt, perfekt att ha med sig p\u00e5 f\u00e4ltet. Snabb anpassning och enkel att anv\u00e4nda. Inkluderar mjukt fodral och extra gummih\u00f6ljen f\u00f6r krokar. Fungerar p\u00e5 alla compoundb\u00e5gar med enkla lemmar med min. 38 mm och max. [&#8230;]\n","protected":false},"featured_media":265035,"comment_status":"open","ping_status":"closed","template":"","meta":[],"product_brand":[],"product_cat":[2845,2667],"product_tag":[],"class_list":{"0":"post-286440","1":"product","2":"type-product","3":"status-publish","4":"has-post-thumbnail","6":"product_cat-bagpressar","7":"product_cat-bagstativ-diverse","9":"first","10":"onbackorder","11":"taxable","12":"shipping-taxable","13":"purchasable","14":"product-type-simple"},"composite_virtual":false,"composite_layout":"","composite_add_to_cart_form_location":"","composite_editable_in_cart":false,"composite_sold_individually_context":"","composite_shop_price_calc":"","composite_components":[],"composite_scenarios":[],"group_of_quantity":0,"min_quantity":0,"max_quantity":"","exclude_order_quantity_value_rules":"no","exclude_category_quantity_rules":"no","combine_variations":"no","exclude_global_add_ons":[],"addons":[],"_links":{"self":[{"href":"https:\/\/www.huntersfriend.eu\/sv\/wp-json\/wp\/v2\/product\/286440","targetHints":{"allow":["GET"]}}],"collection":[{"href":"https:\/\/www.huntersfriend.eu\/sv\/wp-json\/wp\/v2\/product"}],"about":[{"href":"https:\/\/www.huntersfriend.eu\/sv\/wp-json\/wp\/v2\/types\/product"}],"replies":[{"embeddable":true,"href":"https:\/\/www.huntersfriend.eu\/sv\/wp-json\/wp\/v2\/comments?post=286440"}],"wp:featuredmedia":[{"embeddable":true,"href":"https:\/\/www.huntersfriend.eu\/sv\/wp-json\/wp\/v2\/media\/265035"}],"wp:attachment":[{"href":"https:\/\/www.huntersfriend.eu\/sv\/wp-json\/wp\/v2\/media?parent=286440"}],"wp:term":[{"taxonomy":"product_brand","embeddable":true,"href":"https:\/\/www.huntersfriend.eu\/sv\/wp-json\/wp\/v2\/product_brand?post=286440"},{"taxonomy":"product_cat","embeddable":true,"href":"https:\/\/www.huntersfriend.eu\/sv\/wp-json\/wp\/v2\/product_cat?post=286440"},{"taxonomy":"product_tag","embeddable":true,"href":"https:\/\/www.huntersfriend.eu\/sv\/wp-json\/wp\/v2\/product_tag?post=286440"}],"curies":[{"name":"wp","href":"https:\/\/api.w.org\/{rel}","templated":true}]}}